{"id":6089,"date":"2025-06-23T11:18:59","date_gmt":"2025-06-23T14:18:59","guid":{"rendered":"https:\/\/casadomarceneiroavare.com.br\/site\/?post_type=product&#038;p=6089"},"modified":"2025-06-23T11:19:04","modified_gmt":"2025-06-23T14:19:04","slug":"baldan-coladeira-de-borda-cbd-40-trif-220v","status":"publish","type":"product","link":"https:\/\/casadomarceneiroavare.com.br\/site\/produto\/baldan-coladeira-de-borda-cbd-40-trif-220v\/","title":{"rendered":"BALDAN COLADEIRA DE BORDA CBD-40 TRIF.220V"},"content":{"rendered":"<p data-start=\"149\" data-end=\"221\"><strong data-start=\"149\" data-end=\"221\">CBD-40XT \u2013 Efici\u00eancia e Versatilidade para Acabamentos Profissionais<\/strong><\/p>\n<p data-start=\"223\" data-end=\"373\"><span class=\"relative -mx-px my-[-0.2rem] rounded px-px py-[0.2rem] transition-colors duration-100 ease-in-out\">A coladeira de bordas CBD-40XT \u00e9 equipada com tr\u00eas grupos operacionais: cola, refila e raspa, garantindo um acabamento de alta qualidade.<\/span><\/p>\n<p data-start=\"223\" data-end=\"373\">\u00a0<span class=\"relative -mx-px my-[-0.2rem] rounded px-px py-[0.2rem] transition-colors duration-100 ease-in-out\">Seu sistema de duplo coleiro alternado permite a utiliza\u00e7\u00e3o de diferentes tipos de cola sem necessidade de limpeza entre trocas, otimizando o tempo de produ\u00e7\u00e3o.<\/span><\/p>\n<p data-start=\"223\" data-end=\"373\">\u00a0<span class=\"relative -mx-px my-[-0.2rem] rounded px-px py-[0.2rem] transition-colors duration-100 ease-in-out\">Projetada para trabalhar com pe\u00e7as a partir de 30 mm de largura, a CBD-40XT oferece velocidade de avan\u00e7o de 10 metros por minuto, atendendo \u00e0s demandas de marcenarias que buscam produtividade e precis\u00e3o.<\/span><\/p>\n<p data-start=\"223\" data-end=\"373\">&#8211;<\/p>\n<div class=\"desktop-seis colunas\">\n<ul>\n<li><strong>Comprimento m\u00ednimo da Madeira:<\/strong>\u00a0100 mm<\/li>\n<li><strong>Largura m\u00ednima da madeira:<\/strong>\u00a030 mm<\/li>\n<li><strong>Altura m\u00e1xima da madeira:<\/strong>\u00a040 mm<\/li>\n<\/ul>\n<\/div>\n<div class=\"desktop-seis colunas\">\n<ul>\n<li><strong>Espessura da fita de borda:<\/strong>\u00a00,45 a 1 mm<\/li>\n<li><strong>Velocidade de avan\u00e7o:<\/strong>\u00a010 mts\/min<\/li>\n<li><strong>Pot\u00eancia total utilizada:<\/strong>\u00a02,8 Kw<\/li>\n<li><\/li>\n<\/ul>\n<\/div>\n","protected":false},"excerpt":{"rendered":"<p>CBD-40XT \u2013 Efici\u00eancia e Versatilidade para Acabamentos Profissionais A coladeira de bordas CBD-40XT \u00e9 equipada com tr\u00eas grupos operacionais: cola, refila e raspa, garantindo um acabamento de alta qualidade. \u00a0Seu sistema de duplo coleiro alternado permite a utiliza\u00e7\u00e3o de diferentes tipos de cola sem necessidade de limpeza entre trocas, otimizando o tempo de produ\u00e7\u00e3o. \u00a0Projetada&#8230;<\/p>\n","protected":false},"featured_media":6090,"comment_status":"open","ping_status":"closed","template":"","meta":{"inline_featured_image":false},"yoast_head":"<!-- This site is optimized with the Yoast SEO plugin v21.7 - https:\/\/yoast.com\/wordpress\/plugins\/seo\/ -->\n<title>BALDAN COLADEIRA DE BORDA CBD-40 TRIF.220V - Casa do Marceneiro - Home Center<\/title>\n<meta name=\"robots\" content=\"index, follow, max-snippet:-1, max-image-preview:large, max-video-preview:-1\" \/>\n<link rel=\"canonical\" href=\"https:\/\/casadomarceneiroavare.com.br\/site\/produto\/baldan-coladeira-de-borda-cbd-40-trif-220v\/\" \/>\n<meta property=\"og:locale\" content=\"pt_BR\" \/>\n<meta property=\"og:type\" content=\"article\" \/>\n<meta property=\"og:title\" content=\"BALDAN COLADEIRA DE BORDA CBD-40 TRIF.220V - Casa do Marceneiro - Home Center\" \/>\n<meta property=\"og:description\" content=\"CBD-40XT \u2013 Efici\u00eancia e Versatilidade para Acabamentos Profissionais A coladeira de bordas CBD-40XT \u00e9 equipada com tr\u00eas grupos operacionais: cola, refila e raspa, garantindo um acabamento de alta qualidade. \u00a0Seu sistema de duplo coleiro alternado permite a utiliza\u00e7\u00e3o de diferentes tipos de cola sem necessidade de limpeza entre trocas, otimizando o tempo de produ\u00e7\u00e3o. \u00a0Projetada...\" \/>\n<meta property=\"og:url\" content=\"https:\/\/casadomarceneiroavare.com.br\/site\/produto\/baldan-coladeira-de-borda-cbd-40-trif-220v\/\" \/>\n<meta property=\"og:site_name\" content=\"Casa do Marceneiro - Home Center\" \/>\n<meta property=\"article:modified_time\" content=\"2025-06-23T14:19:04+00:00\" \/>\n<meta property=\"og:image\" content=\"https:\/\/casadomarceneiroavare.com.br\/site\/wp-content\/uploads\/2025\/06\/WhatsApp-Image-2025-06-20-at-09.17.19.jpeg\" \/>\n\t<meta property=\"og:image:width\" content=\"497\" \/>\n\t<meta property=\"og:image:height\" content=\"409\" \/>\n\t<meta property=\"og:image:type\" content=\"image\/jpeg\" \/>\n<meta name=\"twitter:card\" content=\"summary_large_image\" \/>\n<meta name=\"twitter:label1\" content=\"Est. tempo de leitura\" \/>\n\t<meta name=\"twitter:data1\" content=\"1 minuto\" \/>\n<script type=\"application\/ld+json\" class=\"yoast-schema-graph\">{\"@context\":\"https:\/\/schema.org\",\"@graph\":[{\"@type\":\"WebPage\",\"@id\":\"https:\/\/casadomarceneiroavare.com.br\/site\/produto\/baldan-coladeira-de-borda-cbd-40-trif-220v\/\",\"url\":\"https:\/\/casadomarceneiroavare.com.br\/site\/produto\/baldan-coladeira-de-borda-cbd-40-trif-220v\/\",\"name\":\"BALDAN COLADEIRA DE BORDA CBD-40 TRIF.220V - Casa do Marceneiro - Home Center\",\"isPartOf\":{\"@id\":\"https:\/\/casadomarceneiroavare.com.br\/site\/#website\"},\"datePublished\":\"2025-06-23T14:18:59+00:00\",\"dateModified\":\"2025-06-23T14:19:04+00:00\",\"breadcrumb\":{\"@id\":\"https:\/\/casadomarceneiroavare.com.br\/site\/produto\/baldan-coladeira-de-borda-cbd-40-trif-220v\/#breadcrumb\"},\"inLanguage\":\"pt-BR\",\"potentialAction\":[{\"@type\":\"ReadAction\",\"target\":[\"https:\/\/casadomarceneiroavare.com.br\/site\/produto\/baldan-coladeira-de-borda-cbd-40-trif-220v\/\"]}]},{\"@type\":\"BreadcrumbList\",\"@id\":\"https:\/\/casadomarceneiroavare.com.br\/site\/produto\/baldan-coladeira-de-borda-cbd-40-trif-220v\/#breadcrumb\",\"itemListElement\":[{\"@type\":\"ListItem\",\"position\":1,\"name\":\"Home\",\"item\":\"https:\/\/casadomarceneiroavare.com.br\/site\/\"},{\"@type\":\"ListItem\",\"position\":2,\"name\":\"Conhe\u00e7a nossos Produtos\",\"item\":\"https:\/\/casadomarceneiroavare.com.br\/site\/shop\/\"},{\"@type\":\"ListItem\",\"position\":3,\"name\":\"BALDAN COLADEIRA DE BORDA CBD-40 TRIF.220V\"}]},{\"@type\":\"WebSite\",\"@id\":\"https:\/\/casadomarceneiroavare.com.br\/site\/#website\",\"url\":\"https:\/\/casadomarceneiroavare.com.br\/site\/\",\"name\":\"Casa do Marceneiro - Home Center\",\"description\":\"Venha Conhecer o Maior Home Center da Regi\u00e3o, a Loja pra Fam\u00edlia toda\",\"potentialAction\":[{\"@type\":\"SearchAction\",\"target\":{\"@type\":\"EntryPoint\",\"urlTemplate\":\"https:\/\/casadomarceneiroavare.com.br\/site\/?s={search_term_string}\"},\"query-input\":\"required name=search_term_string\"}],\"inLanguage\":\"pt-BR\"}]}<\/script>\n<!-- \/ Yoast SEO plugin. -->","yoast_head_json":{"title":"BALDAN COLADEIRA DE BORDA CBD-40 TRIF.220V - Casa do Marceneiro - Home Center","robots":{"index":"index","follow":"follow","max-snippet":"max-snippet:-1","max-image-preview":"max-image-preview:large","max-video-preview":"max-video-preview:-1"},"canonical":"https:\/\/casadomarceneiroavare.com.br\/site\/produto\/baldan-coladeira-de-borda-cbd-40-trif-220v\/","og_locale":"pt_BR","og_type":"article","og_title":"BALDAN COLADEIRA DE BORDA CBD-40 TRIF.220V - Casa do Marceneiro - Home Center","og_description":"CBD-40XT \u2013 Efici\u00eancia e Versatilidade para Acabamentos Profissionais A coladeira de bordas CBD-40XT \u00e9 equipada com tr\u00eas grupos operacionais: cola, refila e raspa, garantindo um acabamento de alta qualidade. \u00a0Seu sistema de duplo coleiro alternado permite a utiliza\u00e7\u00e3o de diferentes tipos de cola sem necessidade de limpeza entre trocas, otimizando o tempo de produ\u00e7\u00e3o. \u00a0Projetada...","og_url":"https:\/\/casadomarceneiroavare.com.br\/site\/produto\/baldan-coladeira-de-borda-cbd-40-trif-220v\/","og_site_name":"Casa do Marceneiro - Home Center","article_modified_time":"2025-06-23T14:19:04+00:00","og_image":[{"width":497,"height":409,"url":"https:\/\/casadomarceneiroavare.com.br\/site\/wp-content\/uploads\/2025\/06\/WhatsApp-Image-2025-06-20-at-09.17.19.jpeg","type":"image\/jpeg"}],"twitter_card":"summary_large_image","twitter_misc":{"Est. tempo de leitura":"1 minuto"},"schema":{"@context":"https:\/\/schema.org","@graph":[{"@type":"WebPage","@id":"https:\/\/casadomarceneiroavare.com.br\/site\/produto\/baldan-coladeira-de-borda-cbd-40-trif-220v\/","url":"https:\/\/casadomarceneiroavare.com.br\/site\/produto\/baldan-coladeira-de-borda-cbd-40-trif-220v\/","name":"BALDAN COLADEIRA DE BORDA CBD-40 TRIF.220V - Casa do Marceneiro - Home Center","isPartOf":{"@id":"https:\/\/casadomarceneiroavare.com.br\/site\/#website"},"datePublished":"2025-06-23T14:18:59+00:00","dateModified":"2025-06-23T14:19:04+00:00","breadcrumb":{"@id":"https:\/\/casadomarceneiroavare.com.br\/site\/produto\/baldan-coladeira-de-borda-cbd-40-trif-220v\/#breadcrumb"},"inLanguage":"pt-BR","potentialAction":[{"@type":"ReadAction","target":["https:\/\/casadomarceneiroavare.com.br\/site\/produto\/baldan-coladeira-de-borda-cbd-40-trif-220v\/"]}]},{"@type":"BreadcrumbList","@id":"https:\/\/casadomarceneiroavare.com.br\/site\/produto\/baldan-coladeira-de-borda-cbd-40-trif-220v\/#breadcrumb","itemListElement":[{"@type":"ListItem","position":1,"name":"Home","item":"https:\/\/casadomarceneiroavare.com.br\/site\/"},{"@type":"ListItem","position":2,"name":"Conhe\u00e7a nossos Produtos","item":"https:\/\/casadomarceneiroavare.com.br\/site\/shop\/"},{"@type":"ListItem","position":3,"name":"BALDAN COLADEIRA DE BORDA CBD-40 TRIF.220V"}]},{"@type":"WebSite","@id":"https:\/\/casadomarceneiroavare.com.br\/site\/#website","url":"https:\/\/casadomarceneiroavare.com.br\/site\/","name":"Casa do Marceneiro - Home Center","description":"Venha Conhecer o Maior Home Center da Regi\u00e3o, a Loja pra Fam\u00edlia toda","potentialAction":[{"@type":"SearchAction","target":{"@type":"EntryPoint","urlTemplate":"https:\/\/casadomarceneiroavare.com.br\/site\/?s={search_term_string}"},"query-input":"required name=search_term_string"}],"inLanguage":"pt-BR"}]}},"_links":{"self":[{"href":"https:\/\/casadomarceneiroavare.com.br\/site\/wp-json\/wp\/v2\/product\/6089"}],"collection":[{"href":"https:\/\/casadomarceneiroavare.com.br\/site\/wp-json\/wp\/v2\/product"}],"about":[{"href":"https:\/\/casadomarceneiroavare.com.br\/site\/wp-json\/wp\/v2\/types\/product"}],"replies":[{"embeddable":true,"href":"https:\/\/casadomarceneiroavare.com.br\/site\/wp-json\/wp\/v2\/comments?post=6089"}],"wp:featuredmedia":[{"embeddable":true,"href":"https:\/\/casadomarceneiroavare.com.br\/site\/wp-json\/wp\/v2\/media\/6090"}],"wp:attachment":[{"href":"https:\/\/casadomarceneiroavare.com.br\/site\/wp-json\/wp\/v2\/media?parent=6089"}],"curies":[{"name":"wp","href":"https:\/\/api.w.org\/{rel}","templated":true}]}}