{"id":5971,"date":"2025-02-11T17:05:44","date_gmt":"2025-02-11T20:05:44","guid":{"rendered":"https:\/\/casadomarceneiroavare.com.br\/site\/?post_type=product&#038;p=5971"},"modified":"2025-02-11T17:05:46","modified_gmt":"2025-02-11T20:05:46","slug":"schulz-gerador-s5500mg-avr-110-220mono-4-tempos","status":"publish","type":"product","link":"https:\/\/casadomarceneiroavare.com.br\/site\/produto\/schulz-gerador-s5500mg-avr-110-220mono-4-tempos\/","title":{"rendered":"SCHULZ GERADOR S5500MG AVR 110\/220MONO 4 TEMPOS"},"content":{"rendered":"<p>\u2022 Gerador de energia<br \/>\n\u2022 Com regulador autom\u00e1tico de tens\u00e3o<br \/>\n\u2022 Igni\u00e7\u00e3o el\u00e9trica<br \/>\n\u2022 Interruptor de sobre corrente<br \/>\n\u2022 Sensor de falta de \u00f3leo<br \/>\n\u2022 Sa\u00edda 12Vcc<br \/>\n\u2022 Volt\u00edmetro<br \/>\n\u2022 Indicador de n\u00edvel de combust\u00edvel<br \/>\n\u2022 Partida el\u00e9trica e manual<br \/>\n\u2022 Bobinas de cobre<\/p>\n<p><strong>\u2022 Informa\u00e7\u00f5es T\u00e9cnicas:<\/strong><strong><br \/>\n<\/strong>&#8211; \u00cdndice de prote\u00e7\u00e3o: IP23<br \/>\n&#8211; Pot\u00eancia nominal: 5.0kW<br \/>\n&#8211; Pot\u00eancia m\u00e1xima: 5,5kW<br \/>\n&#8211; Frequ\u00eancia: 60Hz<br \/>\n&#8211; Tens\u00e3o nominal: 110\/220V<br \/>\n&#8211; Motor: 389cc<br \/>\n&#8211; Potencia m\u00e1xima: 12.9HP<\/p>\n<p>&nbsp;<\/p>\n<p><strong>&#8211; N\u00e3o acompanha carregador e bateria<\/strong><\/p>\n<p><strong>&#8211; Garantia:<\/strong>\u00a01 ano<\/p>\n","protected":false},"excerpt":{"rendered":"<p>\u2022 Gerador de energia \u2022 Com regulador autom\u00e1tico de tens\u00e3o \u2022 Igni\u00e7\u00e3o el\u00e9trica \u2022 Interruptor de sobre corrente \u2022 Sensor de falta de \u00f3leo \u2022 Sa\u00edda 12Vcc \u2022 Volt\u00edmetro \u2022 Indicador de n\u00edvel de combust\u00edvel \u2022 Partida el\u00e9trica e manual \u2022 Bobinas de cobre \u2022 Informa\u00e7\u00f5es T\u00e9cnicas: &#8211; \u00cdndice de prote\u00e7\u00e3o: IP23 &#8211; Pot\u00eancia nominal:&#8230;<\/p>\n","protected":false},"featured_media":5972,"comment_status":"open","ping_status":"closed","template":"","meta":{"inline_featured_image":false},"yoast_head":"<!-- This site is optimized with the Yoast SEO plugin v21.7 - https:\/\/yoast.com\/wordpress\/plugins\/seo\/ -->\n<title>SCHULZ GERADOR S5500MG AVR 110\/220MONO 4 TEMPOS - Casa do Marceneiro - Home Center<\/title>\n<meta name=\"robots\" content=\"index, follow, max-snippet:-1, max-image-preview:large, max-video-preview:-1\" \/>\n<link rel=\"canonical\" href=\"https:\/\/casadomarceneiroavare.com.br\/site\/produto\/schulz-gerador-s5500mg-avr-110-220mono-4-tempos\/\" \/>\n<meta property=\"og:locale\" content=\"pt_BR\" \/>\n<meta property=\"og:type\" content=\"article\" \/>\n<meta property=\"og:title\" content=\"SCHULZ GERADOR S5500MG AVR 110\/220MONO 4 TEMPOS - Casa do Marceneiro - Home Center\" \/>\n<meta property=\"og:description\" content=\"\u2022 Gerador de energia \u2022 Com regulador autom\u00e1tico de tens\u00e3o \u2022 Igni\u00e7\u00e3o el\u00e9trica \u2022 Interruptor de sobre corrente \u2022 Sensor de falta de \u00f3leo \u2022 Sa\u00edda 12Vcc \u2022 Volt\u00edmetro \u2022 Indicador de n\u00edvel de combust\u00edvel \u2022 Partida el\u00e9trica e manual \u2022 Bobinas de cobre \u2022 Informa\u00e7\u00f5es T\u00e9cnicas: &#8211; \u00cdndice de prote\u00e7\u00e3o: IP23 &#8211; Pot\u00eancia nominal:...\" \/>\n<meta property=\"og:url\" content=\"https:\/\/casadomarceneiroavare.com.br\/site\/produto\/schulz-gerador-s5500mg-avr-110-220mono-4-tempos\/\" \/>\n<meta property=\"og:site_name\" content=\"Casa do Marceneiro - Home Center\" \/>\n<meta property=\"article:modified_time\" content=\"2025-02-11T20:05:46+00:00\" \/>\n<meta property=\"og:image\" content=\"https:\/\/casadomarceneiroavare.com.br\/site\/wp-content\/uploads\/2025\/02\/s5000-mg.jpg\" \/>\n\t<meta property=\"og:image:width\" content=\"1000\" \/>\n\t<meta property=\"og:image:height\" content=\"1000\" \/>\n\t<meta property=\"og:image:type\" content=\"image\/jpeg\" \/>\n<meta name=\"twitter:card\" content=\"summary_large_image\" \/>\n<meta name=\"twitter:label1\" content=\"Est. tempo de leitura\" \/>\n\t<meta name=\"twitter:data1\" content=\"1 minuto\" \/>\n<script type=\"application\/ld+json\" class=\"yoast-schema-graph\">{\"@context\":\"https:\/\/schema.org\",\"@graph\":[{\"@type\":\"WebPage\",\"@id\":\"https:\/\/casadomarceneiroavare.com.br\/site\/produto\/schulz-gerador-s5500mg-avr-110-220mono-4-tempos\/\",\"url\":\"https:\/\/casadomarceneiroavare.com.br\/site\/produto\/schulz-gerador-s5500mg-avr-110-220mono-4-tempos\/\",\"name\":\"SCHULZ GERADOR S5500MG AVR 110\/220MONO 4 TEMPOS - Casa do Marceneiro - Home Center\",\"isPartOf\":{\"@id\":\"https:\/\/casadomarceneiroavare.com.br\/site\/#website\"},\"datePublished\":\"2025-02-11T20:05:44+00:00\",\"dateModified\":\"2025-02-11T20:05:46+00:00\",\"breadcrumb\":{\"@id\":\"https:\/\/casadomarceneiroavare.com.br\/site\/produto\/schulz-gerador-s5500mg-avr-110-220mono-4-tempos\/#breadcrumb\"},\"inLanguage\":\"pt-BR\",\"potentialAction\":[{\"@type\":\"ReadAction\",\"target\":[\"https:\/\/casadomarceneiroavare.com.br\/site\/produto\/schulz-gerador-s5500mg-avr-110-220mono-4-tempos\/\"]}]},{\"@type\":\"BreadcrumbList\",\"@id\":\"https:\/\/casadomarceneiroavare.com.br\/site\/produto\/schulz-gerador-s5500mg-avr-110-220mono-4-tempos\/#breadcrumb\",\"itemListElement\":[{\"@type\":\"ListItem\",\"position\":1,\"name\":\"Home\",\"item\":\"https:\/\/casadomarceneiroavare.com.br\/site\/\"},{\"@type\":\"ListItem\",\"position\":2,\"name\":\"Conhe\u00e7a nossos Produtos\",\"item\":\"https:\/\/casadomarceneiroavare.com.br\/site\/shop\/\"},{\"@type\":\"ListItem\",\"position\":3,\"name\":\"SCHULZ GERADOR S5500MG AVR 110\/220MONO 4 TEMPOS\"}]},{\"@type\":\"WebSite\",\"@id\":\"https:\/\/casadomarceneiroavare.com.br\/site\/#website\",\"url\":\"https:\/\/casadomarceneiroavare.com.br\/site\/\",\"name\":\"Casa do Marceneiro - Home Center\",\"description\":\"Venha Conhecer o Maior Home Center da Regi\u00e3o, a Loja pra Fam\u00edlia toda\",\"potentialAction\":[{\"@type\":\"SearchAction\",\"target\":{\"@type\":\"EntryPoint\",\"urlTemplate\":\"https:\/\/casadomarceneiroavare.com.br\/site\/?s={search_term_string}\"},\"query-input\":\"required name=search_term_string\"}],\"inLanguage\":\"pt-BR\"}]}<\/script>\n<!-- \/ Yoast SEO plugin. -->","yoast_head_json":{"title":"SCHULZ GERADOR S5500MG AVR 110\/220MONO 4 TEMPOS - Casa do Marceneiro - Home Center","robots":{"index":"index","follow":"follow","max-snippet":"max-snippet:-1","max-image-preview":"max-image-preview:large","max-video-preview":"max-video-preview:-1"},"canonical":"https:\/\/casadomarceneiroavare.com.br\/site\/produto\/schulz-gerador-s5500mg-avr-110-220mono-4-tempos\/","og_locale":"pt_BR","og_type":"article","og_title":"SCHULZ GERADOR S5500MG AVR 110\/220MONO 4 TEMPOS - Casa do Marceneiro - Home Center","og_description":"\u2022 Gerador de energia \u2022 Com regulador autom\u00e1tico de tens\u00e3o \u2022 Igni\u00e7\u00e3o el\u00e9trica \u2022 Interruptor de sobre corrente \u2022 Sensor de falta de \u00f3leo \u2022 Sa\u00edda 12Vcc \u2022 Volt\u00edmetro \u2022 Indicador de n\u00edvel de combust\u00edvel \u2022 Partida el\u00e9trica e manual \u2022 Bobinas de cobre \u2022 Informa\u00e7\u00f5es T\u00e9cnicas: &#8211; \u00cdndice de prote\u00e7\u00e3o: IP23 &#8211; Pot\u00eancia nominal:...","og_url":"https:\/\/casadomarceneiroavare.com.br\/site\/produto\/schulz-gerador-s5500mg-avr-110-220mono-4-tempos\/","og_site_name":"Casa do Marceneiro - Home Center","article_modified_time":"2025-02-11T20:05:46+00:00","og_image":[{"width":1000,"height":1000,"url":"https:\/\/casadomarceneiroavare.com.br\/site\/wp-content\/uploads\/2025\/02\/s5000-mg.jpg","type":"image\/jpeg"}],"twitter_card":"summary_large_image","twitter_misc":{"Est. tempo de leitura":"1 minuto"},"schema":{"@context":"https:\/\/schema.org","@graph":[{"@type":"WebPage","@id":"https:\/\/casadomarceneiroavare.com.br\/site\/produto\/schulz-gerador-s5500mg-avr-110-220mono-4-tempos\/","url":"https:\/\/casadomarceneiroavare.com.br\/site\/produto\/schulz-gerador-s5500mg-avr-110-220mono-4-tempos\/","name":"SCHULZ GERADOR S5500MG AVR 110\/220MONO 4 TEMPOS - Casa do Marceneiro - Home Center","isPartOf":{"@id":"https:\/\/casadomarceneiroavare.com.br\/site\/#website"},"datePublished":"2025-02-11T20:05:44+00:00","dateModified":"2025-02-11T20:05:46+00:00","breadcrumb":{"@id":"https:\/\/casadomarceneiroavare.com.br\/site\/produto\/schulz-gerador-s5500mg-avr-110-220mono-4-tempos\/#breadcrumb"},"inLanguage":"pt-BR","potentialAction":[{"@type":"ReadAction","target":["https:\/\/casadomarceneiroavare.com.br\/site\/produto\/schulz-gerador-s5500mg-avr-110-220mono-4-tempos\/"]}]},{"@type":"BreadcrumbList","@id":"https:\/\/casadomarceneiroavare.com.br\/site\/produto\/schulz-gerador-s5500mg-avr-110-220mono-4-tempos\/#breadcrumb","itemListElement":[{"@type":"ListItem","position":1,"name":"Home","item":"https:\/\/casadomarceneiroavare.com.br\/site\/"},{"@type":"ListItem","position":2,"name":"Conhe\u00e7a nossos Produtos","item":"https:\/\/casadomarceneiroavare.com.br\/site\/shop\/"},{"@type":"ListItem","position":3,"name":"SCHULZ GERADOR S5500MG AVR 110\/220MONO 4 TEMPOS"}]},{"@type":"WebSite","@id":"https:\/\/casadomarceneiroavare.com.br\/site\/#website","url":"https:\/\/casadomarceneiroavare.com.br\/site\/","name":"Casa do Marceneiro - Home Center","description":"Venha Conhecer o Maior Home Center da Regi\u00e3o, a Loja pra Fam\u00edlia toda","potentialAction":[{"@type":"SearchAction","target":{"@type":"EntryPoint","urlTemplate":"https:\/\/casadomarceneiroavare.com.br\/site\/?s={search_term_string}"},"query-input":"required name=search_term_string"}],"inLanguage":"pt-BR"}]}},"_links":{"self":[{"href":"https:\/\/casadomarceneiroavare.com.br\/site\/wp-json\/wp\/v2\/product\/5971"}],"collection":[{"href":"https:\/\/casadomarceneiroavare.com.br\/site\/wp-json\/wp\/v2\/product"}],"about":[{"href":"https:\/\/casadomarceneiroavare.com.br\/site\/wp-json\/wp\/v2\/types\/product"}],"replies":[{"embeddable":true,"href":"https:\/\/casadomarceneiroavare.com.br\/site\/wp-json\/wp\/v2\/comments?post=5971"}],"wp:featuredmedia":[{"embeddable":true,"href":"https:\/\/casadomarceneiroavare.com.br\/site\/wp-json\/wp\/v2\/media\/5972"}],"wp:attachment":[{"href":"https:\/\/casadomarceneiroavare.com.br\/site\/wp-json\/wp\/v2\/media?parent=5971"}],"curies":[{"name":"wp","href":"https:\/\/api.w.org\/{rel}","templated":true}]}}