{"id":5898,"date":"2023-12-18T16:46:34","date_gmt":"2023-12-18T19:46:34","guid":{"rendered":"https:\/\/casadomarceneiroavare.com.br\/site\/?post_type=product&#038;p=5898"},"modified":"2023-12-18T16:46:35","modified_gmt":"2023-12-18T19:46:35","slug":"saints-inversora-st175-elt-mma-127-220v","status":"publish","type":"product","link":"https:\/\/casadomarceneiroavare.com.br\/site\/produto\/saints-inversora-st175-elt-mma-127-220v\/","title":{"rendered":"SAINTS INVERSORA ST175 ELT MMA 127\/220V"},"content":{"rendered":"<ul class=\"list-marked\">\n<li>Extremamente leve, ideal para trabalhos em alturas.\n<p>-Ideal para industrias e serralherias.<\/p>\n<p>-Engate r\u00e1pido 13mm.<\/p>\n<p>&nbsp;<\/p>\n<p>-Equipamento multi fun\u00e7\u00e3o, com sistema TIG para soldagem com arg\u00f4nio. Aassim como todos os tipos de eletrodos revestidos: 6013 &#8211; 7018 &#8211; 6010 &#8211; 6011 &#8211; inox &#8211; fundido.<\/p>\n<p>&nbsp;<\/p>\n<p>-Equipamento compacto e robusto.<\/p>\n<p>-Maior ciclo de trabalho da categoria com 60%.<\/p>\n<p>&nbsp;<\/p>\n<p>-Hot start e anti stick, para uma melhor qualidade de solda.<\/p>\n<p>-Display digital para melhor ajuste de amperagem.<\/li>\n<\/ul>\n<p>&nbsp;<\/p>\n<h6>Acess\u00f3rios<\/h6>\n<p>01 Garra Negativa<br \/>\n01 Porta Eletrodos<br \/>\n01 Escova de escoria<br \/>\n01 Manual em Portugu\u00eas<\/p>\n<p>&nbsp;<\/p>\n<p>&nbsp;<\/p>\n<ul class=\"list-marked\">\n<li>Voltagem &#8211; Monof\u00e1sica &lt;&lt; V &gt;&gt; 127\/220V &#8211; Autom\u00e1tica<\/li>\n<li>Corrente de Entrada &lt;&lt; A &gt;&gt; 30\/40A<\/li>\n<li>Tens\u00e3o vazio &lt;&lt; V &gt;&gt; 85v e 15V Tig<\/li>\n<li>Corrente Solda min\/max &lt;&lt; A &gt;&gt; 10 &#8211; 180A<\/li>\n<li>Ciclo de trabalho &lt;&lt; % &gt;&gt; 180A &#8211; 60%<\/li>\n<li>Eletrodos &lt;&lt; 6013-7018-6010-6011 &gt;&gt; 2,5mm &#8211; 4mm<\/li>\n<li>Classe de Prote\u00e7\u00e3o &lt;&lt; IP21 &gt;&gt; Peso 6Kg<\/li>\n<li>GARANTIA SAINTS SOLDAS DE 1 ANO<\/li>\n<\/ul>\n<p>&nbsp;<\/p>\n<h6>Acess\u00f3rios<\/h6>\n<p>01 Garra Negativa<br \/>\n01 Porta Eletrodos<br \/>\n01 Escova de escoria<br \/>\n01 Manual em Portugu\u00eas<\/p>\n","protected":false},"excerpt":{"rendered":"<p>Extremamente leve, ideal para trabalhos em alturas. -Ideal para industrias e serralherias. -Engate r\u00e1pido 13mm. &nbsp; -Equipamento multi fun\u00e7\u00e3o, com sistema TIG para soldagem com arg\u00f4nio. Aassim como todos os tipos de eletrodos revestidos: 6013 &#8211; 7018 &#8211; 6010 &#8211; 6011 &#8211; inox &#8211; fundido. &nbsp; -Equipamento compacto e robusto. -Maior ciclo de trabalho da&#8230;<\/p>\n","protected":false},"featured_media":5899,"comment_status":"open","ping_status":"closed","template":"","meta":{"inline_featured_image":false},"yoast_head":"<!-- This site is optimized with the Yoast SEO plugin v21.7 - https:\/\/yoast.com\/wordpress\/plugins\/seo\/ -->\n<title>SAINTS INVERSORA ST175 ELT MMA 127\/220V - Casa do Marceneiro - Home Center %<\/title>\n<meta name=\"description\" content=\"Solda inversora SAINTS ST175 , com display digital para melhor ajuste de amperagem &amp; fun\u00e7\u00f5es hot start , anti stick oferecendo qualidade no acabamento .\" \/>\n<meta name=\"robots\" content=\"index, follow, max-snippet:-1, max-image-preview:large, max-video-preview:-1\" \/>\n<link rel=\"canonical\" href=\"https:\/\/casadomarceneiroavare.com.br\/site\/produto\/saints-inversora-st175-elt-mma-127-220v\/\" \/>\n<meta property=\"og:locale\" content=\"pt_BR\" \/>\n<meta property=\"og:type\" content=\"article\" \/>\n<meta property=\"og:title\" content=\"SAINTS INVERSORA ST175 ELT MMA 127\/220V - Casa do Marceneiro - Home Center %\" \/>\n<meta property=\"og:description\" content=\"Solda inversora SAINTS ST175 , com display digital para melhor ajuste de amperagem &amp; fun\u00e7\u00f5es hot start , anti stick oferecendo qualidade no acabamento .\" \/>\n<meta property=\"og:url\" content=\"https:\/\/casadomarceneiroavare.com.br\/site\/produto\/saints-inversora-st175-elt-mma-127-220v\/\" \/>\n<meta property=\"og:site_name\" content=\"Casa do Marceneiro - Home Center\" \/>\n<meta property=\"article:modified_time\" content=\"2023-12-18T19:46:35+00:00\" \/>\n<meta property=\"og:image\" content=\"https:\/\/casadomarceneiroavare.com.br\/site\/wp-content\/uploads\/2023\/12\/maquina-solda-inversora-saints-st-175-elt-mma-tig-bivolt.jpg\" \/>\n\t<meta property=\"og:image:width\" content=\"800\" \/>\n\t<meta property=\"og:image:height\" content=\"1080\" \/>\n\t<meta property=\"og:image:type\" content=\"image\/jpeg\" \/>\n<meta name=\"twitter:card\" content=\"summary_large_image\" \/>\n<meta name=\"twitter:label1\" content=\"Est. tempo de leitura\" \/>\n\t<meta name=\"twitter:data1\" content=\"1 minuto\" \/>\n<script type=\"application\/ld+json\" class=\"yoast-schema-graph\">{\"@context\":\"https:\/\/schema.org\",\"@graph\":[{\"@type\":\"WebPage\",\"@id\":\"https:\/\/casadomarceneiroavare.com.br\/site\/produto\/saints-inversora-st175-elt-mma-127-220v\/\",\"url\":\"https:\/\/casadomarceneiroavare.com.br\/site\/produto\/saints-inversora-st175-elt-mma-127-220v\/\",\"name\":\"SAINTS INVERSORA ST175 ELT MMA 127\/220V - Casa do Marceneiro - Home Center %\",\"isPartOf\":{\"@id\":\"https:\/\/casadomarceneiroavare.com.br\/site\/#website\"},\"datePublished\":\"2023-12-18T19:46:34+00:00\",\"dateModified\":\"2023-12-18T19:46:35+00:00\",\"description\":\"Solda inversora SAINTS ST175 , com display digital para melhor ajuste de amperagem & fun\u00e7\u00f5es hot start , anti stick oferecendo qualidade no acabamento .\",\"breadcrumb\":{\"@id\":\"https:\/\/casadomarceneiroavare.com.br\/site\/produto\/saints-inversora-st175-elt-mma-127-220v\/#breadcrumb\"},\"inLanguage\":\"pt-BR\",\"potentialAction\":[{\"@type\":\"ReadAction\",\"target\":[\"https:\/\/casadomarceneiroavare.com.br\/site\/produto\/saints-inversora-st175-elt-mma-127-220v\/\"]}]},{\"@type\":\"BreadcrumbList\",\"@id\":\"https:\/\/casadomarceneiroavare.com.br\/site\/produto\/saints-inversora-st175-elt-mma-127-220v\/#breadcrumb\",\"itemListElement\":[{\"@type\":\"ListItem\",\"position\":1,\"name\":\"Home\",\"item\":\"https:\/\/casadomarceneiroavare.com.br\/site\/\"},{\"@type\":\"ListItem\",\"position\":2,\"name\":\"Conhe\u00e7a nossos Produtos\",\"item\":\"https:\/\/casadomarceneiroavare.com.br\/site\/shop\/\"},{\"@type\":\"ListItem\",\"position\":3,\"name\":\"SAINTS INVERSORA ST175 ELT MMA 127\/220V\"}]},{\"@type\":\"WebSite\",\"@id\":\"https:\/\/casadomarceneiroavare.com.br\/site\/#website\",\"url\":\"https:\/\/casadomarceneiroavare.com.br\/site\/\",\"name\":\"Casa do Marceneiro - Home Center\",\"description\":\"Venha Conhecer o Maior Home Center da Regi\u00e3o, a Loja pra Fam\u00edlia toda\",\"potentialAction\":[{\"@type\":\"SearchAction\",\"target\":{\"@type\":\"EntryPoint\",\"urlTemplate\":\"https:\/\/casadomarceneiroavare.com.br\/site\/?s={search_term_string}\"},\"query-input\":\"required name=search_term_string\"}],\"inLanguage\":\"pt-BR\"}]}<\/script>\n<!-- \/ Yoast SEO plugin. -->","yoast_head_json":{"title":"SAINTS INVERSORA ST175 ELT MMA 127\/220V - Casa do Marceneiro - Home Center %","description":"Solda inversora SAINTS ST175 , com display digital para melhor ajuste de amperagem & fun\u00e7\u00f5es hot start , anti stick oferecendo qualidade no acabamento .","robots":{"index":"index","follow":"follow","max-snippet":"max-snippet:-1","max-image-preview":"max-image-preview:large","max-video-preview":"max-video-preview:-1"},"canonical":"https:\/\/casadomarceneiroavare.com.br\/site\/produto\/saints-inversora-st175-elt-mma-127-220v\/","og_locale":"pt_BR","og_type":"article","og_title":"SAINTS INVERSORA ST175 ELT MMA 127\/220V - Casa do Marceneiro - Home Center %","og_description":"Solda inversora SAINTS ST175 , com display digital para melhor ajuste de amperagem & fun\u00e7\u00f5es hot start , anti stick oferecendo qualidade no acabamento .","og_url":"https:\/\/casadomarceneiroavare.com.br\/site\/produto\/saints-inversora-st175-elt-mma-127-220v\/","og_site_name":"Casa do Marceneiro - Home Center","article_modified_time":"2023-12-18T19:46:35+00:00","og_image":[{"width":800,"height":1080,"url":"https:\/\/casadomarceneiroavare.com.br\/site\/wp-content\/uploads\/2023\/12\/maquina-solda-inversora-saints-st-175-elt-mma-tig-bivolt.jpg","type":"image\/jpeg"}],"twitter_card":"summary_large_image","twitter_misc":{"Est. tempo de leitura":"1 minuto"},"schema":{"@context":"https:\/\/schema.org","@graph":[{"@type":"WebPage","@id":"https:\/\/casadomarceneiroavare.com.br\/site\/produto\/saints-inversora-st175-elt-mma-127-220v\/","url":"https:\/\/casadomarceneiroavare.com.br\/site\/produto\/saints-inversora-st175-elt-mma-127-220v\/","name":"SAINTS INVERSORA ST175 ELT MMA 127\/220V - Casa do Marceneiro - Home Center %","isPartOf":{"@id":"https:\/\/casadomarceneiroavare.com.br\/site\/#website"},"datePublished":"2023-12-18T19:46:34+00:00","dateModified":"2023-12-18T19:46:35+00:00","description":"Solda inversora SAINTS ST175 , com display digital para melhor ajuste de amperagem & fun\u00e7\u00f5es hot start , anti stick oferecendo qualidade no acabamento .","breadcrumb":{"@id":"https:\/\/casadomarceneiroavare.com.br\/site\/produto\/saints-inversora-st175-elt-mma-127-220v\/#breadcrumb"},"inLanguage":"pt-BR","potentialAction":[{"@type":"ReadAction","target":["https:\/\/casadomarceneiroavare.com.br\/site\/produto\/saints-inversora-st175-elt-mma-127-220v\/"]}]},{"@type":"BreadcrumbList","@id":"https:\/\/casadomarceneiroavare.com.br\/site\/produto\/saints-inversora-st175-elt-mma-127-220v\/#breadcrumb","itemListElement":[{"@type":"ListItem","position":1,"name":"Home","item":"https:\/\/casadomarceneiroavare.com.br\/site\/"},{"@type":"ListItem","position":2,"name":"Conhe\u00e7a nossos Produtos","item":"https:\/\/casadomarceneiroavare.com.br\/site\/shop\/"},{"@type":"ListItem","position":3,"name":"SAINTS INVERSORA ST175 ELT MMA 127\/220V"}]},{"@type":"WebSite","@id":"https:\/\/casadomarceneiroavare.com.br\/site\/#website","url":"https:\/\/casadomarceneiroavare.com.br\/site\/","name":"Casa do Marceneiro - Home Center","description":"Venha Conhecer o Maior Home Center da Regi\u00e3o, a Loja pra Fam\u00edlia toda","potentialAction":[{"@type":"SearchAction","target":{"@type":"EntryPoint","urlTemplate":"https:\/\/casadomarceneiroavare.com.br\/site\/?s={search_term_string}"},"query-input":"required name=search_term_string"}],"inLanguage":"pt-BR"}]}},"_links":{"self":[{"href":"https:\/\/casadomarceneiroavare.com.br\/site\/wp-json\/wp\/v2\/product\/5898"}],"collection":[{"href":"https:\/\/casadomarceneiroavare.com.br\/site\/wp-json\/wp\/v2\/product"}],"about":[{"href":"https:\/\/casadomarceneiroavare.com.br\/site\/wp-json\/wp\/v2\/types\/product"}],"replies":[{"embeddable":true,"href":"https:\/\/casadomarceneiroavare.com.br\/site\/wp-json\/wp\/v2\/comments?post=5898"}],"wp:featuredmedia":[{"embeddable":true,"href":"https:\/\/casadomarceneiroavare.com.br\/site\/wp-json\/wp\/v2\/media\/5899"}],"wp:attachment":[{"href":"https:\/\/casadomarceneiroavare.com.br\/site\/wp-json\/wp\/v2\/media?parent=5898"}],"curies":[{"name":"wp","href":"https:\/\/api.w.org\/{rel}","templated":true}]}}