{"id":5369,"date":"2020-07-29T09:46:37","date_gmt":"2020-07-29T11:46:37","guid":{"rendered":"https:\/\/www.casadomarceneiroavare.com.br\/loja\/?post_type=product&#038;p=5369"},"modified":"2023-12-19T09:05:58","modified_gmt":"2023-12-19T12:05:58","slug":"gross-ponta-philips-50mm-ph2","status":"publish","type":"product","link":"https:\/\/casadomarceneiroavare.com.br\/site\/produto\/gross-ponta-philips-50mm-ph2\/","title":{"rendered":"GROSS PONTA PHILIPS 50MM PH2"},"content":{"rendered":"<p>Jogo de bits s\u00e3o indicados para uso em ferramentas el\u00e9tricas e manuais, para fixar e soltar parafusos em geral. S\u00e3o fabricados em a\u00e7o S2 de alta qualidade, durabilidade e resist\u00eancia.<\/p>\n<p>&nbsp;<\/p>\n<p>Detalhes T\u00e9cnicos:<\/p>\n<p>&#8211; Dureza de bits: 58-62 HR<br \/>\n&#8211; Comprimento: 50mm<br \/>\n&#8211; Encaixe: 1\/4 Pol.<br \/>\n&#8211; Ponta: 1\/4 Pol. (PH2)<br \/>\n&#8211; A\u00e7o S2<\/p>\n","protected":false},"excerpt":{"rendered":"<p>Jogo de bits s\u00e3o indicados para uso em ferramentas el\u00e9tricas e manuais, para fixar e soltar parafusos em geral. S\u00e3o fabricados em a\u00e7o S2 de alta qualidade, durabilidade e resist\u00eancia. &nbsp; Detalhes T\u00e9cnicos: &#8211; Dureza de bits: 58-62 HR &#8211; Comprimento: 50mm &#8211; Encaixe: 1\/4 Pol. &#8211; Ponta: 1\/4 Pol. (PH2) &#8211; A\u00e7o S2<\/p>\n","protected":false},"featured_media":5370,"comment_status":"open","ping_status":"closed","template":"","meta":{"inline_featured_image":false},"yoast_head":"<!-- This site is optimized with the Yoast SEO plugin v21.7 - https:\/\/yoast.com\/wordpress\/plugins\/seo\/ -->\n<title>GROSS PONTA PHILIPS 50MM PH2 - Casa do Marceneiro - Home Center<\/title>\n<meta name=\"robots\" content=\"index, follow, max-snippet:-1, max-image-preview:large, max-video-preview:-1\" \/>\n<link rel=\"canonical\" href=\"https:\/\/casadomarceneiroavare.com.br\/site\/produto\/gross-ponta-philips-50mm-ph2\/\" \/>\n<meta property=\"og:locale\" content=\"pt_BR\" \/>\n<meta property=\"og:type\" content=\"article\" \/>\n<meta property=\"og:title\" content=\"GROSS PONTA PHILIPS 50MM PH2 - Casa do Marceneiro - Home Center\" \/>\n<meta property=\"og:description\" content=\"Jogo de bits s\u00e3o indicados para uso em ferramentas el\u00e9tricas e manuais, para fixar e soltar parafusos em geral. S\u00e3o fabricados em a\u00e7o S2 de alta qualidade, durabilidade e resist\u00eancia. &nbsp; Detalhes T\u00e9cnicos: &#8211; Dureza de bits: 58-62 HR &#8211; Comprimento: 50mm &#8211; Encaixe: 1\/4 Pol. &#8211; Ponta: 1\/4 Pol. (PH2) &#8211; A\u00e7o S2\" \/>\n<meta property=\"og:url\" content=\"https:\/\/casadomarceneiroavare.com.br\/site\/produto\/gross-ponta-philips-50mm-ph2\/\" \/>\n<meta property=\"og:site_name\" content=\"Casa do Marceneiro - Home Center\" \/>\n<meta property=\"article:modified_time\" content=\"2023-12-19T12:05:58+00:00\" \/>\n<meta property=\"og:image\" content=\"https:\/\/casadomarceneiroavare.com.br\/site\/wp-content\/uploads\/2020\/07\/gross-ponta-50-mm-ph2.jpg\" \/>\n\t<meta property=\"og:image:width\" content=\"600\" \/>\n\t<meta property=\"og:image:height\" content=\"600\" \/>\n\t<meta property=\"og:image:type\" content=\"image\/jpeg\" \/>\n<meta name=\"twitter:card\" content=\"summary_large_image\" \/>\n<meta name=\"twitter:label1\" content=\"Est. tempo de leitura\" \/>\n\t<meta name=\"twitter:data1\" content=\"1 minuto\" \/>\n<script type=\"application\/ld+json\" class=\"yoast-schema-graph\">{\"@context\":\"https:\/\/schema.org\",\"@graph\":[{\"@type\":\"WebPage\",\"@id\":\"https:\/\/casadomarceneiroavare.com.br\/site\/produto\/gross-ponta-philips-50mm-ph2\/\",\"url\":\"https:\/\/casadomarceneiroavare.com.br\/site\/produto\/gross-ponta-philips-50mm-ph2\/\",\"name\":\"GROSS PONTA PHILIPS 50MM PH2 - Casa do Marceneiro - Home Center\",\"isPartOf\":{\"@id\":\"https:\/\/casadomarceneiroavare.com.br\/site\/#website\"},\"datePublished\":\"2020-07-29T11:46:37+00:00\",\"dateModified\":\"2023-12-19T12:05:58+00:00\",\"breadcrumb\":{\"@id\":\"https:\/\/casadomarceneiroavare.com.br\/site\/produto\/gross-ponta-philips-50mm-ph2\/#breadcrumb\"},\"inLanguage\":\"pt-BR\",\"potentialAction\":[{\"@type\":\"ReadAction\",\"target\":[\"https:\/\/casadomarceneiroavare.com.br\/site\/produto\/gross-ponta-philips-50mm-ph2\/\"]}]},{\"@type\":\"BreadcrumbList\",\"@id\":\"https:\/\/casadomarceneiroavare.com.br\/site\/produto\/gross-ponta-philips-50mm-ph2\/#breadcrumb\",\"itemListElement\":[{\"@type\":\"ListItem\",\"position\":1,\"name\":\"Home\",\"item\":\"https:\/\/casadomarceneiroavare.com.br\/site\/\"},{\"@type\":\"ListItem\",\"position\":2,\"name\":\"Conhe\u00e7a nossos Produtos\",\"item\":\"https:\/\/casadomarceneiroavare.com.br\/site\/shop\/\"},{\"@type\":\"ListItem\",\"position\":3,\"name\":\"GROSS PONTA PHILIPS 50MM PH2\"}]},{\"@type\":\"WebSite\",\"@id\":\"https:\/\/casadomarceneiroavare.com.br\/site\/#website\",\"url\":\"https:\/\/casadomarceneiroavare.com.br\/site\/\",\"name\":\"Casa do Marceneiro - Home Center\",\"description\":\"Venha Conhecer o Maior Home Center da Regi\u00e3o, a Loja pra Fam\u00edlia toda\",\"potentialAction\":[{\"@type\":\"SearchAction\",\"target\":{\"@type\":\"EntryPoint\",\"urlTemplate\":\"https:\/\/casadomarceneiroavare.com.br\/site\/?s={search_term_string}\"},\"query-input\":\"required name=search_term_string\"}],\"inLanguage\":\"pt-BR\"}]}<\/script>\n<!-- \/ Yoast SEO plugin. -->","yoast_head_json":{"title":"GROSS PONTA PHILIPS 50MM PH2 - Casa do Marceneiro - Home Center","robots":{"index":"index","follow":"follow","max-snippet":"max-snippet:-1","max-image-preview":"max-image-preview:large","max-video-preview":"max-video-preview:-1"},"canonical":"https:\/\/casadomarceneiroavare.com.br\/site\/produto\/gross-ponta-philips-50mm-ph2\/","og_locale":"pt_BR","og_type":"article","og_title":"GROSS PONTA PHILIPS 50MM PH2 - Casa do Marceneiro - Home Center","og_description":"Jogo de bits s\u00e3o indicados para uso em ferramentas el\u00e9tricas e manuais, para fixar e soltar parafusos em geral. S\u00e3o fabricados em a\u00e7o S2 de alta qualidade, durabilidade e resist\u00eancia. &nbsp; Detalhes T\u00e9cnicos: &#8211; Dureza de bits: 58-62 HR &#8211; Comprimento: 50mm &#8211; Encaixe: 1\/4 Pol. &#8211; Ponta: 1\/4 Pol. (PH2) &#8211; A\u00e7o S2","og_url":"https:\/\/casadomarceneiroavare.com.br\/site\/produto\/gross-ponta-philips-50mm-ph2\/","og_site_name":"Casa do Marceneiro - Home Center","article_modified_time":"2023-12-19T12:05:58+00:00","og_image":[{"width":600,"height":600,"url":"https:\/\/casadomarceneiroavare.com.br\/site\/wp-content\/uploads\/2020\/07\/gross-ponta-50-mm-ph2.jpg","type":"image\/jpeg"}],"twitter_card":"summary_large_image","twitter_misc":{"Est. tempo de leitura":"1 minuto"},"schema":{"@context":"https:\/\/schema.org","@graph":[{"@type":"WebPage","@id":"https:\/\/casadomarceneiroavare.com.br\/site\/produto\/gross-ponta-philips-50mm-ph2\/","url":"https:\/\/casadomarceneiroavare.com.br\/site\/produto\/gross-ponta-philips-50mm-ph2\/","name":"GROSS PONTA PHILIPS 50MM PH2 - Casa do Marceneiro - Home Center","isPartOf":{"@id":"https:\/\/casadomarceneiroavare.com.br\/site\/#website"},"datePublished":"2020-07-29T11:46:37+00:00","dateModified":"2023-12-19T12:05:58+00:00","breadcrumb":{"@id":"https:\/\/casadomarceneiroavare.com.br\/site\/produto\/gross-ponta-philips-50mm-ph2\/#breadcrumb"},"inLanguage":"pt-BR","potentialAction":[{"@type":"ReadAction","target":["https:\/\/casadomarceneiroavare.com.br\/site\/produto\/gross-ponta-philips-50mm-ph2\/"]}]},{"@type":"BreadcrumbList","@id":"https:\/\/casadomarceneiroavare.com.br\/site\/produto\/gross-ponta-philips-50mm-ph2\/#breadcrumb","itemListElement":[{"@type":"ListItem","position":1,"name":"Home","item":"https:\/\/casadomarceneiroavare.com.br\/site\/"},{"@type":"ListItem","position":2,"name":"Conhe\u00e7a nossos Produtos","item":"https:\/\/casadomarceneiroavare.com.br\/site\/shop\/"},{"@type":"ListItem","position":3,"name":"GROSS PONTA PHILIPS 50MM PH2"}]},{"@type":"WebSite","@id":"https:\/\/casadomarceneiroavare.com.br\/site\/#website","url":"https:\/\/casadomarceneiroavare.com.br\/site\/","name":"Casa do Marceneiro - Home Center","description":"Venha Conhecer o Maior Home Center da Regi\u00e3o, a Loja pra Fam\u00edlia toda","potentialAction":[{"@type":"SearchAction","target":{"@type":"EntryPoint","urlTemplate":"https:\/\/casadomarceneiroavare.com.br\/site\/?s={search_term_string}"},"query-input":"required name=search_term_string"}],"inLanguage":"pt-BR"}]}},"_links":{"self":[{"href":"https:\/\/casadomarceneiroavare.com.br\/site\/wp-json\/wp\/v2\/product\/5369"}],"collection":[{"href":"https:\/\/casadomarceneiroavare.com.br\/site\/wp-json\/wp\/v2\/product"}],"about":[{"href":"https:\/\/casadomarceneiroavare.com.br\/site\/wp-json\/wp\/v2\/types\/product"}],"replies":[{"embeddable":true,"href":"https:\/\/casadomarceneiroavare.com.br\/site\/wp-json\/wp\/v2\/comments?post=5369"}],"wp:featuredmedia":[{"embeddable":true,"href":"https:\/\/casadomarceneiroavare.com.br\/site\/wp-json\/wp\/v2\/media\/5370"}],"wp:attachment":[{"href":"https:\/\/casadomarceneiroavare.com.br\/site\/wp-json\/wp\/v2\/media?parent=5369"}],"curies":[{"name":"wp","href":"https:\/\/api.w.org\/{rel}","templated":true}]}}