{"id":5223,"date":"2019-12-11T09:58:42","date_gmt":"2019-12-11T11:58:42","guid":{"rendered":"http:\/\/www.casadomarceneiroavare.com.br\/loja\/?post_type=product&#038;p=5223"},"modified":"2019-12-11T09:58:43","modified_gmt":"2019-12-11T11:58:43","slug":"schulz-pinador-grampeador-pneumatico-spg1850f","status":"publish","type":"product","link":"https:\/\/casadomarceneiroavare.com.br\/site\/produto\/schulz-pinador-grampeador-pneumatico-spg1850f\/","title":{"rendered":"SCHULZ PINADOR GRAMPEADOR PNEUMATICO SPG1850F"},"content":{"rendered":"<ul>\n<li>DESCRI\u00c7\u00c3O DO PRODUTO :<\/li>\n<li><\/li>\n<li>Vers\u00e1til: Possibilita o uso de grampos e pinos<br \/>\n\u2022 Design moderno, leve, ergon\u00f4mico e de f\u00e1cil manuseio<br \/>\n\u2022 Sa\u00edda de ar ajust\u00e1vel 360\u00b0<br \/>\n\u2022 Indicado para tape\u00e7arias, m\u00f3veis, caixas de papel\u00e3o, artesanato, etc<br \/>\n\u2022 Acompanha maleta<\/p>\n<p>\u2022\u00a0<strong>Especifica\u00e7\u00f5es T\u00e9cnicas:<\/strong><br \/>\n&#8211; Di\u00e2metro da coroa 5,8mm<br \/>\n&#8211; Grampo do tipo Coroa 90<br \/>\n&#8211; Altura do grampo: 16 &#8211; 40mm<br \/>\n&#8211; Pino do tipo F18<br \/>\n&#8211; Altura do pino: 15 &#8211; 50 mm<br \/>\n&#8211; O di\u00e2metro do grampo e do pino: 1,2mm<br \/>\n&#8211; Capacidade do magazine: 100 pinos<br \/>\n&#8211; Consumo de ar m\u00e9dio: 1,2 l\/golpe<br \/>\n&#8211; Press\u00e3o de opera\u00e7\u00e3o: 70 \u2013 110 psi<br \/>\n&#8211; Entrada de ar: 1\/4&#8243; BSP<br \/>\n&#8211; Mangueira: 3\/8\u201d (10mm)<br \/>\n&#8211; N\u00edvel de ru\u00eddo: 87dBA<br \/>\n&#8211; N\u00edvel de ru\u00eddo: 1.9 m\/s\u00b2<br \/>\n&#8211; Altura x Comprimento: 215 x 265 mm<\/li>\n<\/ul>\n<p>&nbsp;<\/p>\n","protected":false},"excerpt":{"rendered":"<p>DESCRI\u00c7\u00c3O DO PRODUTO : Vers\u00e1til: Possibilita o uso de grampos e pinos \u2022 Design moderno, leve, ergon\u00f4mico e de f\u00e1cil manuseio \u2022 Sa\u00edda de ar ajust\u00e1vel 360\u00b0 \u2022 Indicado para tape\u00e7arias, m\u00f3veis, caixas de papel\u00e3o, artesanato, etc \u2022 Acompanha maleta \u2022\u00a0Especifica\u00e7\u00f5es T\u00e9cnicas: &#8211; Di\u00e2metro da coroa 5,8mm &#8211; Grampo do tipo Coroa 90 &#8211; Altura&#8230;<\/p>\n","protected":false},"featured_media":5224,"comment_status":"open","ping_status":"closed","template":"","meta":{"inline_featured_image":false},"yoast_head":"<!-- This site is optimized with the Yoast SEO plugin v21.7 - https:\/\/yoast.com\/wordpress\/plugins\/seo\/ -->\n<title>SCHULZ PINADOR GRAMPEADOR PNEUMATICO SPG1850F - Casa do Marceneiro - Home Center<\/title>\n<meta name=\"robots\" content=\"index, follow, max-snippet:-1, max-image-preview:large, max-video-preview:-1\" \/>\n<link rel=\"canonical\" href=\"https:\/\/casadomarceneiroavare.com.br\/site\/produto\/schulz-pinador-grampeador-pneumatico-spg1850f\/\" \/>\n<meta property=\"og:locale\" content=\"pt_BR\" \/>\n<meta property=\"og:type\" content=\"article\" \/>\n<meta property=\"og:title\" content=\"SCHULZ PINADOR GRAMPEADOR PNEUMATICO SPG1850F - Casa do Marceneiro - Home Center\" \/>\n<meta property=\"og:description\" content=\"DESCRI\u00c7\u00c3O DO PRODUTO : Vers\u00e1til: Possibilita o uso de grampos e pinos \u2022 Design moderno, leve, ergon\u00f4mico e de f\u00e1cil manuseio \u2022 Sa\u00edda de ar ajust\u00e1vel 360\u00b0 \u2022 Indicado para tape\u00e7arias, m\u00f3veis, caixas de papel\u00e3o, artesanato, etc \u2022 Acompanha maleta \u2022\u00a0Especifica\u00e7\u00f5es T\u00e9cnicas: &#8211; Di\u00e2metro da coroa 5,8mm &#8211; Grampo do tipo Coroa 90 &#8211; Altura...\" \/>\n<meta property=\"og:url\" content=\"https:\/\/casadomarceneiroavare.com.br\/site\/produto\/schulz-pinador-grampeador-pneumatico-spg1850f\/\" \/>\n<meta property=\"og:site_name\" content=\"Casa do Marceneiro - Home Center\" \/>\n<meta property=\"article:modified_time\" content=\"2019-12-11T11:58:43+00:00\" \/>\n<meta property=\"og:image\" content=\"https:\/\/casadomarceneiroavare.com.br\/site\/wp-content\/uploads\/2019\/12\/SCHULZ-1850F.jpg\" \/>\n\t<meta property=\"og:image:width\" content=\"1000\" \/>\n\t<meta property=\"og:image:height\" content=\"1000\" \/>\n\t<meta property=\"og:image:type\" content=\"image\/jpeg\" \/>\n<meta name=\"twitter:card\" content=\"summary_large_image\" \/>\n<meta name=\"twitter:label1\" content=\"Est. tempo de leitura\" \/>\n\t<meta name=\"twitter:data1\" content=\"1 minuto\" \/>\n<script type=\"application\/ld+json\" class=\"yoast-schema-graph\">{\"@context\":\"https:\/\/schema.org\",\"@graph\":[{\"@type\":\"WebPage\",\"@id\":\"https:\/\/casadomarceneiroavare.com.br\/site\/produto\/schulz-pinador-grampeador-pneumatico-spg1850f\/\",\"url\":\"https:\/\/casadomarceneiroavare.com.br\/site\/produto\/schulz-pinador-grampeador-pneumatico-spg1850f\/\",\"name\":\"SCHULZ PINADOR GRAMPEADOR PNEUMATICO SPG1850F - Casa do Marceneiro - Home Center\",\"isPartOf\":{\"@id\":\"https:\/\/casadomarceneiroavare.com.br\/site\/#website\"},\"datePublished\":\"2019-12-11T11:58:42+00:00\",\"dateModified\":\"2019-12-11T11:58:43+00:00\",\"breadcrumb\":{\"@id\":\"https:\/\/casadomarceneiroavare.com.br\/site\/produto\/schulz-pinador-grampeador-pneumatico-spg1850f\/#breadcrumb\"},\"inLanguage\":\"pt-BR\",\"potentialAction\":[{\"@type\":\"ReadAction\",\"target\":[\"https:\/\/casadomarceneiroavare.com.br\/site\/produto\/schulz-pinador-grampeador-pneumatico-spg1850f\/\"]}]},{\"@type\":\"BreadcrumbList\",\"@id\":\"https:\/\/casadomarceneiroavare.com.br\/site\/produto\/schulz-pinador-grampeador-pneumatico-spg1850f\/#breadcrumb\",\"itemListElement\":[{\"@type\":\"ListItem\",\"position\":1,\"name\":\"Home\",\"item\":\"https:\/\/casadomarceneiroavare.com.br\/site\/\"},{\"@type\":\"ListItem\",\"position\":2,\"name\":\"Conhe\u00e7a nossos Produtos\",\"item\":\"https:\/\/casadomarceneiroavare.com.br\/site\/shop\/\"},{\"@type\":\"ListItem\",\"position\":3,\"name\":\"SCHULZ PINADOR GRAMPEADOR PNEUMATICO SPG1850F\"}]},{\"@type\":\"WebSite\",\"@id\":\"https:\/\/casadomarceneiroavare.com.br\/site\/#website\",\"url\":\"https:\/\/casadomarceneiroavare.com.br\/site\/\",\"name\":\"Casa do Marceneiro - Home Center\",\"description\":\"Venha Conhecer o Maior Home Center da Regi\u00e3o, a Loja pra Fam\u00edlia toda\",\"potentialAction\":[{\"@type\":\"SearchAction\",\"target\":{\"@type\":\"EntryPoint\",\"urlTemplate\":\"https:\/\/casadomarceneiroavare.com.br\/site\/?s={search_term_string}\"},\"query-input\":\"required name=search_term_string\"}],\"inLanguage\":\"pt-BR\"}]}<\/script>\n<!-- \/ Yoast SEO plugin. -->","yoast_head_json":{"title":"SCHULZ PINADOR GRAMPEADOR PNEUMATICO SPG1850F - Casa do Marceneiro - Home Center","robots":{"index":"index","follow":"follow","max-snippet":"max-snippet:-1","max-image-preview":"max-image-preview:large","max-video-preview":"max-video-preview:-1"},"canonical":"https:\/\/casadomarceneiroavare.com.br\/site\/produto\/schulz-pinador-grampeador-pneumatico-spg1850f\/","og_locale":"pt_BR","og_type":"article","og_title":"SCHULZ PINADOR GRAMPEADOR PNEUMATICO SPG1850F - Casa do Marceneiro - Home Center","og_description":"DESCRI\u00c7\u00c3O DO PRODUTO : Vers\u00e1til: Possibilita o uso de grampos e pinos \u2022 Design moderno, leve, ergon\u00f4mico e de f\u00e1cil manuseio \u2022 Sa\u00edda de ar ajust\u00e1vel 360\u00b0 \u2022 Indicado para tape\u00e7arias, m\u00f3veis, caixas de papel\u00e3o, artesanato, etc \u2022 Acompanha maleta \u2022\u00a0Especifica\u00e7\u00f5es T\u00e9cnicas: &#8211; Di\u00e2metro da coroa 5,8mm &#8211; Grampo do tipo Coroa 90 &#8211; Altura...","og_url":"https:\/\/casadomarceneiroavare.com.br\/site\/produto\/schulz-pinador-grampeador-pneumatico-spg1850f\/","og_site_name":"Casa do Marceneiro - Home Center","article_modified_time":"2019-12-11T11:58:43+00:00","og_image":[{"width":1000,"height":1000,"url":"https:\/\/casadomarceneiroavare.com.br\/site\/wp-content\/uploads\/2019\/12\/SCHULZ-1850F.jpg","type":"image\/jpeg"}],"twitter_card":"summary_large_image","twitter_misc":{"Est. tempo de leitura":"1 minuto"},"schema":{"@context":"https:\/\/schema.org","@graph":[{"@type":"WebPage","@id":"https:\/\/casadomarceneiroavare.com.br\/site\/produto\/schulz-pinador-grampeador-pneumatico-spg1850f\/","url":"https:\/\/casadomarceneiroavare.com.br\/site\/produto\/schulz-pinador-grampeador-pneumatico-spg1850f\/","name":"SCHULZ PINADOR GRAMPEADOR PNEUMATICO SPG1850F - Casa do Marceneiro - Home Center","isPartOf":{"@id":"https:\/\/casadomarceneiroavare.com.br\/site\/#website"},"datePublished":"2019-12-11T11:58:42+00:00","dateModified":"2019-12-11T11:58:43+00:00","breadcrumb":{"@id":"https:\/\/casadomarceneiroavare.com.br\/site\/produto\/schulz-pinador-grampeador-pneumatico-spg1850f\/#breadcrumb"},"inLanguage":"pt-BR","potentialAction":[{"@type":"ReadAction","target":["https:\/\/casadomarceneiroavare.com.br\/site\/produto\/schulz-pinador-grampeador-pneumatico-spg1850f\/"]}]},{"@type":"BreadcrumbList","@id":"https:\/\/casadomarceneiroavare.com.br\/site\/produto\/schulz-pinador-grampeador-pneumatico-spg1850f\/#breadcrumb","itemListElement":[{"@type":"ListItem","position":1,"name":"Home","item":"https:\/\/casadomarceneiroavare.com.br\/site\/"},{"@type":"ListItem","position":2,"name":"Conhe\u00e7a nossos Produtos","item":"https:\/\/casadomarceneiroavare.com.br\/site\/shop\/"},{"@type":"ListItem","position":3,"name":"SCHULZ PINADOR GRAMPEADOR PNEUMATICO SPG1850F"}]},{"@type":"WebSite","@id":"https:\/\/casadomarceneiroavare.com.br\/site\/#website","url":"https:\/\/casadomarceneiroavare.com.br\/site\/","name":"Casa do Marceneiro - Home Center","description":"Venha Conhecer o Maior Home Center da Regi\u00e3o, a Loja pra Fam\u00edlia toda","potentialAction":[{"@type":"SearchAction","target":{"@type":"EntryPoint","urlTemplate":"https:\/\/casadomarceneiroavare.com.br\/site\/?s={search_term_string}"},"query-input":"required name=search_term_string"}],"inLanguage":"pt-BR"}]}},"_links":{"self":[{"href":"https:\/\/casadomarceneiroavare.com.br\/site\/wp-json\/wp\/v2\/product\/5223"}],"collection":[{"href":"https:\/\/casadomarceneiroavare.com.br\/site\/wp-json\/wp\/v2\/product"}],"about":[{"href":"https:\/\/casadomarceneiroavare.com.br\/site\/wp-json\/wp\/v2\/types\/product"}],"replies":[{"embeddable":true,"href":"https:\/\/casadomarceneiroavare.com.br\/site\/wp-json\/wp\/v2\/comments?post=5223"}],"wp:featuredmedia":[{"embeddable":true,"href":"https:\/\/casadomarceneiroavare.com.br\/site\/wp-json\/wp\/v2\/media\/5224"}],"wp:attachment":[{"href":"https:\/\/casadomarceneiroavare.com.br\/site\/wp-json\/wp\/v2\/media?parent=5223"}],"curies":[{"name":"wp","href":"https:\/\/api.w.org\/{rel}","templated":true}]}}