{"id":5207,"date":"2019-11-12T10:09:36","date_gmt":"2019-11-12T12:09:36","guid":{"rendered":"http:\/\/www.casadomarceneiroavare.com.br\/loja\/?post_type=product&#038;p=5207"},"modified":"2019-11-12T10:09:36","modified_gmt":"2019-11-12T12:09:36","slug":"mtx-martelo-borracha-preta-e-branca-111719","status":"publish","type":"product","link":"https:\/\/casadomarceneiroavare.com.br\/site\/produto\/mtx-martelo-borracha-preta-e-branca-111719\/","title":{"rendered":"MTX MARTELO BORRACHA PRETA E BRANCA 111719"},"content":{"rendered":"<div class=\"page-heading\"><\/div>\n<p>O martelo de borracha conta com cabo feito em fibra de vidro resistente \u00e0 solventes org\u00e2nicos, proporcionando o armazenamento da ferramenta em v\u00e1rias condi\u00e7\u00f5es. Possui dureza 75 na escala Shore A, permitindo maior efici\u00eancia na utiliza\u00e7\u00e3o.\u00a0Indicado para aplica\u00e7\u00e3o de porcelanato, com a parte branca e, com a parte preta, utiliza\u00e7\u00e3o em cer\u00e2mica.<\/p>\n<p>&nbsp;<\/p>\n<p><strong>&#8211; Caracter\u00edsticas<\/strong>:<br \/>\n:: Cor: Preto e branco<br \/>\n:: Dureza da ferramenta: 75, de acordo com escala Shore A<br \/>\n:: Medida: 60mm<br \/>\n:: Peso: 450g<br \/>\n:: Cabo de fibra com revestimento em borracha termopl\u00e1stica<\/p>\n","protected":false},"excerpt":{"rendered":"<p>O martelo de borracha conta com cabo feito em fibra de vidro resistente \u00e0 solventes org\u00e2nicos, proporcionando o armazenamento da ferramenta em v\u00e1rias condi\u00e7\u00f5es. Possui dureza 75 na escala Shore A, permitindo maior efici\u00eancia na utiliza\u00e7\u00e3o.\u00a0Indicado para aplica\u00e7\u00e3o de porcelanato, com a parte branca e, com a parte preta, utiliza\u00e7\u00e3o em cer\u00e2mica. &nbsp; &#8211; Caracter\u00edsticas:&#8230;<\/p>\n","protected":false},"featured_media":5209,"comment_status":"open","ping_status":"closed","template":"","meta":{"inline_featured_image":false},"yoast_head":"<!-- This site is optimized with the Yoast SEO plugin v21.7 - https:\/\/yoast.com\/wordpress\/plugins\/seo\/ -->\n<title>MTX MARTELO BORRACHA PRETA E BRANCA 111719 - Casa do Marceneiro - Home Center<\/title>\n<meta name=\"robots\" content=\"index, follow, max-snippet:-1, max-image-preview:large, max-video-preview:-1\" \/>\n<link rel=\"canonical\" href=\"https:\/\/casadomarceneiroavare.com.br\/site\/produto\/mtx-martelo-borracha-preta-e-branca-111719\/\" \/>\n<meta property=\"og:locale\" content=\"pt_BR\" \/>\n<meta property=\"og:type\" content=\"article\" \/>\n<meta property=\"og:title\" content=\"MTX MARTELO BORRACHA PRETA E BRANCA 111719 - Casa do Marceneiro - Home Center\" \/>\n<meta property=\"og:description\" content=\"O martelo de borracha conta com cabo feito em fibra de vidro resistente \u00e0 solventes org\u00e2nicos, proporcionando o armazenamento da ferramenta em v\u00e1rias condi\u00e7\u00f5es. Possui dureza 75 na escala Shore A, permitindo maior efici\u00eancia na utiliza\u00e7\u00e3o.\u00a0Indicado para aplica\u00e7\u00e3o de porcelanato, com a parte branca e, com a parte preta, utiliza\u00e7\u00e3o em cer\u00e2mica. &nbsp; &#8211; Caracter\u00edsticas:...\" \/>\n<meta property=\"og:url\" content=\"https:\/\/casadomarceneiroavare.com.br\/site\/produto\/mtx-martelo-borracha-preta-e-branca-111719\/\" \/>\n<meta property=\"og:site_name\" content=\"Casa do Marceneiro - Home Center\" \/>\n<meta property=\"og:image\" content=\"https:\/\/casadomarceneiroavare.com.br\/site\/wp-content\/uploads\/2019\/11\/Martelo-de-Borracha-Preta-e-Branca-450g-mtx-111719-1.jpg\" \/>\n\t<meta property=\"og:image:width\" content=\"1000\" \/>\n\t<meta property=\"og:image:height\" content=\"1000\" \/>\n\t<meta property=\"og:image:type\" content=\"image\/jpeg\" \/>\n<meta name=\"twitter:card\" content=\"summary_large_image\" \/>\n<script type=\"application\/ld+json\" class=\"yoast-schema-graph\">{\"@context\":\"https:\/\/schema.org\",\"@graph\":[{\"@type\":\"WebPage\",\"@id\":\"https:\/\/casadomarceneiroavare.com.br\/site\/produto\/mtx-martelo-borracha-preta-e-branca-111719\/\",\"url\":\"https:\/\/casadomarceneiroavare.com.br\/site\/produto\/mtx-martelo-borracha-preta-e-branca-111719\/\",\"name\":\"MTX MARTELO BORRACHA PRETA E BRANCA 111719 - Casa do Marceneiro - Home Center\",\"isPartOf\":{\"@id\":\"https:\/\/casadomarceneiroavare.com.br\/site\/#website\"},\"datePublished\":\"2019-11-12T12:09:36+00:00\",\"dateModified\":\"2019-11-12T12:09:36+00:00\",\"breadcrumb\":{\"@id\":\"https:\/\/casadomarceneiroavare.com.br\/site\/produto\/mtx-martelo-borracha-preta-e-branca-111719\/#breadcrumb\"},\"inLanguage\":\"pt-BR\",\"potentialAction\":[{\"@type\":\"ReadAction\",\"target\":[\"https:\/\/casadomarceneiroavare.com.br\/site\/produto\/mtx-martelo-borracha-preta-e-branca-111719\/\"]}]},{\"@type\":\"BreadcrumbList\",\"@id\":\"https:\/\/casadomarceneiroavare.com.br\/site\/produto\/mtx-martelo-borracha-preta-e-branca-111719\/#breadcrumb\",\"itemListElement\":[{\"@type\":\"ListItem\",\"position\":1,\"name\":\"Home\",\"item\":\"https:\/\/casadomarceneiroavare.com.br\/site\/\"},{\"@type\":\"ListItem\",\"position\":2,\"name\":\"Conhe\u00e7a nossos Produtos\",\"item\":\"https:\/\/casadomarceneiroavare.com.br\/site\/shop\/\"},{\"@type\":\"ListItem\",\"position\":3,\"name\":\"MTX MARTELO BORRACHA PRETA E BRANCA 111719\"}]},{\"@type\":\"WebSite\",\"@id\":\"https:\/\/casadomarceneiroavare.com.br\/site\/#website\",\"url\":\"https:\/\/casadomarceneiroavare.com.br\/site\/\",\"name\":\"Casa do Marceneiro - Home Center\",\"description\":\"Venha Conhecer o Maior Home Center da Regi\u00e3o, a Loja pra Fam\u00edlia toda\",\"potentialAction\":[{\"@type\":\"SearchAction\",\"target\":{\"@type\":\"EntryPoint\",\"urlTemplate\":\"https:\/\/casadomarceneiroavare.com.br\/site\/?s={search_term_string}\"},\"query-input\":\"required name=search_term_string\"}],\"inLanguage\":\"pt-BR\"}]}<\/script>\n<!-- \/ Yoast SEO plugin. -->","yoast_head_json":{"title":"MTX MARTELO BORRACHA PRETA E BRANCA 111719 - Casa do Marceneiro - Home Center","robots":{"index":"index","follow":"follow","max-snippet":"max-snippet:-1","max-image-preview":"max-image-preview:large","max-video-preview":"max-video-preview:-1"},"canonical":"https:\/\/casadomarceneiroavare.com.br\/site\/produto\/mtx-martelo-borracha-preta-e-branca-111719\/","og_locale":"pt_BR","og_type":"article","og_title":"MTX MARTELO BORRACHA PRETA E BRANCA 111719 - Casa do Marceneiro - Home Center","og_description":"O martelo de borracha conta com cabo feito em fibra de vidro resistente \u00e0 solventes org\u00e2nicos, proporcionando o armazenamento da ferramenta em v\u00e1rias condi\u00e7\u00f5es. Possui dureza 75 na escala Shore A, permitindo maior efici\u00eancia na utiliza\u00e7\u00e3o.\u00a0Indicado para aplica\u00e7\u00e3o de porcelanato, com a parte branca e, com a parte preta, utiliza\u00e7\u00e3o em cer\u00e2mica. &nbsp; &#8211; Caracter\u00edsticas:...","og_url":"https:\/\/casadomarceneiroavare.com.br\/site\/produto\/mtx-martelo-borracha-preta-e-branca-111719\/","og_site_name":"Casa do Marceneiro - Home Center","og_image":[{"width":1000,"height":1000,"url":"https:\/\/casadomarceneiroavare.com.br\/site\/wp-content\/uploads\/2019\/11\/Martelo-de-Borracha-Preta-e-Branca-450g-mtx-111719-1.jpg","type":"image\/jpeg"}],"twitter_card":"summary_large_image","schema":{"@context":"https:\/\/schema.org","@graph":[{"@type":"WebPage","@id":"https:\/\/casadomarceneiroavare.com.br\/site\/produto\/mtx-martelo-borracha-preta-e-branca-111719\/","url":"https:\/\/casadomarceneiroavare.com.br\/site\/produto\/mtx-martelo-borracha-preta-e-branca-111719\/","name":"MTX MARTELO BORRACHA PRETA E BRANCA 111719 - Casa do Marceneiro - Home Center","isPartOf":{"@id":"https:\/\/casadomarceneiroavare.com.br\/site\/#website"},"datePublished":"2019-11-12T12:09:36+00:00","dateModified":"2019-11-12T12:09:36+00:00","breadcrumb":{"@id":"https:\/\/casadomarceneiroavare.com.br\/site\/produto\/mtx-martelo-borracha-preta-e-branca-111719\/#breadcrumb"},"inLanguage":"pt-BR","potentialAction":[{"@type":"ReadAction","target":["https:\/\/casadomarceneiroavare.com.br\/site\/produto\/mtx-martelo-borracha-preta-e-branca-111719\/"]}]},{"@type":"BreadcrumbList","@id":"https:\/\/casadomarceneiroavare.com.br\/site\/produto\/mtx-martelo-borracha-preta-e-branca-111719\/#breadcrumb","itemListElement":[{"@type":"ListItem","position":1,"name":"Home","item":"https:\/\/casadomarceneiroavare.com.br\/site\/"},{"@type":"ListItem","position":2,"name":"Conhe\u00e7a nossos Produtos","item":"https:\/\/casadomarceneiroavare.com.br\/site\/shop\/"},{"@type":"ListItem","position":3,"name":"MTX MARTELO BORRACHA PRETA E BRANCA 111719"}]},{"@type":"WebSite","@id":"https:\/\/casadomarceneiroavare.com.br\/site\/#website","url":"https:\/\/casadomarceneiroavare.com.br\/site\/","name":"Casa do Marceneiro - Home Center","description":"Venha Conhecer o Maior Home Center da Regi\u00e3o, a Loja pra Fam\u00edlia toda","potentialAction":[{"@type":"SearchAction","target":{"@type":"EntryPoint","urlTemplate":"https:\/\/casadomarceneiroavare.com.br\/site\/?s={search_term_string}"},"query-input":"required name=search_term_string"}],"inLanguage":"pt-BR"}]}},"_links":{"self":[{"href":"https:\/\/casadomarceneiroavare.com.br\/site\/wp-json\/wp\/v2\/product\/5207"}],"collection":[{"href":"https:\/\/casadomarceneiroavare.com.br\/site\/wp-json\/wp\/v2\/product"}],"about":[{"href":"https:\/\/casadomarceneiroavare.com.br\/site\/wp-json\/wp\/v2\/types\/product"}],"replies":[{"embeddable":true,"href":"https:\/\/casadomarceneiroavare.com.br\/site\/wp-json\/wp\/v2\/comments?post=5207"}],"wp:featuredmedia":[{"embeddable":true,"href":"https:\/\/casadomarceneiroavare.com.br\/site\/wp-json\/wp\/v2\/media\/5209"}],"wp:attachment":[{"href":"https:\/\/casadomarceneiroavare.com.br\/site\/wp-json\/wp\/v2\/media?parent=5207"}],"curies":[{"name":"wp","href":"https:\/\/api.w.org\/{rel}","templated":true}]}}