{"id":5181,"date":"2019-10-30T09:51:20","date_gmt":"2019-10-30T11:51:20","guid":{"rendered":"http:\/\/www.casadomarceneiroavare.com.br\/loja\/?post_type=product&#038;p=5181"},"modified":"2019-10-30T09:51:20","modified_gmt":"2019-10-30T11:51:20","slug":"irwin-serrote-fastjack-22-iw44744","status":"publish","type":"product","link":"https:\/\/casadomarceneiroavare.com.br\/site\/produto\/irwin-serrote-fastjack-22-iw44744\/","title":{"rendered":"IRWIN SERROTE FASTJACK 22&#8221; IW44744"},"content":{"rendered":"<table class=\"group Especificacoes\" cellspacing=\"0\">\n<tbody>\n<tr class=\"even\">\n<th class=\"name-field DESCRICAO-DO-PRODUTO\">\u00a0PRODUTO<\/th>\n<td class=\"DESCRICAO-DO-PRODUTO\">Serrote Irwin Fast Jack 22&#8221;<\/p>\n<p>-Novo dente de fia\u00e7\u00e3o com triplo corte, que acelera o corte e agiliza o trabalho do usu\u00e1rio.<br \/>\n-Dentes temperados.<br \/>\n-Design do cabo leve, ergon\u00f4mico e confort\u00e1vel.<br \/>\n-Aplica\u00e7\u00e3o universal para diversos trabalhos e materiais.<br \/>\n-Desempenho comprovado para um corte mais c\u00f4modo e seguro.<\/p>\n<p>Medidas ; 550MM<\/td>\n<\/tr>\n<\/tbody>\n<\/table>\n<p>&nbsp;<\/p>\n<p>&nbsp;<\/p>\n<p>&nbsp;<\/p>\n<p>&nbsp;<\/p>\n<p>&nbsp;<\/p>\n","protected":false},"excerpt":{"rendered":"<p>\u00a0PRODUTO Serrote Irwin Fast Jack 22&#8221; -Novo dente de fia\u00e7\u00e3o com triplo corte, que acelera o corte e agiliza o trabalho do usu\u00e1rio. -Dentes temperados. -Design do cabo leve, ergon\u00f4mico e confort\u00e1vel. -Aplica\u00e7\u00e3o universal para diversos trabalhos e materiais. -Desempenho comprovado para um corte mais c\u00f4modo e seguro. Medidas ; 550MM &nbsp; &nbsp; &nbsp; &nbsp;&#8230;<\/p>\n","protected":false},"featured_media":5182,"comment_status":"open","ping_status":"closed","template":"","meta":{"inline_featured_image":false},"yoast_head":"<!-- This site is optimized with the Yoast SEO plugin v21.7 - https:\/\/yoast.com\/wordpress\/plugins\/seo\/ -->\n<title>IRWIN SERROTE FASTJACK 22&#039;&#039; IW44744 - Casa do Marceneiro - Home Center<\/title>\n<meta name=\"robots\" content=\"index, follow, max-snippet:-1, max-image-preview:large, max-video-preview:-1\" \/>\n<link rel=\"canonical\" href=\"https:\/\/casadomarceneiroavare.com.br\/site\/produto\/irwin-serrote-fastjack-22-iw44744\/\" \/>\n<meta property=\"og:locale\" content=\"pt_BR\" \/>\n<meta property=\"og:type\" content=\"article\" \/>\n<meta property=\"og:title\" content=\"IRWIN SERROTE FASTJACK 22&#039;&#039; IW44744 - Casa do Marceneiro - Home Center\" \/>\n<meta property=\"og:description\" content=\"\u00a0PRODUTO Serrote Irwin Fast Jack 22&#8221; -Novo dente de fia\u00e7\u00e3o com triplo corte, que acelera o corte e agiliza o trabalho do usu\u00e1rio. -Dentes temperados. -Design do cabo leve, ergon\u00f4mico e confort\u00e1vel. -Aplica\u00e7\u00e3o universal para diversos trabalhos e materiais. -Desempenho comprovado para um corte mais c\u00f4modo e seguro. Medidas ; 550MM &nbsp; &nbsp; &nbsp; &nbsp;...\" \/>\n<meta property=\"og:url\" content=\"https:\/\/casadomarceneiroavare.com.br\/site\/produto\/irwin-serrote-fastjack-22-iw44744\/\" \/>\n<meta property=\"og:site_name\" content=\"Casa do Marceneiro - Home Center\" \/>\n<meta property=\"og:image\" content=\"https:\/\/casadomarceneiroavare.com.br\/site\/wp-content\/uploads\/2019\/10\/IW44744-FAST-JACK-SERROTE.jpg\" \/>\n\t<meta property=\"og:image:width\" content=\"550\" \/>\n\t<meta property=\"og:image:height\" content=\"550\" \/>\n\t<meta property=\"og:image:type\" content=\"image\/jpeg\" \/>\n<meta name=\"twitter:card\" content=\"summary_large_image\" \/>\n<script type=\"application\/ld+json\" class=\"yoast-schema-graph\">{\"@context\":\"https:\/\/schema.org\",\"@graph\":[{\"@type\":\"WebPage\",\"@id\":\"https:\/\/casadomarceneiroavare.com.br\/site\/produto\/irwin-serrote-fastjack-22-iw44744\/\",\"url\":\"https:\/\/casadomarceneiroavare.com.br\/site\/produto\/irwin-serrote-fastjack-22-iw44744\/\",\"name\":\"IRWIN SERROTE FASTJACK 22'' IW44744 - Casa do Marceneiro - Home Center\",\"isPartOf\":{\"@id\":\"https:\/\/casadomarceneiroavare.com.br\/site\/#website\"},\"datePublished\":\"2019-10-30T11:51:20+00:00\",\"dateModified\":\"2019-10-30T11:51:20+00:00\",\"breadcrumb\":{\"@id\":\"https:\/\/casadomarceneiroavare.com.br\/site\/produto\/irwin-serrote-fastjack-22-iw44744\/#breadcrumb\"},\"inLanguage\":\"pt-BR\",\"potentialAction\":[{\"@type\":\"ReadAction\",\"target\":[\"https:\/\/casadomarceneiroavare.com.br\/site\/produto\/irwin-serrote-fastjack-22-iw44744\/\"]}]},{\"@type\":\"BreadcrumbList\",\"@id\":\"https:\/\/casadomarceneiroavare.com.br\/site\/produto\/irwin-serrote-fastjack-22-iw44744\/#breadcrumb\",\"itemListElement\":[{\"@type\":\"ListItem\",\"position\":1,\"name\":\"Home\",\"item\":\"https:\/\/casadomarceneiroavare.com.br\/site\/\"},{\"@type\":\"ListItem\",\"position\":2,\"name\":\"Conhe\u00e7a nossos Produtos\",\"item\":\"https:\/\/casadomarceneiroavare.com.br\/site\/shop\/\"},{\"@type\":\"ListItem\",\"position\":3,\"name\":\"IRWIN SERROTE FASTJACK 22&#8221; IW44744\"}]},{\"@type\":\"WebSite\",\"@id\":\"https:\/\/casadomarceneiroavare.com.br\/site\/#website\",\"url\":\"https:\/\/casadomarceneiroavare.com.br\/site\/\",\"name\":\"Casa do Marceneiro - Home Center\",\"description\":\"Venha Conhecer o Maior Home Center da Regi\u00e3o, a Loja pra Fam\u00edlia toda\",\"potentialAction\":[{\"@type\":\"SearchAction\",\"target\":{\"@type\":\"EntryPoint\",\"urlTemplate\":\"https:\/\/casadomarceneiroavare.com.br\/site\/?s={search_term_string}\"},\"query-input\":\"required name=search_term_string\"}],\"inLanguage\":\"pt-BR\"}]}<\/script>\n<!-- \/ Yoast SEO plugin. -->","yoast_head_json":{"title":"IRWIN SERROTE FASTJACK 22'' IW44744 - Casa do Marceneiro - Home Center","robots":{"index":"index","follow":"follow","max-snippet":"max-snippet:-1","max-image-preview":"max-image-preview:large","max-video-preview":"max-video-preview:-1"},"canonical":"https:\/\/casadomarceneiroavare.com.br\/site\/produto\/irwin-serrote-fastjack-22-iw44744\/","og_locale":"pt_BR","og_type":"article","og_title":"IRWIN SERROTE FASTJACK 22'' IW44744 - Casa do Marceneiro - Home Center","og_description":"\u00a0PRODUTO Serrote Irwin Fast Jack 22&#8221; -Novo dente de fia\u00e7\u00e3o com triplo corte, que acelera o corte e agiliza o trabalho do usu\u00e1rio. -Dentes temperados. -Design do cabo leve, ergon\u00f4mico e confort\u00e1vel. -Aplica\u00e7\u00e3o universal para diversos trabalhos e materiais. -Desempenho comprovado para um corte mais c\u00f4modo e seguro. Medidas ; 550MM &nbsp; &nbsp; &nbsp; &nbsp;...","og_url":"https:\/\/casadomarceneiroavare.com.br\/site\/produto\/irwin-serrote-fastjack-22-iw44744\/","og_site_name":"Casa do Marceneiro - Home Center","og_image":[{"width":550,"height":550,"url":"https:\/\/casadomarceneiroavare.com.br\/site\/wp-content\/uploads\/2019\/10\/IW44744-FAST-JACK-SERROTE.jpg","type":"image\/jpeg"}],"twitter_card":"summary_large_image","schema":{"@context":"https:\/\/schema.org","@graph":[{"@type":"WebPage","@id":"https:\/\/casadomarceneiroavare.com.br\/site\/produto\/irwin-serrote-fastjack-22-iw44744\/","url":"https:\/\/casadomarceneiroavare.com.br\/site\/produto\/irwin-serrote-fastjack-22-iw44744\/","name":"IRWIN SERROTE FASTJACK 22'' IW44744 - Casa do Marceneiro - Home Center","isPartOf":{"@id":"https:\/\/casadomarceneiroavare.com.br\/site\/#website"},"datePublished":"2019-10-30T11:51:20+00:00","dateModified":"2019-10-30T11:51:20+00:00","breadcrumb":{"@id":"https:\/\/casadomarceneiroavare.com.br\/site\/produto\/irwin-serrote-fastjack-22-iw44744\/#breadcrumb"},"inLanguage":"pt-BR","potentialAction":[{"@type":"ReadAction","target":["https:\/\/casadomarceneiroavare.com.br\/site\/produto\/irwin-serrote-fastjack-22-iw44744\/"]}]},{"@type":"BreadcrumbList","@id":"https:\/\/casadomarceneiroavare.com.br\/site\/produto\/irwin-serrote-fastjack-22-iw44744\/#breadcrumb","itemListElement":[{"@type":"ListItem","position":1,"name":"Home","item":"https:\/\/casadomarceneiroavare.com.br\/site\/"},{"@type":"ListItem","position":2,"name":"Conhe\u00e7a nossos Produtos","item":"https:\/\/casadomarceneiroavare.com.br\/site\/shop\/"},{"@type":"ListItem","position":3,"name":"IRWIN SERROTE FASTJACK 22&#8221; IW44744"}]},{"@type":"WebSite","@id":"https:\/\/casadomarceneiroavare.com.br\/site\/#website","url":"https:\/\/casadomarceneiroavare.com.br\/site\/","name":"Casa do Marceneiro - Home Center","description":"Venha Conhecer o Maior Home Center da Regi\u00e3o, a Loja pra Fam\u00edlia toda","potentialAction":[{"@type":"SearchAction","target":{"@type":"EntryPoint","urlTemplate":"https:\/\/casadomarceneiroavare.com.br\/site\/?s={search_term_string}"},"query-input":"required name=search_term_string"}],"inLanguage":"pt-BR"}]}},"_links":{"self":[{"href":"https:\/\/casadomarceneiroavare.com.br\/site\/wp-json\/wp\/v2\/product\/5181"}],"collection":[{"href":"https:\/\/casadomarceneiroavare.com.br\/site\/wp-json\/wp\/v2\/product"}],"about":[{"href":"https:\/\/casadomarceneiroavare.com.br\/site\/wp-json\/wp\/v2\/types\/product"}],"replies":[{"embeddable":true,"href":"https:\/\/casadomarceneiroavare.com.br\/site\/wp-json\/wp\/v2\/comments?post=5181"}],"wp:featuredmedia":[{"embeddable":true,"href":"https:\/\/casadomarceneiroavare.com.br\/site\/wp-json\/wp\/v2\/media\/5182"}],"wp:attachment":[{"href":"https:\/\/casadomarceneiroavare.com.br\/site\/wp-json\/wp\/v2\/media?parent=5181"}],"curies":[{"name":"wp","href":"https:\/\/api.w.org\/{rel}","templated":true}]}}