{"id":5178,"date":"2019-10-25T11:21:11","date_gmt":"2019-10-25T13:21:11","guid":{"rendered":"http:\/\/www.casadomarceneiroavare.com.br\/loja\/?post_type=product&#038;p=5178"},"modified":"2026-04-21T17:19:56","modified_gmt":"2026-04-21T20:19:56","slug":"irwin-grampo-rapido-36-91cm-medium-duty","status":"publish","type":"product","link":"https:\/\/casadomarceneiroavare.com.br\/site\/produto\/irwin-grampo-rapido-36-91cm-medium-duty\/","title":{"rendered":"IRWIN GRAMPO R\u00c1PIDO 36&#8221;  91CM MEDIUM DUTY"},"content":{"rendered":"<p>Feito de um conjunto de fibra de vidro resistente e pl\u00e1stico com\u00a0 barra de a\u00e7o inoxid\u00e1vel e borrachas de alta ader\u00eancia<br \/>\n\u2022 A mand\u00edbula rotativa adapta-se \u00e0s superf\u00edcies irregulares e combate a flex\u00e3o inevit\u00e1vel com grampos de resina<br \/>\n\u2022 O parafuso de troca r\u00e1pida agiliza a convers\u00e3o do prolongador e elimina batidas na extremidade da mand\u00edbula<br \/>\n\u2022 Medida: 36&#8243;<br \/>\n\u2022 Comprimento da abertura: 94cm<br \/>\n\u2022 Profundidade da garganta:\u00a03-1\/4&#8243;<br \/>\n\u2022\u00a0Comprimento da haste: 1009mm<\/p>\n<p>&nbsp;<\/p>\n<p>&nbsp;<\/p>\n<p>&nbsp;<\/p>\n<p>&nbsp;<\/p>\n","protected":false},"excerpt":{"rendered":"<p>Feito de um conjunto de fibra de vidro resistente e pl\u00e1stico com\u00a0 barra de a\u00e7o inoxid\u00e1vel e borrachas de alta ader\u00eancia \u2022 A mand\u00edbula rotativa adapta-se \u00e0s superf\u00edcies irregulares e combate a flex\u00e3o inevit\u00e1vel com grampos de resina \u2022 O parafuso de troca r\u00e1pida agiliza a convers\u00e3o do prolongador e elimina batidas na extremidade da&#8230;<\/p>\n","protected":false},"featured_media":5179,"comment_status":"open","ping_status":"closed","template":"","meta":{"inline_featured_image":false},"yoast_head":"<!-- This site is optimized with the Yoast SEO plugin v21.7 - https:\/\/yoast.com\/wordpress\/plugins\/seo\/ -->\n<title>IRWIN GRAMPO R\u00c1PIDO 36&#039;&#039; 91CM MEDIUM DUTY - Casa do Marceneiro - Home Center<\/title>\n<meta name=\"robots\" content=\"index, follow, max-snippet:-1, max-image-preview:large, max-video-preview:-1\" \/>\n<link rel=\"canonical\" href=\"https:\/\/casadomarceneiroavare.com.br\/site\/produto\/irwin-grampo-rapido-36-91cm-medium-duty\/\" \/>\n<meta property=\"og:locale\" content=\"pt_BR\" \/>\n<meta property=\"og:type\" content=\"article\" \/>\n<meta property=\"og:title\" content=\"IRWIN GRAMPO R\u00c1PIDO 36&#039;&#039; 91CM MEDIUM DUTY - Casa do Marceneiro - Home Center\" \/>\n<meta property=\"og:description\" content=\"Feito de um conjunto de fibra de vidro resistente e pl\u00e1stico com\u00a0 barra de a\u00e7o inoxid\u00e1vel e borrachas de alta ader\u00eancia \u2022 A mand\u00edbula rotativa adapta-se \u00e0s superf\u00edcies irregulares e combate a flex\u00e3o inevit\u00e1vel com grampos de resina \u2022 O parafuso de troca r\u00e1pida agiliza a convers\u00e3o do prolongador e elimina batidas na extremidade da...\" \/>\n<meta property=\"og:url\" content=\"https:\/\/casadomarceneiroavare.com.br\/site\/produto\/irwin-grampo-rapido-36-91cm-medium-duty\/\" \/>\n<meta property=\"og:site_name\" content=\"Casa do Marceneiro - Home Center\" \/>\n<meta property=\"article:modified_time\" content=\"2026-04-21T20:19:56+00:00\" \/>\n<meta property=\"og:image\" content=\"https:\/\/casadomarceneiroavare.com.br\/site\/wp-content\/uploads\/2019\/10\/Grampo-Rapido-Quick-Grip-36-Pol-91cm-Medium-Duty.jpg\" \/>\n\t<meta property=\"og:image:width\" content=\"1000\" \/>\n\t<meta property=\"og:image:height\" content=\"1000\" \/>\n\t<meta property=\"og:image:type\" content=\"image\/jpeg\" \/>\n<meta name=\"twitter:card\" content=\"summary_large_image\" \/>\n<script type=\"application\/ld+json\" class=\"yoast-schema-graph\">{\"@context\":\"https:\/\/schema.org\",\"@graph\":[{\"@type\":\"WebPage\",\"@id\":\"https:\/\/casadomarceneiroavare.com.br\/site\/produto\/irwin-grampo-rapido-36-91cm-medium-duty\/\",\"url\":\"https:\/\/casadomarceneiroavare.com.br\/site\/produto\/irwin-grampo-rapido-36-91cm-medium-duty\/\",\"name\":\"IRWIN GRAMPO R\u00c1PIDO 36'' 91CM MEDIUM DUTY - Casa do Marceneiro - Home Center\",\"isPartOf\":{\"@id\":\"https:\/\/casadomarceneiroavare.com.br\/site\/#website\"},\"datePublished\":\"2019-10-25T13:21:11+00:00\",\"dateModified\":\"2026-04-21T20:19:56+00:00\",\"breadcrumb\":{\"@id\":\"https:\/\/casadomarceneiroavare.com.br\/site\/produto\/irwin-grampo-rapido-36-91cm-medium-duty\/#breadcrumb\"},\"inLanguage\":\"pt-BR\",\"potentialAction\":[{\"@type\":\"ReadAction\",\"target\":[\"https:\/\/casadomarceneiroavare.com.br\/site\/produto\/irwin-grampo-rapido-36-91cm-medium-duty\/\"]}]},{\"@type\":\"BreadcrumbList\",\"@id\":\"https:\/\/casadomarceneiroavare.com.br\/site\/produto\/irwin-grampo-rapido-36-91cm-medium-duty\/#breadcrumb\",\"itemListElement\":[{\"@type\":\"ListItem\",\"position\":1,\"name\":\"Home\",\"item\":\"https:\/\/casadomarceneiroavare.com.br\/site\/\"},{\"@type\":\"ListItem\",\"position\":2,\"name\":\"Conhe\u00e7a nossos Produtos\",\"item\":\"https:\/\/casadomarceneiroavare.com.br\/site\/shop\/\"},{\"@type\":\"ListItem\",\"position\":3,\"name\":\"IRWIN GRAMPO R\u00c1PIDO 36&#8221; 91CM MEDIUM DUTY\"}]},{\"@type\":\"WebSite\",\"@id\":\"https:\/\/casadomarceneiroavare.com.br\/site\/#website\",\"url\":\"https:\/\/casadomarceneiroavare.com.br\/site\/\",\"name\":\"Casa do Marceneiro - Home Center\",\"description\":\"Venha Conhecer o Maior Home Center da Regi\u00e3o, a Loja pra Fam\u00edlia toda\",\"potentialAction\":[{\"@type\":\"SearchAction\",\"target\":{\"@type\":\"EntryPoint\",\"urlTemplate\":\"https:\/\/casadomarceneiroavare.com.br\/site\/?s={search_term_string}\"},\"query-input\":\"required name=search_term_string\"}],\"inLanguage\":\"pt-BR\"}]}<\/script>\n<!-- \/ Yoast SEO plugin. -->","yoast_head_json":{"title":"IRWIN GRAMPO R\u00c1PIDO 36'' 91CM MEDIUM DUTY - Casa do Marceneiro - Home Center","robots":{"index":"index","follow":"follow","max-snippet":"max-snippet:-1","max-image-preview":"max-image-preview:large","max-video-preview":"max-video-preview:-1"},"canonical":"https:\/\/casadomarceneiroavare.com.br\/site\/produto\/irwin-grampo-rapido-36-91cm-medium-duty\/","og_locale":"pt_BR","og_type":"article","og_title":"IRWIN GRAMPO R\u00c1PIDO 36'' 91CM MEDIUM DUTY - Casa do Marceneiro - Home Center","og_description":"Feito de um conjunto de fibra de vidro resistente e pl\u00e1stico com\u00a0 barra de a\u00e7o inoxid\u00e1vel e borrachas de alta ader\u00eancia \u2022 A mand\u00edbula rotativa adapta-se \u00e0s superf\u00edcies irregulares e combate a flex\u00e3o inevit\u00e1vel com grampos de resina \u2022 O parafuso de troca r\u00e1pida agiliza a convers\u00e3o do prolongador e elimina batidas na extremidade da...","og_url":"https:\/\/casadomarceneiroavare.com.br\/site\/produto\/irwin-grampo-rapido-36-91cm-medium-duty\/","og_site_name":"Casa do Marceneiro - Home Center","article_modified_time":"2026-04-21T20:19:56+00:00","og_image":[{"width":1000,"height":1000,"url":"https:\/\/casadomarceneiroavare.com.br\/site\/wp-content\/uploads\/2019\/10\/Grampo-Rapido-Quick-Grip-36-Pol-91cm-Medium-Duty.jpg","type":"image\/jpeg"}],"twitter_card":"summary_large_image","schema":{"@context":"https:\/\/schema.org","@graph":[{"@type":"WebPage","@id":"https:\/\/casadomarceneiroavare.com.br\/site\/produto\/irwin-grampo-rapido-36-91cm-medium-duty\/","url":"https:\/\/casadomarceneiroavare.com.br\/site\/produto\/irwin-grampo-rapido-36-91cm-medium-duty\/","name":"IRWIN GRAMPO R\u00c1PIDO 36'' 91CM MEDIUM DUTY - Casa do Marceneiro - Home Center","isPartOf":{"@id":"https:\/\/casadomarceneiroavare.com.br\/site\/#website"},"datePublished":"2019-10-25T13:21:11+00:00","dateModified":"2026-04-21T20:19:56+00:00","breadcrumb":{"@id":"https:\/\/casadomarceneiroavare.com.br\/site\/produto\/irwin-grampo-rapido-36-91cm-medium-duty\/#breadcrumb"},"inLanguage":"pt-BR","potentialAction":[{"@type":"ReadAction","target":["https:\/\/casadomarceneiroavare.com.br\/site\/produto\/irwin-grampo-rapido-36-91cm-medium-duty\/"]}]},{"@type":"BreadcrumbList","@id":"https:\/\/casadomarceneiroavare.com.br\/site\/produto\/irwin-grampo-rapido-36-91cm-medium-duty\/#breadcrumb","itemListElement":[{"@type":"ListItem","position":1,"name":"Home","item":"https:\/\/casadomarceneiroavare.com.br\/site\/"},{"@type":"ListItem","position":2,"name":"Conhe\u00e7a nossos Produtos","item":"https:\/\/casadomarceneiroavare.com.br\/site\/shop\/"},{"@type":"ListItem","position":3,"name":"IRWIN GRAMPO R\u00c1PIDO 36&#8221; 91CM MEDIUM DUTY"}]},{"@type":"WebSite","@id":"https:\/\/casadomarceneiroavare.com.br\/site\/#website","url":"https:\/\/casadomarceneiroavare.com.br\/site\/","name":"Casa do Marceneiro - Home Center","description":"Venha Conhecer o Maior Home Center da Regi\u00e3o, a Loja pra Fam\u00edlia toda","potentialAction":[{"@type":"SearchAction","target":{"@type":"EntryPoint","urlTemplate":"https:\/\/casadomarceneiroavare.com.br\/site\/?s={search_term_string}"},"query-input":"required name=search_term_string"}],"inLanguage":"pt-BR"}]}},"_links":{"self":[{"href":"https:\/\/casadomarceneiroavare.com.br\/site\/wp-json\/wp\/v2\/product\/5178"}],"collection":[{"href":"https:\/\/casadomarceneiroavare.com.br\/site\/wp-json\/wp\/v2\/product"}],"about":[{"href":"https:\/\/casadomarceneiroavare.com.br\/site\/wp-json\/wp\/v2\/types\/product"}],"replies":[{"embeddable":true,"href":"https:\/\/casadomarceneiroavare.com.br\/site\/wp-json\/wp\/v2\/comments?post=5178"}],"wp:featuredmedia":[{"embeddable":true,"href":"https:\/\/casadomarceneiroavare.com.br\/site\/wp-json\/wp\/v2\/media\/5179"}],"wp:attachment":[{"href":"https:\/\/casadomarceneiroavare.com.br\/site\/wp-json\/wp\/v2\/media?parent=5178"}],"curies":[{"name":"wp","href":"https:\/\/api.w.org\/{rel}","templated":true}]}}