{"id":5149,"date":"2019-10-08T17:27:02","date_gmt":"2019-10-08T19:27:02","guid":{"rendered":"http:\/\/www.casadomarceneiroavare.com.br\/loja\/?post_type=product&#038;p=5149"},"modified":"2025-08-18T17:42:32","modified_gmt":"2025-08-18T20:42:32","slug":"mtx-sargento-de-ranhura-12-204059","status":"publish","type":"product","link":"https:\/\/casadomarceneiroavare.com.br\/site\/produto\/mtx-sargento-de-ranhura-12-204059\/","title":{"rendered":"MTX SARGENTO DE RANHURA 12&#8221; &#8211; 204059"},"content":{"rendered":"<p>O Grampo Sargento para marceneiro de 12&#8243; da MTX \u00e9 ideal para utiliza\u00e7\u00e3o em carpintarias e marcenaria<\/p>\n<p>O Grampo sargento \u00e9 feito de pl\u00e1stico resistente a golpes com guia de a\u00e7o. Os dentes tem placas especiais para evitar a deforma\u00e7\u00e3o de pe\u00e7as em processamento. O dente da base pode ser deslocado ao longo de toda a guia e \u00e9 fixado por meio de um cabo, pode tamb\u00e9m ser deslocado para a outra extremidade da guia, o que permite usar o grampo &#8220;para descerrar&#8221;<\/p>\n<p>Possui corpo em a\u00e7o carbono, cabo emborrachado. Acompanha 2 protetores pl\u00e1stico para mordente.<\/p>\n<p>&nbsp;<\/p>\n<p>&nbsp;<\/p>\n<p>&nbsp;<\/p>\n","protected":false},"excerpt":{"rendered":"<p>O Grampo Sargento para marceneiro de 12&#8243; da MTX \u00e9 ideal para utiliza\u00e7\u00e3o em carpintarias e marcenaria O Grampo sargento \u00e9 feito de pl\u00e1stico resistente a golpes com guia de a\u00e7o. Os dentes tem placas especiais para evitar a deforma\u00e7\u00e3o de pe\u00e7as em processamento. O dente da base pode ser deslocado ao longo de toda&#8230;<\/p>\n","protected":false},"featured_media":5150,"comment_status":"open","ping_status":"closed","template":"","meta":{"inline_featured_image":false},"yoast_head":"<!-- This site is optimized with the Yoast SEO plugin v21.7 - https:\/\/yoast.com\/wordpress\/plugins\/seo\/ -->\n<title>MTX SARGENTO DE RANHURA 12&#039;&#039; - 204059 - Casa do Marceneiro - Home Center<\/title>\n<meta name=\"robots\" content=\"index, follow, max-snippet:-1, max-image-preview:large, max-video-preview:-1\" \/>\n<link rel=\"canonical\" href=\"https:\/\/casadomarceneiroavare.com.br\/site\/produto\/mtx-sargento-de-ranhura-12-204059\/\" \/>\n<meta property=\"og:locale\" content=\"pt_BR\" \/>\n<meta property=\"og:type\" content=\"article\" \/>\n<meta property=\"og:title\" content=\"MTX SARGENTO DE RANHURA 12&#039;&#039; - 204059 - Casa do Marceneiro - Home Center\" \/>\n<meta property=\"og:description\" content=\"O Grampo Sargento para marceneiro de 12&#8243; da MTX \u00e9 ideal para utiliza\u00e7\u00e3o em carpintarias e marcenaria O Grampo sargento \u00e9 feito de pl\u00e1stico resistente a golpes com guia de a\u00e7o. Os dentes tem placas especiais para evitar a deforma\u00e7\u00e3o de pe\u00e7as em processamento. O dente da base pode ser deslocado ao longo de toda...\" \/>\n<meta property=\"og:url\" content=\"https:\/\/casadomarceneiroavare.com.br\/site\/produto\/mtx-sargento-de-ranhura-12-204059\/\" \/>\n<meta property=\"og:site_name\" content=\"Casa do Marceneiro - Home Center\" \/>\n<meta property=\"article:modified_time\" content=\"2025-08-18T20:42:32+00:00\" \/>\n<meta property=\"og:image\" content=\"https:\/\/casadomarceneiroavare.com.br\/site\/wp-content\/uploads\/2019\/10\/mtx-sargento-de-ranhura-300x50x370mm.jpg\" \/>\n\t<meta property=\"og:image:width\" content=\"500\" \/>\n\t<meta property=\"og:image:height\" content=\"500\" \/>\n\t<meta property=\"og:image:type\" content=\"image\/jpeg\" \/>\n<meta name=\"twitter:card\" content=\"summary_large_image\" \/>\n<meta name=\"twitter:label1\" content=\"Est. tempo de leitura\" \/>\n\t<meta name=\"twitter:data1\" content=\"1 minuto\" \/>\n<script type=\"application\/ld+json\" class=\"yoast-schema-graph\">{\"@context\":\"https:\/\/schema.org\",\"@graph\":[{\"@type\":\"WebPage\",\"@id\":\"https:\/\/casadomarceneiroavare.com.br\/site\/produto\/mtx-sargento-de-ranhura-12-204059\/\",\"url\":\"https:\/\/casadomarceneiroavare.com.br\/site\/produto\/mtx-sargento-de-ranhura-12-204059\/\",\"name\":\"MTX SARGENTO DE RANHURA 12'' - 204059 - Casa do Marceneiro - Home Center\",\"isPartOf\":{\"@id\":\"https:\/\/casadomarceneiroavare.com.br\/site\/#website\"},\"datePublished\":\"2019-10-08T19:27:02+00:00\",\"dateModified\":\"2025-08-18T20:42:32+00:00\",\"breadcrumb\":{\"@id\":\"https:\/\/casadomarceneiroavare.com.br\/site\/produto\/mtx-sargento-de-ranhura-12-204059\/#breadcrumb\"},\"inLanguage\":\"pt-BR\",\"potentialAction\":[{\"@type\":\"ReadAction\",\"target\":[\"https:\/\/casadomarceneiroavare.com.br\/site\/produto\/mtx-sargento-de-ranhura-12-204059\/\"]}]},{\"@type\":\"BreadcrumbList\",\"@id\":\"https:\/\/casadomarceneiroavare.com.br\/site\/produto\/mtx-sargento-de-ranhura-12-204059\/#breadcrumb\",\"itemListElement\":[{\"@type\":\"ListItem\",\"position\":1,\"name\":\"Home\",\"item\":\"https:\/\/casadomarceneiroavare.com.br\/site\/\"},{\"@type\":\"ListItem\",\"position\":2,\"name\":\"Conhe\u00e7a nossos Produtos\",\"item\":\"https:\/\/casadomarceneiroavare.com.br\/site\/shop\/\"},{\"@type\":\"ListItem\",\"position\":3,\"name\":\"MTX SARGENTO DE RANHURA 12&#8221; &#8211; 204059\"}]},{\"@type\":\"WebSite\",\"@id\":\"https:\/\/casadomarceneiroavare.com.br\/site\/#website\",\"url\":\"https:\/\/casadomarceneiroavare.com.br\/site\/\",\"name\":\"Casa do Marceneiro - Home Center\",\"description\":\"Venha Conhecer o Maior Home Center da Regi\u00e3o, a Loja pra Fam\u00edlia toda\",\"potentialAction\":[{\"@type\":\"SearchAction\",\"target\":{\"@type\":\"EntryPoint\",\"urlTemplate\":\"https:\/\/casadomarceneiroavare.com.br\/site\/?s={search_term_string}\"},\"query-input\":\"required name=search_term_string\"}],\"inLanguage\":\"pt-BR\"}]}<\/script>\n<!-- \/ Yoast SEO plugin. -->","yoast_head_json":{"title":"MTX SARGENTO DE RANHURA 12'' - 204059 - Casa do Marceneiro - Home Center","robots":{"index":"index","follow":"follow","max-snippet":"max-snippet:-1","max-image-preview":"max-image-preview:large","max-video-preview":"max-video-preview:-1"},"canonical":"https:\/\/casadomarceneiroavare.com.br\/site\/produto\/mtx-sargento-de-ranhura-12-204059\/","og_locale":"pt_BR","og_type":"article","og_title":"MTX SARGENTO DE RANHURA 12'' - 204059 - Casa do Marceneiro - Home Center","og_description":"O Grampo Sargento para marceneiro de 12&#8243; da MTX \u00e9 ideal para utiliza\u00e7\u00e3o em carpintarias e marcenaria O Grampo sargento \u00e9 feito de pl\u00e1stico resistente a golpes com guia de a\u00e7o. Os dentes tem placas especiais para evitar a deforma\u00e7\u00e3o de pe\u00e7as em processamento. O dente da base pode ser deslocado ao longo de toda...","og_url":"https:\/\/casadomarceneiroavare.com.br\/site\/produto\/mtx-sargento-de-ranhura-12-204059\/","og_site_name":"Casa do Marceneiro - Home Center","article_modified_time":"2025-08-18T20:42:32+00:00","og_image":[{"width":500,"height":500,"url":"https:\/\/casadomarceneiroavare.com.br\/site\/wp-content\/uploads\/2019\/10\/mtx-sargento-de-ranhura-300x50x370mm.jpg","type":"image\/jpeg"}],"twitter_card":"summary_large_image","twitter_misc":{"Est. tempo de leitura":"1 minuto"},"schema":{"@context":"https:\/\/schema.org","@graph":[{"@type":"WebPage","@id":"https:\/\/casadomarceneiroavare.com.br\/site\/produto\/mtx-sargento-de-ranhura-12-204059\/","url":"https:\/\/casadomarceneiroavare.com.br\/site\/produto\/mtx-sargento-de-ranhura-12-204059\/","name":"MTX SARGENTO DE RANHURA 12'' - 204059 - Casa do Marceneiro - Home Center","isPartOf":{"@id":"https:\/\/casadomarceneiroavare.com.br\/site\/#website"},"datePublished":"2019-10-08T19:27:02+00:00","dateModified":"2025-08-18T20:42:32+00:00","breadcrumb":{"@id":"https:\/\/casadomarceneiroavare.com.br\/site\/produto\/mtx-sargento-de-ranhura-12-204059\/#breadcrumb"},"inLanguage":"pt-BR","potentialAction":[{"@type":"ReadAction","target":["https:\/\/casadomarceneiroavare.com.br\/site\/produto\/mtx-sargento-de-ranhura-12-204059\/"]}]},{"@type":"BreadcrumbList","@id":"https:\/\/casadomarceneiroavare.com.br\/site\/produto\/mtx-sargento-de-ranhura-12-204059\/#breadcrumb","itemListElement":[{"@type":"ListItem","position":1,"name":"Home","item":"https:\/\/casadomarceneiroavare.com.br\/site\/"},{"@type":"ListItem","position":2,"name":"Conhe\u00e7a nossos Produtos","item":"https:\/\/casadomarceneiroavare.com.br\/site\/shop\/"},{"@type":"ListItem","position":3,"name":"MTX SARGENTO DE RANHURA 12&#8221; &#8211; 204059"}]},{"@type":"WebSite","@id":"https:\/\/casadomarceneiroavare.com.br\/site\/#website","url":"https:\/\/casadomarceneiroavare.com.br\/site\/","name":"Casa do Marceneiro - Home Center","description":"Venha Conhecer o Maior Home Center da Regi\u00e3o, a Loja pra Fam\u00edlia toda","potentialAction":[{"@type":"SearchAction","target":{"@type":"EntryPoint","urlTemplate":"https:\/\/casadomarceneiroavare.com.br\/site\/?s={search_term_string}"},"query-input":"required name=search_term_string"}],"inLanguage":"pt-BR"}]}},"_links":{"self":[{"href":"https:\/\/casadomarceneiroavare.com.br\/site\/wp-json\/wp\/v2\/product\/5149"}],"collection":[{"href":"https:\/\/casadomarceneiroavare.com.br\/site\/wp-json\/wp\/v2\/product"}],"about":[{"href":"https:\/\/casadomarceneiroavare.com.br\/site\/wp-json\/wp\/v2\/types\/product"}],"replies":[{"embeddable":true,"href":"https:\/\/casadomarceneiroavare.com.br\/site\/wp-json\/wp\/v2\/comments?post=5149"}],"wp:featuredmedia":[{"embeddable":true,"href":"https:\/\/casadomarceneiroavare.com.br\/site\/wp-json\/wp\/v2\/media\/5150"}],"wp:attachment":[{"href":"https:\/\/casadomarceneiroavare.com.br\/site\/wp-json\/wp\/v2\/media?parent=5149"}],"curies":[{"name":"wp","href":"https:\/\/api.w.org\/{rel}","templated":true}]}}