{"id":5146,"date":"2019-10-08T17:11:47","date_gmt":"2019-10-08T19:11:47","guid":{"rendered":"http:\/\/www.casadomarceneiroavare.com.br\/loja\/?post_type=product&#038;p=5146"},"modified":"2019-10-08T17:11:47","modified_gmt":"2019-10-08T19:11:47","slug":"mtx-serra-de-esquadria-manual-227409","status":"publish","type":"product","link":"https:\/\/casadomarceneiroavare.com.br\/site\/produto\/mtx-serra-de-esquadria-manual-227409\/","title":{"rendered":"MTX SERRA DE ESQUADRIA MANUAL 227409"},"content":{"rendered":"<p>A Serra de esquadria tipo bancada da MTX 227409, possui \u00e2ngulo regulado de corpo que permite serrar com precis\u00e3o tanto no plano horizontal, quanto no vertical. Tem dentes pequenos que permite trabalhar com materiais compostos em madeira, alum\u00ednio e a\u00e7o.<\/p>\n<p>&nbsp;<\/p>\n<table class=\"description__box--wildSand\">\n<tbody>\n<tr>\n<td class=\"description__information-left\">Capacidade de corte<\/td>\n<td class=\"description__information-right\">\n<table class=\"description__box\">\n<tbody>\n<tr>\n<td class=\"description__information-box-left\">Madeira<\/td>\n<td class=\"description__information-box-right\">Altura 120mm<\/td>\n<\/tr>\n<\/tbody>\n<\/table>\n<table class=\"description__box\">\n<tbody>\n<tr>\n<td class=\"description__information-box-left\">Alum\u00ednio<\/td>\n<td class=\"description__information-box-right\">Altura 120mm<\/td>\n<\/tr>\n<\/tbody>\n<\/table>\n<table class=\"description__box\">\n<tbody>\n<tr>\n<td class=\"description__information-box-left\">A\u00e7o<\/td>\n<td class=\"description__information-box-right\">Altura 120mm<\/td>\n<\/tr>\n<\/tbody>\n<\/table>\n<\/td>\n<\/tr>\n<\/tbody>\n<\/table>\n<table class=\"description__box\">\n<tbody>\n<tr>\n<td class=\"description__information-left\">Cortes em \u00e2ngulo<\/td>\n<td class=\"description__information-right\">\n<table class=\"description__box\">\n<tbody>\n<tr>\n<td class=\"description__information-box-left\"><\/td>\n<td class=\"description__information-box-right\">&#8211; 15\u00ba &#8211; 22\u00ba &#8211; 30\u00ba &#8211; 36\u00ba &#8211; 45\u00ba &#8211; 90\u00ba<\/td>\n<\/tr>\n<\/tbody>\n<\/table>\n<\/td>\n<\/tr>\n<\/tbody>\n<\/table>\n<p>&nbsp;<\/p>\n","protected":false},"excerpt":{"rendered":"<p>A Serra de esquadria tipo bancada da MTX 227409, possui \u00e2ngulo regulado de corpo que permite serrar com precis\u00e3o tanto no plano horizontal, quanto no vertical. Tem dentes pequenos que permite trabalhar com materiais compostos em madeira, alum\u00ednio e a\u00e7o. &nbsp; Capacidade de corte Madeira Altura 120mm Alum\u00ednio Altura 120mm A\u00e7o Altura 120mm Cortes em&#8230;<\/p>\n","protected":false},"featured_media":5147,"comment_status":"open","ping_status":"closed","template":"","meta":{"inline_featured_image":false},"yoast_head":"<!-- This site is optimized with the Yoast SEO plugin v21.7 - https:\/\/yoast.com\/wordpress\/plugins\/seo\/ -->\n<title>MTX SERRA DE ESQUADRIA MANUAL 227409 - Casa do Marceneiro - Home Center<\/title>\n<meta name=\"robots\" content=\"index, follow, max-snippet:-1, max-image-preview:large, max-video-preview:-1\" \/>\n<link rel=\"canonical\" href=\"https:\/\/casadomarceneiroavare.com.br\/site\/produto\/mtx-serra-de-esquadria-manual-227409\/\" \/>\n<meta property=\"og:locale\" content=\"pt_BR\" \/>\n<meta property=\"og:type\" content=\"article\" \/>\n<meta property=\"og:title\" content=\"MTX SERRA DE ESQUADRIA MANUAL 227409 - Casa do Marceneiro - Home Center\" \/>\n<meta property=\"og:description\" content=\"A Serra de esquadria tipo bancada da MTX 227409, possui \u00e2ngulo regulado de corpo que permite serrar com precis\u00e3o tanto no plano horizontal, quanto no vertical. Tem dentes pequenos que permite trabalhar com materiais compostos em madeira, alum\u00ednio e a\u00e7o. &nbsp; Capacidade de corte Madeira Altura 120mm Alum\u00ednio Altura 120mm A\u00e7o Altura 120mm Cortes em...\" \/>\n<meta property=\"og:url\" content=\"https:\/\/casadomarceneiroavare.com.br\/site\/produto\/mtx-serra-de-esquadria-manual-227409\/\" \/>\n<meta property=\"og:site_name\" content=\"Casa do Marceneiro - Home Center\" \/>\n<meta property=\"og:image\" content=\"https:\/\/casadomarceneiroavare.com.br\/site\/wp-content\/uploads\/2019\/10\/MTX-serra-de-esquadria-manual.jpg\" \/>\n\t<meta property=\"og:image:width\" content=\"618\" \/>\n\t<meta property=\"og:image:height\" content=\"463\" \/>\n\t<meta property=\"og:image:type\" content=\"image\/jpeg\" \/>\n<meta name=\"twitter:card\" content=\"summary_large_image\" \/>\n<script type=\"application\/ld+json\" class=\"yoast-schema-graph\">{\"@context\":\"https:\/\/schema.org\",\"@graph\":[{\"@type\":\"WebPage\",\"@id\":\"https:\/\/casadomarceneiroavare.com.br\/site\/produto\/mtx-serra-de-esquadria-manual-227409\/\",\"url\":\"https:\/\/casadomarceneiroavare.com.br\/site\/produto\/mtx-serra-de-esquadria-manual-227409\/\",\"name\":\"MTX SERRA DE ESQUADRIA MANUAL 227409 - Casa do Marceneiro - Home Center\",\"isPartOf\":{\"@id\":\"https:\/\/casadomarceneiroavare.com.br\/site\/#website\"},\"datePublished\":\"2019-10-08T19:11:47+00:00\",\"dateModified\":\"2019-10-08T19:11:47+00:00\",\"breadcrumb\":{\"@id\":\"https:\/\/casadomarceneiroavare.com.br\/site\/produto\/mtx-serra-de-esquadria-manual-227409\/#breadcrumb\"},\"inLanguage\":\"pt-BR\",\"potentialAction\":[{\"@type\":\"ReadAction\",\"target\":[\"https:\/\/casadomarceneiroavare.com.br\/site\/produto\/mtx-serra-de-esquadria-manual-227409\/\"]}]},{\"@type\":\"BreadcrumbList\",\"@id\":\"https:\/\/casadomarceneiroavare.com.br\/site\/produto\/mtx-serra-de-esquadria-manual-227409\/#breadcrumb\",\"itemListElement\":[{\"@type\":\"ListItem\",\"position\":1,\"name\":\"Home\",\"item\":\"https:\/\/casadomarceneiroavare.com.br\/site\/\"},{\"@type\":\"ListItem\",\"position\":2,\"name\":\"Conhe\u00e7a nossos Produtos\",\"item\":\"https:\/\/casadomarceneiroavare.com.br\/site\/shop\/\"},{\"@type\":\"ListItem\",\"position\":3,\"name\":\"MTX SERRA DE ESQUADRIA MANUAL 227409\"}]},{\"@type\":\"WebSite\",\"@id\":\"https:\/\/casadomarceneiroavare.com.br\/site\/#website\",\"url\":\"https:\/\/casadomarceneiroavare.com.br\/site\/\",\"name\":\"Casa do Marceneiro - Home Center\",\"description\":\"Venha Conhecer o Maior Home Center da Regi\u00e3o, a Loja pra Fam\u00edlia toda\",\"potentialAction\":[{\"@type\":\"SearchAction\",\"target\":{\"@type\":\"EntryPoint\",\"urlTemplate\":\"https:\/\/casadomarceneiroavare.com.br\/site\/?s={search_term_string}\"},\"query-input\":\"required name=search_term_string\"}],\"inLanguage\":\"pt-BR\"}]}<\/script>\n<!-- \/ Yoast SEO plugin. -->","yoast_head_json":{"title":"MTX SERRA DE ESQUADRIA MANUAL 227409 - Casa do Marceneiro - Home Center","robots":{"index":"index","follow":"follow","max-snippet":"max-snippet:-1","max-image-preview":"max-image-preview:large","max-video-preview":"max-video-preview:-1"},"canonical":"https:\/\/casadomarceneiroavare.com.br\/site\/produto\/mtx-serra-de-esquadria-manual-227409\/","og_locale":"pt_BR","og_type":"article","og_title":"MTX SERRA DE ESQUADRIA MANUAL 227409 - Casa do Marceneiro - Home Center","og_description":"A Serra de esquadria tipo bancada da MTX 227409, possui \u00e2ngulo regulado de corpo que permite serrar com precis\u00e3o tanto no plano horizontal, quanto no vertical. Tem dentes pequenos que permite trabalhar com materiais compostos em madeira, alum\u00ednio e a\u00e7o. &nbsp; Capacidade de corte Madeira Altura 120mm Alum\u00ednio Altura 120mm A\u00e7o Altura 120mm Cortes em...","og_url":"https:\/\/casadomarceneiroavare.com.br\/site\/produto\/mtx-serra-de-esquadria-manual-227409\/","og_site_name":"Casa do Marceneiro - Home Center","og_image":[{"width":618,"height":463,"url":"https:\/\/casadomarceneiroavare.com.br\/site\/wp-content\/uploads\/2019\/10\/MTX-serra-de-esquadria-manual.jpg","type":"image\/jpeg"}],"twitter_card":"summary_large_image","schema":{"@context":"https:\/\/schema.org","@graph":[{"@type":"WebPage","@id":"https:\/\/casadomarceneiroavare.com.br\/site\/produto\/mtx-serra-de-esquadria-manual-227409\/","url":"https:\/\/casadomarceneiroavare.com.br\/site\/produto\/mtx-serra-de-esquadria-manual-227409\/","name":"MTX SERRA DE ESQUADRIA MANUAL 227409 - Casa do Marceneiro - Home Center","isPartOf":{"@id":"https:\/\/casadomarceneiroavare.com.br\/site\/#website"},"datePublished":"2019-10-08T19:11:47+00:00","dateModified":"2019-10-08T19:11:47+00:00","breadcrumb":{"@id":"https:\/\/casadomarceneiroavare.com.br\/site\/produto\/mtx-serra-de-esquadria-manual-227409\/#breadcrumb"},"inLanguage":"pt-BR","potentialAction":[{"@type":"ReadAction","target":["https:\/\/casadomarceneiroavare.com.br\/site\/produto\/mtx-serra-de-esquadria-manual-227409\/"]}]},{"@type":"BreadcrumbList","@id":"https:\/\/casadomarceneiroavare.com.br\/site\/produto\/mtx-serra-de-esquadria-manual-227409\/#breadcrumb","itemListElement":[{"@type":"ListItem","position":1,"name":"Home","item":"https:\/\/casadomarceneiroavare.com.br\/site\/"},{"@type":"ListItem","position":2,"name":"Conhe\u00e7a nossos Produtos","item":"https:\/\/casadomarceneiroavare.com.br\/site\/shop\/"},{"@type":"ListItem","position":3,"name":"MTX SERRA DE ESQUADRIA MANUAL 227409"}]},{"@type":"WebSite","@id":"https:\/\/casadomarceneiroavare.com.br\/site\/#website","url":"https:\/\/casadomarceneiroavare.com.br\/site\/","name":"Casa do Marceneiro - Home Center","description":"Venha Conhecer o Maior Home Center da Regi\u00e3o, a Loja pra Fam\u00edlia toda","potentialAction":[{"@type":"SearchAction","target":{"@type":"EntryPoint","urlTemplate":"https:\/\/casadomarceneiroavare.com.br\/site\/?s={search_term_string}"},"query-input":"required name=search_term_string"}],"inLanguage":"pt-BR"}]}},"_links":{"self":[{"href":"https:\/\/casadomarceneiroavare.com.br\/site\/wp-json\/wp\/v2\/product\/5146"}],"collection":[{"href":"https:\/\/casadomarceneiroavare.com.br\/site\/wp-json\/wp\/v2\/product"}],"about":[{"href":"https:\/\/casadomarceneiroavare.com.br\/site\/wp-json\/wp\/v2\/types\/product"}],"replies":[{"embeddable":true,"href":"https:\/\/casadomarceneiroavare.com.br\/site\/wp-json\/wp\/v2\/comments?post=5146"}],"wp:featuredmedia":[{"embeddable":true,"href":"https:\/\/casadomarceneiroavare.com.br\/site\/wp-json\/wp\/v2\/media\/5147"}],"wp:attachment":[{"href":"https:\/\/casadomarceneiroavare.com.br\/site\/wp-json\/wp\/v2\/media?parent=5146"}],"curies":[{"name":"wp","href":"https:\/\/api.w.org\/{rel}","templated":true}]}}