{"id":5143,"date":"2019-10-08T16:58:47","date_gmt":"2019-10-08T18:58:47","guid":{"rendered":"http:\/\/www.casadomarceneiroavare.com.br\/loja\/?post_type=product&#038;p=5143"},"modified":"2019-10-08T16:58:48","modified_gmt":"2019-10-08T18:58:48","slug":"mtx-serrote-550mm-black-235799","status":"publish","type":"product","link":"https:\/\/casadomarceneiroavare.com.br\/site\/produto\/mtx-serrote-550mm-black-235799\/","title":{"rendered":"MTX SERROTE 550MM BLACK 235799"},"content":{"rendered":"<p>Serrote para madeira de 22&#8243; possui l\u00e2mina de a\u00e7o com revestimento teflon, que\u00a0impede a corros\u00e3o e reduz a fric\u00e7\u00e3o do corpo ao serrar.<\/p>\n<p>Conta com\u00a0cabo ergon\u00f4mico de pl\u00e1stico, revestido com borracha termopl\u00e1stica, oferecendo maior amortecimento e resist\u00eancia \u00e0 deforma\u00e7\u00f5es.<\/p>\n<p><strong>&#8211; Especifica\u00e7\u00f5es t\u00e9cnicas:<\/strong><br \/>\n:: Medida: 22\u201d \u2013 550mm<br \/>\n:: Corpo feito em a\u00e7o de alta qualidade 65 Mn<br \/>\n:: N\u00famero de dentes por polegada: 7-8 dentes por polegada com afia\u00e7\u00e3o 3D<br \/>\n:: Indicado para madeira e gesso<\/p>\n<p>&nbsp;<\/p>\n<p>&nbsp;<\/p>\n","protected":false},"excerpt":{"rendered":"<p>Serrote para madeira de 22&#8243; possui l\u00e2mina de a\u00e7o com revestimento teflon, que\u00a0impede a corros\u00e3o e reduz a fric\u00e7\u00e3o do corpo ao serrar. Conta com\u00a0cabo ergon\u00f4mico de pl\u00e1stico, revestido com borracha termopl\u00e1stica, oferecendo maior amortecimento e resist\u00eancia \u00e0 deforma\u00e7\u00f5es. &#8211; Especifica\u00e7\u00f5es t\u00e9cnicas: :: Medida: 22\u201d \u2013 550mm :: Corpo feito em a\u00e7o de alta qualidade&#8230;<\/p>\n","protected":false},"featured_media":5145,"comment_status":"open","ping_status":"closed","template":"","meta":{"inline_featured_image":false},"yoast_head":"<!-- This site is optimized with the Yoast SEO plugin v21.7 - https:\/\/yoast.com\/wordpress\/plugins\/seo\/ -->\n<title>MTX SERROTE 550MM BLACK 235799 - Casa do Marceneiro - Home Center<\/title>\n<meta name=\"robots\" content=\"index, follow, max-snippet:-1, max-image-preview:large, max-video-preview:-1\" \/>\n<link rel=\"canonical\" href=\"https:\/\/casadomarceneiroavare.com.br\/site\/produto\/mtx-serrote-550mm-black-235799\/\" \/>\n<meta property=\"og:locale\" content=\"pt_BR\" \/>\n<meta property=\"og:type\" content=\"article\" \/>\n<meta property=\"og:title\" content=\"MTX SERROTE 550MM BLACK 235799 - Casa do Marceneiro - Home Center\" \/>\n<meta property=\"og:description\" content=\"Serrote para madeira de 22&#8243; possui l\u00e2mina de a\u00e7o com revestimento teflon, que\u00a0impede a corros\u00e3o e reduz a fric\u00e7\u00e3o do corpo ao serrar. Conta com\u00a0cabo ergon\u00f4mico de pl\u00e1stico, revestido com borracha termopl\u00e1stica, oferecendo maior amortecimento e resist\u00eancia \u00e0 deforma\u00e7\u00f5es. &#8211; Especifica\u00e7\u00f5es t\u00e9cnicas: :: Medida: 22\u201d \u2013 550mm :: Corpo feito em a\u00e7o de alta qualidade...\" \/>\n<meta property=\"og:url\" content=\"https:\/\/casadomarceneiroavare.com.br\/site\/produto\/mtx-serrote-550mm-black-235799\/\" \/>\n<meta property=\"og:site_name\" content=\"Casa do Marceneiro - Home Center\" \/>\n<meta property=\"article:modified_time\" content=\"2019-10-08T18:58:48+00:00\" \/>\n<meta property=\"og:image\" content=\"https:\/\/casadomarceneiroavare.com.br\/site\/wp-content\/uploads\/2019\/10\/mtx-serrote-black-235799.jpg\" \/>\n\t<meta property=\"og:image:width\" content=\"400\" \/>\n\t<meta property=\"og:image:height\" content=\"400\" \/>\n\t<meta property=\"og:image:type\" content=\"image\/jpeg\" \/>\n<meta name=\"twitter:card\" content=\"summary_large_image\" \/>\n<script type=\"application\/ld+json\" class=\"yoast-schema-graph\">{\"@context\":\"https:\/\/schema.org\",\"@graph\":[{\"@type\":\"WebPage\",\"@id\":\"https:\/\/casadomarceneiroavare.com.br\/site\/produto\/mtx-serrote-550mm-black-235799\/\",\"url\":\"https:\/\/casadomarceneiroavare.com.br\/site\/produto\/mtx-serrote-550mm-black-235799\/\",\"name\":\"MTX SERROTE 550MM BLACK 235799 - Casa do Marceneiro - Home Center\",\"isPartOf\":{\"@id\":\"https:\/\/casadomarceneiroavare.com.br\/site\/#website\"},\"datePublished\":\"2019-10-08T18:58:47+00:00\",\"dateModified\":\"2019-10-08T18:58:48+00:00\",\"breadcrumb\":{\"@id\":\"https:\/\/casadomarceneiroavare.com.br\/site\/produto\/mtx-serrote-550mm-black-235799\/#breadcrumb\"},\"inLanguage\":\"pt-BR\",\"potentialAction\":[{\"@type\":\"ReadAction\",\"target\":[\"https:\/\/casadomarceneiroavare.com.br\/site\/produto\/mtx-serrote-550mm-black-235799\/\"]}]},{\"@type\":\"BreadcrumbList\",\"@id\":\"https:\/\/casadomarceneiroavare.com.br\/site\/produto\/mtx-serrote-550mm-black-235799\/#breadcrumb\",\"itemListElement\":[{\"@type\":\"ListItem\",\"position\":1,\"name\":\"Home\",\"item\":\"https:\/\/casadomarceneiroavare.com.br\/site\/\"},{\"@type\":\"ListItem\",\"position\":2,\"name\":\"Conhe\u00e7a nossos Produtos\",\"item\":\"https:\/\/casadomarceneiroavare.com.br\/site\/shop\/\"},{\"@type\":\"ListItem\",\"position\":3,\"name\":\"MTX SERROTE 550MM BLACK 235799\"}]},{\"@type\":\"WebSite\",\"@id\":\"https:\/\/casadomarceneiroavare.com.br\/site\/#website\",\"url\":\"https:\/\/casadomarceneiroavare.com.br\/site\/\",\"name\":\"Casa do Marceneiro - Home Center\",\"description\":\"Venha Conhecer o Maior Home Center da Regi\u00e3o, a Loja pra Fam\u00edlia toda\",\"potentialAction\":[{\"@type\":\"SearchAction\",\"target\":{\"@type\":\"EntryPoint\",\"urlTemplate\":\"https:\/\/casadomarceneiroavare.com.br\/site\/?s={search_term_string}\"},\"query-input\":\"required name=search_term_string\"}],\"inLanguage\":\"pt-BR\"}]}<\/script>\n<!-- \/ Yoast SEO plugin. -->","yoast_head_json":{"title":"MTX SERROTE 550MM BLACK 235799 - Casa do Marceneiro - Home Center","robots":{"index":"index","follow":"follow","max-snippet":"max-snippet:-1","max-image-preview":"max-image-preview:large","max-video-preview":"max-video-preview:-1"},"canonical":"https:\/\/casadomarceneiroavare.com.br\/site\/produto\/mtx-serrote-550mm-black-235799\/","og_locale":"pt_BR","og_type":"article","og_title":"MTX SERROTE 550MM BLACK 235799 - Casa do Marceneiro - Home Center","og_description":"Serrote para madeira de 22&#8243; possui l\u00e2mina de a\u00e7o com revestimento teflon, que\u00a0impede a corros\u00e3o e reduz a fric\u00e7\u00e3o do corpo ao serrar. Conta com\u00a0cabo ergon\u00f4mico de pl\u00e1stico, revestido com borracha termopl\u00e1stica, oferecendo maior amortecimento e resist\u00eancia \u00e0 deforma\u00e7\u00f5es. &#8211; Especifica\u00e7\u00f5es t\u00e9cnicas: :: Medida: 22\u201d \u2013 550mm :: Corpo feito em a\u00e7o de alta qualidade...","og_url":"https:\/\/casadomarceneiroavare.com.br\/site\/produto\/mtx-serrote-550mm-black-235799\/","og_site_name":"Casa do Marceneiro - Home Center","article_modified_time":"2019-10-08T18:58:48+00:00","og_image":[{"width":400,"height":400,"url":"https:\/\/casadomarceneiroavare.com.br\/site\/wp-content\/uploads\/2019\/10\/mtx-serrote-black-235799.jpg","type":"image\/jpeg"}],"twitter_card":"summary_large_image","schema":{"@context":"https:\/\/schema.org","@graph":[{"@type":"WebPage","@id":"https:\/\/casadomarceneiroavare.com.br\/site\/produto\/mtx-serrote-550mm-black-235799\/","url":"https:\/\/casadomarceneiroavare.com.br\/site\/produto\/mtx-serrote-550mm-black-235799\/","name":"MTX SERROTE 550MM BLACK 235799 - Casa do Marceneiro - Home Center","isPartOf":{"@id":"https:\/\/casadomarceneiroavare.com.br\/site\/#website"},"datePublished":"2019-10-08T18:58:47+00:00","dateModified":"2019-10-08T18:58:48+00:00","breadcrumb":{"@id":"https:\/\/casadomarceneiroavare.com.br\/site\/produto\/mtx-serrote-550mm-black-235799\/#breadcrumb"},"inLanguage":"pt-BR","potentialAction":[{"@type":"ReadAction","target":["https:\/\/casadomarceneiroavare.com.br\/site\/produto\/mtx-serrote-550mm-black-235799\/"]}]},{"@type":"BreadcrumbList","@id":"https:\/\/casadomarceneiroavare.com.br\/site\/produto\/mtx-serrote-550mm-black-235799\/#breadcrumb","itemListElement":[{"@type":"ListItem","position":1,"name":"Home","item":"https:\/\/casadomarceneiroavare.com.br\/site\/"},{"@type":"ListItem","position":2,"name":"Conhe\u00e7a nossos Produtos","item":"https:\/\/casadomarceneiroavare.com.br\/site\/shop\/"},{"@type":"ListItem","position":3,"name":"MTX SERROTE 550MM BLACK 235799"}]},{"@type":"WebSite","@id":"https:\/\/casadomarceneiroavare.com.br\/site\/#website","url":"https:\/\/casadomarceneiroavare.com.br\/site\/","name":"Casa do Marceneiro - Home Center","description":"Venha Conhecer o Maior Home Center da Regi\u00e3o, a Loja pra Fam\u00edlia toda","potentialAction":[{"@type":"SearchAction","target":{"@type":"EntryPoint","urlTemplate":"https:\/\/casadomarceneiroavare.com.br\/site\/?s={search_term_string}"},"query-input":"required name=search_term_string"}],"inLanguage":"pt-BR"}]}},"_links":{"self":[{"href":"https:\/\/casadomarceneiroavare.com.br\/site\/wp-json\/wp\/v2\/product\/5143"}],"collection":[{"href":"https:\/\/casadomarceneiroavare.com.br\/site\/wp-json\/wp\/v2\/product"}],"about":[{"href":"https:\/\/casadomarceneiroavare.com.br\/site\/wp-json\/wp\/v2\/types\/product"}],"replies":[{"embeddable":true,"href":"https:\/\/casadomarceneiroavare.com.br\/site\/wp-json\/wp\/v2\/comments?post=5143"}],"wp:featuredmedia":[{"embeddable":true,"href":"https:\/\/casadomarceneiroavare.com.br\/site\/wp-json\/wp\/v2\/media\/5145"}],"wp:attachment":[{"href":"https:\/\/casadomarceneiroavare.com.br\/site\/wp-json\/wp\/v2\/media?parent=5143"}],"curies":[{"name":"wp","href":"https:\/\/api.w.org\/{rel}","templated":true}]}}