{"id":5120,"date":"2019-10-01T18:08:22","date_gmt":"2019-10-01T20:08:22","guid":{"rendered":"http:\/\/www.casadomarceneiroavare.com.br\/loja\/?post_type=product&#038;p=5120"},"modified":"2019-10-01T18:08:22","modified_gmt":"2019-10-01T20:08:22","slug":"mtx-nivel-de-aluminio-1000mm-332299","status":"publish","type":"product","link":"https:\/\/casadomarceneiroavare.com.br\/site\/produto\/mtx-nivel-de-aluminio-1000mm-332299\/","title":{"rendered":"MTX N\u00cdVEL DE ALUM\u00cdNIO 1000MM 332299"},"content":{"rendered":"<header class=\"header  header--full-width  is-fixed  is-scrolled\">\n<div class=\"header__fixer clearfix\">\n<div class=\"header__line-3 hidden-xs hidden-sm\">\n<div class=\"centralizado\">\n<div class=\"b-xs-12\">\n<nav id=\"menuPrincipal\" class=\"main-menu__navigation\" aria-label=\"Menu Principal\">&nbsp;<\/p>\n<\/nav>\n<\/div>\n<\/div>\n<\/div>\n<\/div>\n<\/header>\n<div id=\"corpo\" class=\"wrapper\">\n<div class=\"centralizado\">\n<div class=\"clearfix\">\n<div class=\"b-xs-12 \">\n<div class=\"product-scope\">\n<div id=\"product-container\" class=\"product-details\">\n<div class=\"product-details__gallery-container\">\n<div id=\"visualBlock\" class=\"product-gallery product-details__gallery\">\n<div id=\"colFotos\" class=\"conteudo\"><\/div>\n<\/div>\n<div class=\"product-details__social\">\n<div class=\"addthis_sharing_toolbox\" data-url=\"https:\/\/www.casaemobra.com.br\/ferramentas\/acessorios\/nivel-aluminio-3-bolhas-com-regua-40-1000mm-mtx\" data-title=\"N\u00edvel alum\u00ednio 3 bolhas com r\u00e9gua 40' 1000mm - Mtx - Casa &amp; Obra - Materiais de Constru\u00e7\u00e3o\" data-description=\"-\"><\/div>\n<\/div>\n<\/div>\n<\/div>\n<div class=\"product-details__tabs\">\n<div class=\"tabs\">\n<div class=\"tabs__container\">\n<h3 id=\"accessibletabscontent0-0\" class=\"visuallyhidden\" data-accordion-opened=\"true\">Descri\u00e7\u00e3o Geral<\/h3>\n<div class=\"tab__body\">\n<div class=\"content\">\n<p>N\u00cdVEL ALUM\u00cdNIO 3 BOLHAS 1000MM MTX\u00a0 feito de perfil retangular\u00a0 resistente de alum\u00ednio.<\/p>\n<p>1 metro e 0.24 kg de peso. O n\u00edvel \u00e9 pintado e equipado com tampas de plastico nas duas extremidades.<\/p>\n<p>O n\u00edvel tem tr\u00eas bolhas acr\u00edlicas para verificar desvios verticais, horizontais e de \u00e2ngulos de 45 graus. Precis\u00e3o de medi\u00e7\u00e3o e 1 mm (0,057 graus).<\/p>\n<\/div>\n<p>&nbsp;<\/p>\n<\/div>\n<\/div>\n<\/div>\n<\/div>\n<\/div>\n<\/div>\n<\/div>\n<\/div>\n<\/div>\n","protected":false},"excerpt":{"rendered":"<p>&nbsp; Descri\u00e7\u00e3o Geral N\u00cdVEL ALUM\u00cdNIO 3 BOLHAS 1000MM MTX\u00a0 feito de perfil retangular\u00a0 resistente de alum\u00ednio. 1 metro e 0.24 kg de peso. O n\u00edvel \u00e9 pintado e equipado com tampas de plastico nas duas extremidades. O n\u00edvel tem tr\u00eas bolhas acr\u00edlicas para verificar desvios verticais, horizontais e de \u00e2ngulos de 45 graus. Precis\u00e3o de&#8230;<\/p>\n","protected":false},"featured_media":5121,"comment_status":"open","ping_status":"closed","template":"","meta":{"inline_featured_image":false},"yoast_head":"<!-- This site is optimized with the Yoast SEO plugin v21.7 - https:\/\/yoast.com\/wordpress\/plugins\/seo\/ -->\n<title>MTX N\u00cdVEL DE ALUM\u00cdNIO 1000MM 332299 - Casa do Marceneiro - Home Center<\/title>\n<meta name=\"robots\" content=\"index, follow, max-snippet:-1, max-image-preview:large, max-video-preview:-1\" \/>\n<link rel=\"canonical\" href=\"https:\/\/casadomarceneiroavare.com.br\/site\/produto\/mtx-nivel-de-aluminio-1000mm-332299\/\" \/>\n<meta property=\"og:locale\" content=\"pt_BR\" \/>\n<meta property=\"og:type\" content=\"article\" \/>\n<meta property=\"og:title\" content=\"MTX N\u00cdVEL DE ALUM\u00cdNIO 1000MM 332299 - Casa do Marceneiro - Home Center\" \/>\n<meta property=\"og:description\" content=\"&nbsp; Descri\u00e7\u00e3o Geral N\u00cdVEL ALUM\u00cdNIO 3 BOLHAS 1000MM MTX\u00a0 feito de perfil retangular\u00a0 resistente de alum\u00ednio. 1 metro e 0.24 kg de peso. O n\u00edvel \u00e9 pintado e equipado com tampas de plastico nas duas extremidades. O n\u00edvel tem tr\u00eas bolhas acr\u00edlicas para verificar desvios verticais, horizontais e de \u00e2ngulos de 45 graus. Precis\u00e3o de...\" \/>\n<meta property=\"og:url\" content=\"https:\/\/casadomarceneiroavare.com.br\/site\/produto\/mtx-nivel-de-aluminio-1000mm-332299\/\" \/>\n<meta property=\"og:site_name\" content=\"Casa do Marceneiro - Home Center\" \/>\n<meta property=\"og:image\" content=\"https:\/\/casadomarceneiroavare.com.br\/site\/wp-content\/uploads\/2019\/10\/nivel_de_aluminio_3_bolhas_40pol_1000mm_mtx.jpg\" \/>\n\t<meta property=\"og:image:width\" content=\"1000\" \/>\n\t<meta property=\"og:image:height\" content=\"650\" \/>\n\t<meta property=\"og:image:type\" content=\"image\/jpeg\" \/>\n<meta name=\"twitter:card\" content=\"summary_large_image\" \/>\n<script type=\"application\/ld+json\" class=\"yoast-schema-graph\">{\"@context\":\"https:\/\/schema.org\",\"@graph\":[{\"@type\":\"WebPage\",\"@id\":\"https:\/\/casadomarceneiroavare.com.br\/site\/produto\/mtx-nivel-de-aluminio-1000mm-332299\/\",\"url\":\"https:\/\/casadomarceneiroavare.com.br\/site\/produto\/mtx-nivel-de-aluminio-1000mm-332299\/\",\"name\":\"MTX N\u00cdVEL DE ALUM\u00cdNIO 1000MM 332299 - Casa do Marceneiro - Home Center\",\"isPartOf\":{\"@id\":\"https:\/\/casadomarceneiroavare.com.br\/site\/#website\"},\"datePublished\":\"2019-10-01T20:08:22+00:00\",\"dateModified\":\"2019-10-01T20:08:22+00:00\",\"breadcrumb\":{\"@id\":\"https:\/\/casadomarceneiroavare.com.br\/site\/produto\/mtx-nivel-de-aluminio-1000mm-332299\/#breadcrumb\"},\"inLanguage\":\"pt-BR\",\"potentialAction\":[{\"@type\":\"ReadAction\",\"target\":[\"https:\/\/casadomarceneiroavare.com.br\/site\/produto\/mtx-nivel-de-aluminio-1000mm-332299\/\"]}]},{\"@type\":\"BreadcrumbList\",\"@id\":\"https:\/\/casadomarceneiroavare.com.br\/site\/produto\/mtx-nivel-de-aluminio-1000mm-332299\/#breadcrumb\",\"itemListElement\":[{\"@type\":\"ListItem\",\"position\":1,\"name\":\"Home\",\"item\":\"https:\/\/casadomarceneiroavare.com.br\/site\/\"},{\"@type\":\"ListItem\",\"position\":2,\"name\":\"Conhe\u00e7a nossos Produtos\",\"item\":\"https:\/\/casadomarceneiroavare.com.br\/site\/shop\/\"},{\"@type\":\"ListItem\",\"position\":3,\"name\":\"MTX N\u00cdVEL DE ALUM\u00cdNIO 1000MM 332299\"}]},{\"@type\":\"WebSite\",\"@id\":\"https:\/\/casadomarceneiroavare.com.br\/site\/#website\",\"url\":\"https:\/\/casadomarceneiroavare.com.br\/site\/\",\"name\":\"Casa do Marceneiro - Home Center\",\"description\":\"Venha Conhecer o Maior Home Center da Regi\u00e3o, a Loja pra Fam\u00edlia toda\",\"potentialAction\":[{\"@type\":\"SearchAction\",\"target\":{\"@type\":\"EntryPoint\",\"urlTemplate\":\"https:\/\/casadomarceneiroavare.com.br\/site\/?s={search_term_string}\"},\"query-input\":\"required name=search_term_string\"}],\"inLanguage\":\"pt-BR\"}]}<\/script>\n<!-- \/ Yoast SEO plugin. -->","yoast_head_json":{"title":"MTX N\u00cdVEL DE ALUM\u00cdNIO 1000MM 332299 - Casa do Marceneiro - Home Center","robots":{"index":"index","follow":"follow","max-snippet":"max-snippet:-1","max-image-preview":"max-image-preview:large","max-video-preview":"max-video-preview:-1"},"canonical":"https:\/\/casadomarceneiroavare.com.br\/site\/produto\/mtx-nivel-de-aluminio-1000mm-332299\/","og_locale":"pt_BR","og_type":"article","og_title":"MTX N\u00cdVEL DE ALUM\u00cdNIO 1000MM 332299 - Casa do Marceneiro - Home Center","og_description":"&nbsp; Descri\u00e7\u00e3o Geral N\u00cdVEL ALUM\u00cdNIO 3 BOLHAS 1000MM MTX\u00a0 feito de perfil retangular\u00a0 resistente de alum\u00ednio. 1 metro e 0.24 kg de peso. O n\u00edvel \u00e9 pintado e equipado com tampas de plastico nas duas extremidades. O n\u00edvel tem tr\u00eas bolhas acr\u00edlicas para verificar desvios verticais, horizontais e de \u00e2ngulos de 45 graus. Precis\u00e3o de...","og_url":"https:\/\/casadomarceneiroavare.com.br\/site\/produto\/mtx-nivel-de-aluminio-1000mm-332299\/","og_site_name":"Casa do Marceneiro - Home Center","og_image":[{"width":1000,"height":650,"url":"https:\/\/casadomarceneiroavare.com.br\/site\/wp-content\/uploads\/2019\/10\/nivel_de_aluminio_3_bolhas_40pol_1000mm_mtx.jpg","type":"image\/jpeg"}],"twitter_card":"summary_large_image","schema":{"@context":"https:\/\/schema.org","@graph":[{"@type":"WebPage","@id":"https:\/\/casadomarceneiroavare.com.br\/site\/produto\/mtx-nivel-de-aluminio-1000mm-332299\/","url":"https:\/\/casadomarceneiroavare.com.br\/site\/produto\/mtx-nivel-de-aluminio-1000mm-332299\/","name":"MTX N\u00cdVEL DE ALUM\u00cdNIO 1000MM 332299 - Casa do Marceneiro - Home Center","isPartOf":{"@id":"https:\/\/casadomarceneiroavare.com.br\/site\/#website"},"datePublished":"2019-10-01T20:08:22+00:00","dateModified":"2019-10-01T20:08:22+00:00","breadcrumb":{"@id":"https:\/\/casadomarceneiroavare.com.br\/site\/produto\/mtx-nivel-de-aluminio-1000mm-332299\/#breadcrumb"},"inLanguage":"pt-BR","potentialAction":[{"@type":"ReadAction","target":["https:\/\/casadomarceneiroavare.com.br\/site\/produto\/mtx-nivel-de-aluminio-1000mm-332299\/"]}]},{"@type":"BreadcrumbList","@id":"https:\/\/casadomarceneiroavare.com.br\/site\/produto\/mtx-nivel-de-aluminio-1000mm-332299\/#breadcrumb","itemListElement":[{"@type":"ListItem","position":1,"name":"Home","item":"https:\/\/casadomarceneiroavare.com.br\/site\/"},{"@type":"ListItem","position":2,"name":"Conhe\u00e7a nossos Produtos","item":"https:\/\/casadomarceneiroavare.com.br\/site\/shop\/"},{"@type":"ListItem","position":3,"name":"MTX N\u00cdVEL DE ALUM\u00cdNIO 1000MM 332299"}]},{"@type":"WebSite","@id":"https:\/\/casadomarceneiroavare.com.br\/site\/#website","url":"https:\/\/casadomarceneiroavare.com.br\/site\/","name":"Casa do Marceneiro - Home Center","description":"Venha Conhecer o Maior Home Center da Regi\u00e3o, a Loja pra Fam\u00edlia toda","potentialAction":[{"@type":"SearchAction","target":{"@type":"EntryPoint","urlTemplate":"https:\/\/casadomarceneiroavare.com.br\/site\/?s={search_term_string}"},"query-input":"required name=search_term_string"}],"inLanguage":"pt-BR"}]}},"_links":{"self":[{"href":"https:\/\/casadomarceneiroavare.com.br\/site\/wp-json\/wp\/v2\/product\/5120"}],"collection":[{"href":"https:\/\/casadomarceneiroavare.com.br\/site\/wp-json\/wp\/v2\/product"}],"about":[{"href":"https:\/\/casadomarceneiroavare.com.br\/site\/wp-json\/wp\/v2\/types\/product"}],"replies":[{"embeddable":true,"href":"https:\/\/casadomarceneiroavare.com.br\/site\/wp-json\/wp\/v2\/comments?post=5120"}],"wp:featuredmedia":[{"embeddable":true,"href":"https:\/\/casadomarceneiroavare.com.br\/site\/wp-json\/wp\/v2\/media\/5121"}],"wp:attachment":[{"href":"https:\/\/casadomarceneiroavare.com.br\/site\/wp-json\/wp\/v2\/media?parent=5120"}],"curies":[{"name":"wp","href":"https:\/\/api.w.org\/{rel}","templated":true}]}}