{"id":5110,"date":"2019-10-01T12:40:37","date_gmt":"2019-10-01T14:40:37","guid":{"rendered":"http:\/\/www.casadomarceneiroavare.com.br\/loja\/?post_type=product&#038;p=5110"},"modified":"2019-10-01T12:40:37","modified_gmt":"2019-10-01T14:40:37","slug":"mtx-grampo-tipo-c","status":"publish","type":"product","link":"https:\/\/casadomarceneiroavare.com.br\/site\/produto\/mtx-grampo-tipo-c\/","title":{"rendered":"MTX GRAMPO TIPO C"},"content":{"rendered":"<p>Grampo tipo C \u00e9 ideal para fixa\u00e7\u00e3o de pe\u00e7as feitas de v\u00e1rios materiais durante o processo de montagem. Com pintura da estrutura a p\u00f3, resiste a danos mec\u00e2nicos e protege o grampo seguramente contra a corros\u00e3o. Os mordentes possuem placas especiais em pl\u00e1stico para evitar a deforma\u00e7\u00e3o de pe\u00e7as em processamento. Fabricado em ferro refor\u00e7ado.<\/p>\n<p>&nbsp;<\/p>\n<p>MEDIDAS : N\u00b03 75MM , N\u00b04 100MM , N\u00b05 125MM , N\u00b06 150MM .<\/p>\n<p>&nbsp;<\/p>\n<p>&nbsp;<\/p>\n","protected":false},"excerpt":{"rendered":"<p>Grampo tipo C \u00e9 ideal para fixa\u00e7\u00e3o de pe\u00e7as feitas de v\u00e1rios materiais durante o processo de montagem. Com pintura da estrutura a p\u00f3, resiste a danos mec\u00e2nicos e protege o grampo seguramente contra a corros\u00e3o. Os mordentes possuem placas especiais em pl\u00e1stico para evitar a deforma\u00e7\u00e3o de pe\u00e7as em processamento. Fabricado em ferro refor\u00e7ado&#8230;.<\/p>\n","protected":false},"featured_media":5111,"comment_status":"open","ping_status":"closed","template":"","meta":{"inline_featured_image":false},"yoast_head":"<!-- This site is optimized with the Yoast SEO plugin v21.7 - https:\/\/yoast.com\/wordpress\/plugins\/seo\/ -->\n<title>MTX GRAMPO TIPO C - Casa do Marceneiro - Home Center<\/title>\n<meta name=\"robots\" content=\"index, follow, max-snippet:-1, max-image-preview:large, max-video-preview:-1\" \/>\n<link rel=\"canonical\" href=\"https:\/\/casadomarceneiroavare.com.br\/site\/produto\/mtx-grampo-tipo-c\/\" \/>\n<meta property=\"og:locale\" content=\"pt_BR\" \/>\n<meta property=\"og:type\" content=\"article\" \/>\n<meta property=\"og:title\" content=\"MTX GRAMPO TIPO C - Casa do Marceneiro - Home Center\" \/>\n<meta property=\"og:description\" content=\"Grampo tipo C \u00e9 ideal para fixa\u00e7\u00e3o de pe\u00e7as feitas de v\u00e1rios materiais durante o processo de montagem. Com pintura da estrutura a p\u00f3, resiste a danos mec\u00e2nicos e protege o grampo seguramente contra a corros\u00e3o. Os mordentes possuem placas especiais em pl\u00e1stico para evitar a deforma\u00e7\u00e3o de pe\u00e7as em processamento. Fabricado em ferro refor\u00e7ado....\" \/>\n<meta property=\"og:url\" content=\"https:\/\/casadomarceneiroavare.com.br\/site\/produto\/mtx-grampo-tipo-c\/\" \/>\n<meta property=\"og:site_name\" content=\"Casa do Marceneiro - Home Center\" \/>\n<meta property=\"og:image\" content=\"https:\/\/casadomarceneiroavare.com.br\/site\/wp-content\/uploads\/2019\/10\/MTX-grampo-tipo-c.jpg\" \/>\n\t<meta property=\"og:image:width\" content=\"415\" \/>\n\t<meta property=\"og:image:height\" content=\"415\" \/>\n\t<meta property=\"og:image:type\" content=\"image\/jpeg\" \/>\n<meta name=\"twitter:card\" content=\"summary_large_image\" \/>\n<script type=\"application\/ld+json\" class=\"yoast-schema-graph\">{\"@context\":\"https:\/\/schema.org\",\"@graph\":[{\"@type\":\"WebPage\",\"@id\":\"https:\/\/casadomarceneiroavare.com.br\/site\/produto\/mtx-grampo-tipo-c\/\",\"url\":\"https:\/\/casadomarceneiroavare.com.br\/site\/produto\/mtx-grampo-tipo-c\/\",\"name\":\"MTX GRAMPO TIPO C - Casa do Marceneiro - Home Center\",\"isPartOf\":{\"@id\":\"https:\/\/casadomarceneiroavare.com.br\/site\/#website\"},\"datePublished\":\"2019-10-01T14:40:37+00:00\",\"dateModified\":\"2019-10-01T14:40:37+00:00\",\"breadcrumb\":{\"@id\":\"https:\/\/casadomarceneiroavare.com.br\/site\/produto\/mtx-grampo-tipo-c\/#breadcrumb\"},\"inLanguage\":\"pt-BR\",\"potentialAction\":[{\"@type\":\"ReadAction\",\"target\":[\"https:\/\/casadomarceneiroavare.com.br\/site\/produto\/mtx-grampo-tipo-c\/\"]}]},{\"@type\":\"BreadcrumbList\",\"@id\":\"https:\/\/casadomarceneiroavare.com.br\/site\/produto\/mtx-grampo-tipo-c\/#breadcrumb\",\"itemListElement\":[{\"@type\":\"ListItem\",\"position\":1,\"name\":\"Home\",\"item\":\"https:\/\/casadomarceneiroavare.com.br\/site\/\"},{\"@type\":\"ListItem\",\"position\":2,\"name\":\"Conhe\u00e7a nossos Produtos\",\"item\":\"https:\/\/casadomarceneiroavare.com.br\/site\/shop\/\"},{\"@type\":\"ListItem\",\"position\":3,\"name\":\"MTX GRAMPO TIPO C\"}]},{\"@type\":\"WebSite\",\"@id\":\"https:\/\/casadomarceneiroavare.com.br\/site\/#website\",\"url\":\"https:\/\/casadomarceneiroavare.com.br\/site\/\",\"name\":\"Casa do Marceneiro - Home Center\",\"description\":\"Venha Conhecer o Maior Home Center da Regi\u00e3o, a Loja pra Fam\u00edlia toda\",\"potentialAction\":[{\"@type\":\"SearchAction\",\"target\":{\"@type\":\"EntryPoint\",\"urlTemplate\":\"https:\/\/casadomarceneiroavare.com.br\/site\/?s={search_term_string}\"},\"query-input\":\"required name=search_term_string\"}],\"inLanguage\":\"pt-BR\"}]}<\/script>\n<!-- \/ Yoast SEO plugin. -->","yoast_head_json":{"title":"MTX GRAMPO TIPO C - Casa do Marceneiro - Home Center","robots":{"index":"index","follow":"follow","max-snippet":"max-snippet:-1","max-image-preview":"max-image-preview:large","max-video-preview":"max-video-preview:-1"},"canonical":"https:\/\/casadomarceneiroavare.com.br\/site\/produto\/mtx-grampo-tipo-c\/","og_locale":"pt_BR","og_type":"article","og_title":"MTX GRAMPO TIPO C - Casa do Marceneiro - Home Center","og_description":"Grampo tipo C \u00e9 ideal para fixa\u00e7\u00e3o de pe\u00e7as feitas de v\u00e1rios materiais durante o processo de montagem. Com pintura da estrutura a p\u00f3, resiste a danos mec\u00e2nicos e protege o grampo seguramente contra a corros\u00e3o. Os mordentes possuem placas especiais em pl\u00e1stico para evitar a deforma\u00e7\u00e3o de pe\u00e7as em processamento. Fabricado em ferro refor\u00e7ado....","og_url":"https:\/\/casadomarceneiroavare.com.br\/site\/produto\/mtx-grampo-tipo-c\/","og_site_name":"Casa do Marceneiro - Home Center","og_image":[{"width":415,"height":415,"url":"https:\/\/casadomarceneiroavare.com.br\/site\/wp-content\/uploads\/2019\/10\/MTX-grampo-tipo-c.jpg","type":"image\/jpeg"}],"twitter_card":"summary_large_image","schema":{"@context":"https:\/\/schema.org","@graph":[{"@type":"WebPage","@id":"https:\/\/casadomarceneiroavare.com.br\/site\/produto\/mtx-grampo-tipo-c\/","url":"https:\/\/casadomarceneiroavare.com.br\/site\/produto\/mtx-grampo-tipo-c\/","name":"MTX GRAMPO TIPO C - Casa do Marceneiro - Home Center","isPartOf":{"@id":"https:\/\/casadomarceneiroavare.com.br\/site\/#website"},"datePublished":"2019-10-01T14:40:37+00:00","dateModified":"2019-10-01T14:40:37+00:00","breadcrumb":{"@id":"https:\/\/casadomarceneiroavare.com.br\/site\/produto\/mtx-grampo-tipo-c\/#breadcrumb"},"inLanguage":"pt-BR","potentialAction":[{"@type":"ReadAction","target":["https:\/\/casadomarceneiroavare.com.br\/site\/produto\/mtx-grampo-tipo-c\/"]}]},{"@type":"BreadcrumbList","@id":"https:\/\/casadomarceneiroavare.com.br\/site\/produto\/mtx-grampo-tipo-c\/#breadcrumb","itemListElement":[{"@type":"ListItem","position":1,"name":"Home","item":"https:\/\/casadomarceneiroavare.com.br\/site\/"},{"@type":"ListItem","position":2,"name":"Conhe\u00e7a nossos Produtos","item":"https:\/\/casadomarceneiroavare.com.br\/site\/shop\/"},{"@type":"ListItem","position":3,"name":"MTX GRAMPO TIPO C"}]},{"@type":"WebSite","@id":"https:\/\/casadomarceneiroavare.com.br\/site\/#website","url":"https:\/\/casadomarceneiroavare.com.br\/site\/","name":"Casa do Marceneiro - Home Center","description":"Venha Conhecer o Maior Home Center da Regi\u00e3o, a Loja pra Fam\u00edlia toda","potentialAction":[{"@type":"SearchAction","target":{"@type":"EntryPoint","urlTemplate":"https:\/\/casadomarceneiroavare.com.br\/site\/?s={search_term_string}"},"query-input":"required name=search_term_string"}],"inLanguage":"pt-BR"}]}},"_links":{"self":[{"href":"https:\/\/casadomarceneiroavare.com.br\/site\/wp-json\/wp\/v2\/product\/5110"}],"collection":[{"href":"https:\/\/casadomarceneiroavare.com.br\/site\/wp-json\/wp\/v2\/product"}],"about":[{"href":"https:\/\/casadomarceneiroavare.com.br\/site\/wp-json\/wp\/v2\/types\/product"}],"replies":[{"embeddable":true,"href":"https:\/\/casadomarceneiroavare.com.br\/site\/wp-json\/wp\/v2\/comments?post=5110"}],"wp:featuredmedia":[{"embeddable":true,"href":"https:\/\/casadomarceneiroavare.com.br\/site\/wp-json\/wp\/v2\/media\/5111"}],"wp:attachment":[{"href":"https:\/\/casadomarceneiroavare.com.br\/site\/wp-json\/wp\/v2\/media?parent=5110"}],"curies":[{"name":"wp","href":"https:\/\/api.w.org\/{rel}","templated":true}]}}