{"id":5098,"date":"2019-09-30T10:03:29","date_gmt":"2019-09-30T12:03:29","guid":{"rendered":"http:\/\/www.casadomarceneiroavare.com.br\/loja\/?post_type=product&#038;p=5098"},"modified":"2019-09-30T10:03:30","modified_gmt":"2019-09-30T12:03:30","slug":"mtx-arco-de-serra-mini-10-alum-7756059","status":"publish","type":"product","link":"https:\/\/casadomarceneiroavare.com.br\/site\/produto\/mtx-arco-de-serra-mini-10-alum-7756059\/","title":{"rendered":"MTX ARCO DE SERRA MINI 10&#8221; ALUM. 7756059"},"content":{"rendered":"<p>Arco de serra mini, com corpo em alum\u00ednio e cabo emborrachado MTX. Projetado para cortar pequenos perfis em metal ou pl\u00e1stico. Produto conta com cabo confort\u00e1vel.<\/p>\n<p>&#8211; Marca: MTX<br \/>\n&#8211; Modelo: 7756059<br \/>\n&#8211; Capacidade das l\u00e2minas (10\u201d (250mm)<br \/>\n&#8211; Estrutura ergon\u00f4mica em alum\u00ednio fundido<br \/>\n&#8211; Projetado para cortar pequenos perfis em metal ou pl\u00e1stico<br \/>\n&#8211; Podem ser utilizadas l\u00e2minas quebradas desde que se tenha pelo menos de 90mm (3 1\/2 para encaixe)<br \/>\n&#8211; Parafuso para travar a l\u00e2mina<br \/>\n&#8211; Cabo com dois componentes emborrachado<br \/>\n&#8211; Acompanha l\u00e2mina de serra em a\u00e7o carbono<br \/>\n&#8211; Peso bruto: 125 gramas<\/p>\n<p>&nbsp;<\/p>\n<p>&nbsp;<\/p>\n","protected":false},"excerpt":{"rendered":"<p>Arco de serra mini, com corpo em alum\u00ednio e cabo emborrachado MTX. Projetado para cortar pequenos perfis em metal ou pl\u00e1stico. Produto conta com cabo confort\u00e1vel. &#8211; Marca: MTX &#8211; Modelo: 7756059 &#8211; Capacidade das l\u00e2minas (10\u201d (250mm) &#8211; Estrutura ergon\u00f4mica em alum\u00ednio fundido &#8211; Projetado para cortar pequenos perfis em metal ou pl\u00e1stico &#8211;&#8230;<\/p>\n","protected":false},"featured_media":5099,"comment_status":"open","ping_status":"closed","template":"","meta":{"inline_featured_image":false},"yoast_head":"<!-- This site is optimized with the Yoast SEO plugin v21.7 - https:\/\/yoast.com\/wordpress\/plugins\/seo\/ -->\n<title>MTX ARCO DE SERRA MINI 10&#039;&#039; ALUM. 7756059 - Casa do Marceneiro - Home Center<\/title>\n<meta name=\"robots\" content=\"index, follow, max-snippet:-1, max-image-preview:large, max-video-preview:-1\" \/>\n<link rel=\"canonical\" href=\"https:\/\/casadomarceneiroavare.com.br\/site\/produto\/mtx-arco-de-serra-mini-10-alum-7756059\/\" \/>\n<meta property=\"og:locale\" content=\"pt_BR\" \/>\n<meta property=\"og:type\" content=\"article\" \/>\n<meta property=\"og:title\" content=\"MTX ARCO DE SERRA MINI 10&#039;&#039; ALUM. 7756059 - Casa do Marceneiro - Home Center\" \/>\n<meta property=\"og:description\" content=\"Arco de serra mini, com corpo em alum\u00ednio e cabo emborrachado MTX. Projetado para cortar pequenos perfis em metal ou pl\u00e1stico. Produto conta com cabo confort\u00e1vel. &#8211; Marca: MTX &#8211; Modelo: 7756059 &#8211; Capacidade das l\u00e2minas (10\u201d (250mm) &#8211; Estrutura ergon\u00f4mica em alum\u00ednio fundido &#8211; Projetado para cortar pequenos perfis em metal ou pl\u00e1stico &#8211;...\" \/>\n<meta property=\"og:url\" content=\"https:\/\/casadomarceneiroavare.com.br\/site\/produto\/mtx-arco-de-serra-mini-10-alum-7756059\/\" \/>\n<meta property=\"og:site_name\" content=\"Casa do Marceneiro - Home Center\" \/>\n<meta property=\"article:modified_time\" content=\"2019-09-30T12:03:30+00:00\" \/>\n<meta property=\"og:image\" content=\"https:\/\/casadomarceneiroavare.com.br\/site\/wp-content\/uploads\/2019\/09\/Arco-de-Serra-10-Pol-com-Cabo-Emborracha-mtx-77560591.jpg\" \/>\n\t<meta property=\"og:image:width\" content=\"1000\" \/>\n\t<meta property=\"og:image:height\" content=\"1000\" \/>\n\t<meta property=\"og:image:type\" content=\"image\/jpeg\" \/>\n<meta name=\"twitter:card\" content=\"summary_large_image\" \/>\n<meta name=\"twitter:label1\" content=\"Est. tempo de leitura\" \/>\n\t<meta name=\"twitter:data1\" content=\"1 minuto\" \/>\n<script type=\"application\/ld+json\" class=\"yoast-schema-graph\">{\"@context\":\"https:\/\/schema.org\",\"@graph\":[{\"@type\":\"WebPage\",\"@id\":\"https:\/\/casadomarceneiroavare.com.br\/site\/produto\/mtx-arco-de-serra-mini-10-alum-7756059\/\",\"url\":\"https:\/\/casadomarceneiroavare.com.br\/site\/produto\/mtx-arco-de-serra-mini-10-alum-7756059\/\",\"name\":\"MTX ARCO DE SERRA MINI 10'' ALUM. 7756059 - Casa do Marceneiro - Home Center\",\"isPartOf\":{\"@id\":\"https:\/\/casadomarceneiroavare.com.br\/site\/#website\"},\"datePublished\":\"2019-09-30T12:03:29+00:00\",\"dateModified\":\"2019-09-30T12:03:30+00:00\",\"breadcrumb\":{\"@id\":\"https:\/\/casadomarceneiroavare.com.br\/site\/produto\/mtx-arco-de-serra-mini-10-alum-7756059\/#breadcrumb\"},\"inLanguage\":\"pt-BR\",\"potentialAction\":[{\"@type\":\"ReadAction\",\"target\":[\"https:\/\/casadomarceneiroavare.com.br\/site\/produto\/mtx-arco-de-serra-mini-10-alum-7756059\/\"]}]},{\"@type\":\"BreadcrumbList\",\"@id\":\"https:\/\/casadomarceneiroavare.com.br\/site\/produto\/mtx-arco-de-serra-mini-10-alum-7756059\/#breadcrumb\",\"itemListElement\":[{\"@type\":\"ListItem\",\"position\":1,\"name\":\"Home\",\"item\":\"https:\/\/casadomarceneiroavare.com.br\/site\/\"},{\"@type\":\"ListItem\",\"position\":2,\"name\":\"Conhe\u00e7a nossos Produtos\",\"item\":\"https:\/\/casadomarceneiroavare.com.br\/site\/shop\/\"},{\"@type\":\"ListItem\",\"position\":3,\"name\":\"MTX ARCO DE SERRA MINI 10&#8221; ALUM. 7756059\"}]},{\"@type\":\"WebSite\",\"@id\":\"https:\/\/casadomarceneiroavare.com.br\/site\/#website\",\"url\":\"https:\/\/casadomarceneiroavare.com.br\/site\/\",\"name\":\"Casa do Marceneiro - Home Center\",\"description\":\"Venha Conhecer o Maior Home Center da Regi\u00e3o, a Loja pra Fam\u00edlia toda\",\"potentialAction\":[{\"@type\":\"SearchAction\",\"target\":{\"@type\":\"EntryPoint\",\"urlTemplate\":\"https:\/\/casadomarceneiroavare.com.br\/site\/?s={search_term_string}\"},\"query-input\":\"required name=search_term_string\"}],\"inLanguage\":\"pt-BR\"}]}<\/script>\n<!-- \/ Yoast SEO plugin. -->","yoast_head_json":{"title":"MTX ARCO DE SERRA MINI 10'' ALUM. 7756059 - Casa do Marceneiro - Home Center","robots":{"index":"index","follow":"follow","max-snippet":"max-snippet:-1","max-image-preview":"max-image-preview:large","max-video-preview":"max-video-preview:-1"},"canonical":"https:\/\/casadomarceneiroavare.com.br\/site\/produto\/mtx-arco-de-serra-mini-10-alum-7756059\/","og_locale":"pt_BR","og_type":"article","og_title":"MTX ARCO DE SERRA MINI 10'' ALUM. 7756059 - Casa do Marceneiro - Home Center","og_description":"Arco de serra mini, com corpo em alum\u00ednio e cabo emborrachado MTX. Projetado para cortar pequenos perfis em metal ou pl\u00e1stico. Produto conta com cabo confort\u00e1vel. &#8211; Marca: MTX &#8211; Modelo: 7756059 &#8211; Capacidade das l\u00e2minas (10\u201d (250mm) &#8211; Estrutura ergon\u00f4mica em alum\u00ednio fundido &#8211; Projetado para cortar pequenos perfis em metal ou pl\u00e1stico &#8211;...","og_url":"https:\/\/casadomarceneiroavare.com.br\/site\/produto\/mtx-arco-de-serra-mini-10-alum-7756059\/","og_site_name":"Casa do Marceneiro - Home Center","article_modified_time":"2019-09-30T12:03:30+00:00","og_image":[{"width":1000,"height":1000,"url":"https:\/\/casadomarceneiroavare.com.br\/site\/wp-content\/uploads\/2019\/09\/Arco-de-Serra-10-Pol-com-Cabo-Emborracha-mtx-77560591.jpg","type":"image\/jpeg"}],"twitter_card":"summary_large_image","twitter_misc":{"Est. tempo de leitura":"1 minuto"},"schema":{"@context":"https:\/\/schema.org","@graph":[{"@type":"WebPage","@id":"https:\/\/casadomarceneiroavare.com.br\/site\/produto\/mtx-arco-de-serra-mini-10-alum-7756059\/","url":"https:\/\/casadomarceneiroavare.com.br\/site\/produto\/mtx-arco-de-serra-mini-10-alum-7756059\/","name":"MTX ARCO DE SERRA MINI 10'' ALUM. 7756059 - Casa do Marceneiro - Home Center","isPartOf":{"@id":"https:\/\/casadomarceneiroavare.com.br\/site\/#website"},"datePublished":"2019-09-30T12:03:29+00:00","dateModified":"2019-09-30T12:03:30+00:00","breadcrumb":{"@id":"https:\/\/casadomarceneiroavare.com.br\/site\/produto\/mtx-arco-de-serra-mini-10-alum-7756059\/#breadcrumb"},"inLanguage":"pt-BR","potentialAction":[{"@type":"ReadAction","target":["https:\/\/casadomarceneiroavare.com.br\/site\/produto\/mtx-arco-de-serra-mini-10-alum-7756059\/"]}]},{"@type":"BreadcrumbList","@id":"https:\/\/casadomarceneiroavare.com.br\/site\/produto\/mtx-arco-de-serra-mini-10-alum-7756059\/#breadcrumb","itemListElement":[{"@type":"ListItem","position":1,"name":"Home","item":"https:\/\/casadomarceneiroavare.com.br\/site\/"},{"@type":"ListItem","position":2,"name":"Conhe\u00e7a nossos Produtos","item":"https:\/\/casadomarceneiroavare.com.br\/site\/shop\/"},{"@type":"ListItem","position":3,"name":"MTX ARCO DE SERRA MINI 10&#8221; ALUM. 7756059"}]},{"@type":"WebSite","@id":"https:\/\/casadomarceneiroavare.com.br\/site\/#website","url":"https:\/\/casadomarceneiroavare.com.br\/site\/","name":"Casa do Marceneiro - Home Center","description":"Venha Conhecer o Maior Home Center da Regi\u00e3o, a Loja pra Fam\u00edlia toda","potentialAction":[{"@type":"SearchAction","target":{"@type":"EntryPoint","urlTemplate":"https:\/\/casadomarceneiroavare.com.br\/site\/?s={search_term_string}"},"query-input":"required name=search_term_string"}],"inLanguage":"pt-BR"}]}},"_links":{"self":[{"href":"https:\/\/casadomarceneiroavare.com.br\/site\/wp-json\/wp\/v2\/product\/5098"}],"collection":[{"href":"https:\/\/casadomarceneiroavare.com.br\/site\/wp-json\/wp\/v2\/product"}],"about":[{"href":"https:\/\/casadomarceneiroavare.com.br\/site\/wp-json\/wp\/v2\/types\/product"}],"replies":[{"embeddable":true,"href":"https:\/\/casadomarceneiroavare.com.br\/site\/wp-json\/wp\/v2\/comments?post=5098"}],"wp:featuredmedia":[{"embeddable":true,"href":"https:\/\/casadomarceneiroavare.com.br\/site\/wp-json\/wp\/v2\/media\/5099"}],"wp:attachment":[{"href":"https:\/\/casadomarceneiroavare.com.br\/site\/wp-json\/wp\/v2\/media?parent=5098"}],"curies":[{"name":"wp","href":"https:\/\/api.w.org\/{rel}","templated":true}]}}