{"id":5096,"date":"2019-09-27T18:15:15","date_gmt":"2019-09-27T20:15:15","guid":{"rendered":"http:\/\/www.casadomarceneiroavare.com.br\/loja\/?post_type=product&#038;p=5096"},"modified":"2019-09-27T18:15:15","modified_gmt":"2019-09-27T20:15:15","slug":"mtx-alicate-bico-meia-cana-reto-6-black-171589","status":"publish","type":"product","link":"https:\/\/casadomarceneiroavare.com.br\/site\/produto\/mtx-alicate-bico-meia-cana-reto-6-black-171589\/","title":{"rendered":"MTX ALICATE BICO MEIA CANA RETO 6&#8221; BLACK 171589"},"content":{"rendered":"<p>Alicate bico meia-cana reto da linha Black N\u00edckel possui acabamento polido e cabo pl\u00e1stico anat\u00f4mico com dois componentes.<\/p>\n<p>Indicado para trabalhos de montagem e repara\u00e7\u00e3o. Conta com revestimento em n\u00edquel preto que aumenta a durabilidade da pe\u00e7a e impede a corros\u00e3o. Possui cabo de inje\u00e7\u00e3o dupla e anat\u00f4mico para maior conforto do usu\u00e1rio.<strong><br \/>\n<\/strong><br \/>\n<strong>&#8211; Caracter\u00edsticas:<\/strong><strong><br \/>\n<\/strong>:: Medida: 6\u201d \u2013 160mm<br \/>\n:: Alicate bico meia-cana reto<br \/>\n:: Revestimento em n\u00edquel preto<br \/>\n:: Fabricado em a\u00e7o cromo-van\u00e1dio de alta resist\u00eancia<br \/>\n:: Dureza do a\u00e7o: 53HRc<\/p>\n<p>&nbsp;<\/p>\n","protected":false},"excerpt":{"rendered":"<p>Alicate bico meia-cana reto da linha Black N\u00edckel possui acabamento polido e cabo pl\u00e1stico anat\u00f4mico com dois componentes. Indicado para trabalhos de montagem e repara\u00e7\u00e3o. Conta com revestimento em n\u00edquel preto que aumenta a durabilidade da pe\u00e7a e impede a corros\u00e3o. Possui cabo de inje\u00e7\u00e3o dupla e anat\u00f4mico para maior conforto do usu\u00e1rio. &#8211; Caracter\u00edsticas:&#8230;<\/p>\n","protected":false},"featured_media":5097,"comment_status":"open","ping_status":"closed","template":"","meta":{"inline_featured_image":false},"yoast_head":"<!-- This site is optimized with the Yoast SEO plugin v21.7 - https:\/\/yoast.com\/wordpress\/plugins\/seo\/ -->\n<title>MTX ALICATE BICO MEIA CANA RETO 6&#039;&#039; BLACK 171589 - Casa do Marceneiro - Home Center<\/title>\n<meta name=\"robots\" content=\"index, follow, max-snippet:-1, max-image-preview:large, max-video-preview:-1\" \/>\n<link rel=\"canonical\" href=\"https:\/\/casadomarceneiroavare.com.br\/site\/produto\/mtx-alicate-bico-meia-cana-reto-6-black-171589\/\" \/>\n<meta property=\"og:locale\" content=\"pt_BR\" \/>\n<meta property=\"og:type\" content=\"article\" \/>\n<meta property=\"og:title\" content=\"MTX ALICATE BICO MEIA CANA RETO 6&#039;&#039; BLACK 171589 - Casa do Marceneiro - Home Center\" \/>\n<meta property=\"og:description\" content=\"Alicate bico meia-cana reto da linha Black N\u00edckel possui acabamento polido e cabo pl\u00e1stico anat\u00f4mico com dois componentes. Indicado para trabalhos de montagem e repara\u00e7\u00e3o. Conta com revestimento em n\u00edquel preto que aumenta a durabilidade da pe\u00e7a e impede a corros\u00e3o. Possui cabo de inje\u00e7\u00e3o dupla e anat\u00f4mico para maior conforto do usu\u00e1rio. &#8211; Caracter\u00edsticas:...\" \/>\n<meta property=\"og:url\" content=\"https:\/\/casadomarceneiroavare.com.br\/site\/produto\/mtx-alicate-bico-meia-cana-reto-6-black-171589\/\" \/>\n<meta property=\"og:site_name\" content=\"Casa do Marceneiro - Home Center\" \/>\n<meta property=\"og:image\" content=\"https:\/\/casadomarceneiroavare.com.br\/site\/wp-content\/uploads\/2019\/09\/MTX-171589-Alicate-Bico-Reto.jpg\" \/>\n\t<meta property=\"og:image:width\" content=\"900\" \/>\n\t<meta property=\"og:image:height\" content=\"900\" \/>\n\t<meta property=\"og:image:type\" content=\"image\/jpeg\" \/>\n<meta name=\"twitter:card\" content=\"summary_large_image\" \/>\n<script type=\"application\/ld+json\" class=\"yoast-schema-graph\">{\"@context\":\"https:\/\/schema.org\",\"@graph\":[{\"@type\":\"WebPage\",\"@id\":\"https:\/\/casadomarceneiroavare.com.br\/site\/produto\/mtx-alicate-bico-meia-cana-reto-6-black-171589\/\",\"url\":\"https:\/\/casadomarceneiroavare.com.br\/site\/produto\/mtx-alicate-bico-meia-cana-reto-6-black-171589\/\",\"name\":\"MTX ALICATE BICO MEIA CANA RETO 6'' BLACK 171589 - Casa do Marceneiro - Home Center\",\"isPartOf\":{\"@id\":\"https:\/\/casadomarceneiroavare.com.br\/site\/#website\"},\"datePublished\":\"2019-09-27T20:15:15+00:00\",\"dateModified\":\"2019-09-27T20:15:15+00:00\",\"breadcrumb\":{\"@id\":\"https:\/\/casadomarceneiroavare.com.br\/site\/produto\/mtx-alicate-bico-meia-cana-reto-6-black-171589\/#breadcrumb\"},\"inLanguage\":\"pt-BR\",\"potentialAction\":[{\"@type\":\"ReadAction\",\"target\":[\"https:\/\/casadomarceneiroavare.com.br\/site\/produto\/mtx-alicate-bico-meia-cana-reto-6-black-171589\/\"]}]},{\"@type\":\"BreadcrumbList\",\"@id\":\"https:\/\/casadomarceneiroavare.com.br\/site\/produto\/mtx-alicate-bico-meia-cana-reto-6-black-171589\/#breadcrumb\",\"itemListElement\":[{\"@type\":\"ListItem\",\"position\":1,\"name\":\"Home\",\"item\":\"https:\/\/casadomarceneiroavare.com.br\/site\/\"},{\"@type\":\"ListItem\",\"position\":2,\"name\":\"Conhe\u00e7a nossos Produtos\",\"item\":\"https:\/\/casadomarceneiroavare.com.br\/site\/shop\/\"},{\"@type\":\"ListItem\",\"position\":3,\"name\":\"MTX ALICATE BICO MEIA CANA RETO 6&#8221; BLACK 171589\"}]},{\"@type\":\"WebSite\",\"@id\":\"https:\/\/casadomarceneiroavare.com.br\/site\/#website\",\"url\":\"https:\/\/casadomarceneiroavare.com.br\/site\/\",\"name\":\"Casa do Marceneiro - Home Center\",\"description\":\"Venha Conhecer o Maior Home Center da Regi\u00e3o, a Loja pra Fam\u00edlia toda\",\"potentialAction\":[{\"@type\":\"SearchAction\",\"target\":{\"@type\":\"EntryPoint\",\"urlTemplate\":\"https:\/\/casadomarceneiroavare.com.br\/site\/?s={search_term_string}\"},\"query-input\":\"required name=search_term_string\"}],\"inLanguage\":\"pt-BR\"}]}<\/script>\n<!-- \/ Yoast SEO plugin. -->","yoast_head_json":{"title":"MTX ALICATE BICO MEIA CANA RETO 6'' BLACK 171589 - Casa do Marceneiro - Home Center","robots":{"index":"index","follow":"follow","max-snippet":"max-snippet:-1","max-image-preview":"max-image-preview:large","max-video-preview":"max-video-preview:-1"},"canonical":"https:\/\/casadomarceneiroavare.com.br\/site\/produto\/mtx-alicate-bico-meia-cana-reto-6-black-171589\/","og_locale":"pt_BR","og_type":"article","og_title":"MTX ALICATE BICO MEIA CANA RETO 6'' BLACK 171589 - Casa do Marceneiro - Home Center","og_description":"Alicate bico meia-cana reto da linha Black N\u00edckel possui acabamento polido e cabo pl\u00e1stico anat\u00f4mico com dois componentes. Indicado para trabalhos de montagem e repara\u00e7\u00e3o. Conta com revestimento em n\u00edquel preto que aumenta a durabilidade da pe\u00e7a e impede a corros\u00e3o. Possui cabo de inje\u00e7\u00e3o dupla e anat\u00f4mico para maior conforto do usu\u00e1rio. &#8211; Caracter\u00edsticas:...","og_url":"https:\/\/casadomarceneiroavare.com.br\/site\/produto\/mtx-alicate-bico-meia-cana-reto-6-black-171589\/","og_site_name":"Casa do Marceneiro - Home Center","og_image":[{"width":900,"height":900,"url":"https:\/\/casadomarceneiroavare.com.br\/site\/wp-content\/uploads\/2019\/09\/MTX-171589-Alicate-Bico-Reto.jpg","type":"image\/jpeg"}],"twitter_card":"summary_large_image","schema":{"@context":"https:\/\/schema.org","@graph":[{"@type":"WebPage","@id":"https:\/\/casadomarceneiroavare.com.br\/site\/produto\/mtx-alicate-bico-meia-cana-reto-6-black-171589\/","url":"https:\/\/casadomarceneiroavare.com.br\/site\/produto\/mtx-alicate-bico-meia-cana-reto-6-black-171589\/","name":"MTX ALICATE BICO MEIA CANA RETO 6'' BLACK 171589 - Casa do Marceneiro - Home Center","isPartOf":{"@id":"https:\/\/casadomarceneiroavare.com.br\/site\/#website"},"datePublished":"2019-09-27T20:15:15+00:00","dateModified":"2019-09-27T20:15:15+00:00","breadcrumb":{"@id":"https:\/\/casadomarceneiroavare.com.br\/site\/produto\/mtx-alicate-bico-meia-cana-reto-6-black-171589\/#breadcrumb"},"inLanguage":"pt-BR","potentialAction":[{"@type":"ReadAction","target":["https:\/\/casadomarceneiroavare.com.br\/site\/produto\/mtx-alicate-bico-meia-cana-reto-6-black-171589\/"]}]},{"@type":"BreadcrumbList","@id":"https:\/\/casadomarceneiroavare.com.br\/site\/produto\/mtx-alicate-bico-meia-cana-reto-6-black-171589\/#breadcrumb","itemListElement":[{"@type":"ListItem","position":1,"name":"Home","item":"https:\/\/casadomarceneiroavare.com.br\/site\/"},{"@type":"ListItem","position":2,"name":"Conhe\u00e7a nossos Produtos","item":"https:\/\/casadomarceneiroavare.com.br\/site\/shop\/"},{"@type":"ListItem","position":3,"name":"MTX ALICATE BICO MEIA CANA RETO 6&#8221; BLACK 171589"}]},{"@type":"WebSite","@id":"https:\/\/casadomarceneiroavare.com.br\/site\/#website","url":"https:\/\/casadomarceneiroavare.com.br\/site\/","name":"Casa do Marceneiro - Home Center","description":"Venha Conhecer o Maior Home Center da Regi\u00e3o, a Loja pra Fam\u00edlia toda","potentialAction":[{"@type":"SearchAction","target":{"@type":"EntryPoint","urlTemplate":"https:\/\/casadomarceneiroavare.com.br\/site\/?s={search_term_string}"},"query-input":"required name=search_term_string"}],"inLanguage":"pt-BR"}]}},"_links":{"self":[{"href":"https:\/\/casadomarceneiroavare.com.br\/site\/wp-json\/wp\/v2\/product\/5096"}],"collection":[{"href":"https:\/\/casadomarceneiroavare.com.br\/site\/wp-json\/wp\/v2\/product"}],"about":[{"href":"https:\/\/casadomarceneiroavare.com.br\/site\/wp-json\/wp\/v2\/types\/product"}],"replies":[{"embeddable":true,"href":"https:\/\/casadomarceneiroavare.com.br\/site\/wp-json\/wp\/v2\/comments?post=5096"}],"wp:featuredmedia":[{"embeddable":true,"href":"https:\/\/casadomarceneiroavare.com.br\/site\/wp-json\/wp\/v2\/media\/5097"}],"wp:attachment":[{"href":"https:\/\/casadomarceneiroavare.com.br\/site\/wp-json\/wp\/v2\/media?parent=5096"}],"curies":[{"name":"wp","href":"https:\/\/api.w.org\/{rel}","templated":true}]}}