{"id":5093,"date":"2019-09-27T17:40:37","date_gmt":"2019-09-27T19:40:37","guid":{"rendered":"http:\/\/www.casadomarceneiroavare.com.br\/loja\/?post_type=product&#038;p=5093"},"modified":"2025-10-28T09:28:29","modified_gmt":"2025-10-28T12:28:29","slug":"mtx-estilete-25mm-emborrachado-789599","status":"publish","type":"product","link":"https:\/\/casadomarceneiroavare.com.br\/site\/produto\/mtx-estilete-25mm-emborrachado-789599\/","title":{"rendered":"MTX ESTILETE 25MM EMBORRACHADO 789599"},"content":{"rendered":"<div class=\"page-heading\"><span id=\"infoproduto\" class=\"page-heading-title informacaoProduto\">Descri\u00e7\u00e3o do Produto<\/span><\/div>\n<p>O Estilete possui corpo met\u00e1lico refor\u00e7ado com revestimento de borracha e guia de metal. Conta com fixa\u00e7\u00e3o da l\u00e2mina autom\u00e1tica. Indicado para cortar papel, papel\u00e3o e outros materiais. A substitui\u00e7\u00e3o da l\u00e2mina \u00e9 feita de forma manual, pela parte traseira do estilete.<\/p>\n<p><strong>&#8211; Caracter\u00edsticas<br \/>\n<\/strong>:: Para uso profissional<br \/>\n:: Corpo de metal<br \/>\n:: Bot\u00e3o de trava e destrava para l\u00e2minas<br \/>\n:: Para aumentar a seguran\u00e7a ao cortar cordas e cord\u00e9is<br \/>\n:: Medida da l\u00e2mina: 25mm<\/p>\n<p>&nbsp;<\/p>\n<p>&nbsp;<\/p>\n","protected":false},"excerpt":{"rendered":"<p>Descri\u00e7\u00e3o do Produto O Estilete possui corpo met\u00e1lico refor\u00e7ado com revestimento de borracha e guia de metal. Conta com fixa\u00e7\u00e3o da l\u00e2mina autom\u00e1tica. Indicado para cortar papel, papel\u00e3o e outros materiais. A substitui\u00e7\u00e3o da l\u00e2mina \u00e9 feita de forma manual, pela parte traseira do estilete. &#8211; Caracter\u00edsticas :: Para uso profissional :: Corpo de metal&#8230;<\/p>\n","protected":false},"featured_media":5094,"comment_status":"open","ping_status":"closed","template":"","meta":{"inline_featured_image":false},"yoast_head":"<!-- This site is optimized with the Yoast SEO plugin v21.7 - https:\/\/yoast.com\/wordpress\/plugins\/seo\/ -->\n<title>MTX ESTILETE 25MM EMBORRACHADO 789599 - Casa do Marceneiro - Home Center<\/title>\n<meta name=\"robots\" content=\"index, follow, max-snippet:-1, max-image-preview:large, max-video-preview:-1\" \/>\n<link rel=\"canonical\" href=\"https:\/\/casadomarceneiroavare.com.br\/site\/produto\/mtx-estilete-25mm-emborrachado-789599\/\" \/>\n<meta property=\"og:locale\" content=\"pt_BR\" \/>\n<meta property=\"og:type\" content=\"article\" \/>\n<meta property=\"og:title\" content=\"MTX ESTILETE 25MM EMBORRACHADO 789599 - Casa do Marceneiro - Home Center\" \/>\n<meta property=\"og:description\" content=\"Descri\u00e7\u00e3o do Produto O Estilete possui corpo met\u00e1lico refor\u00e7ado com revestimento de borracha e guia de metal. Conta com fixa\u00e7\u00e3o da l\u00e2mina autom\u00e1tica. Indicado para cortar papel, papel\u00e3o e outros materiais. A substitui\u00e7\u00e3o da l\u00e2mina \u00e9 feita de forma manual, pela parte traseira do estilete. &#8211; Caracter\u00edsticas :: Para uso profissional :: Corpo de metal...\" \/>\n<meta property=\"og:url\" content=\"https:\/\/casadomarceneiroavare.com.br\/site\/produto\/mtx-estilete-25mm-emborrachado-789599\/\" \/>\n<meta property=\"og:site_name\" content=\"Casa do Marceneiro - Home Center\" \/>\n<meta property=\"article:modified_time\" content=\"2025-10-28T12:28:29+00:00\" \/>\n<meta property=\"og:image\" content=\"https:\/\/casadomarceneiroavare.com.br\/site\/wp-content\/uploads\/2019\/09\/estilete-profissional-emborrachado-25mm-mtx.jpg\" \/>\n\t<meta property=\"og:image:width\" content=\"1074\" \/>\n\t<meta property=\"og:image:height\" content=\"1100\" \/>\n\t<meta property=\"og:image:type\" content=\"image\/jpeg\" \/>\n<meta name=\"twitter:card\" content=\"summary_large_image\" \/>\n<script type=\"application\/ld+json\" class=\"yoast-schema-graph\">{\"@context\":\"https:\/\/schema.org\",\"@graph\":[{\"@type\":\"WebPage\",\"@id\":\"https:\/\/casadomarceneiroavare.com.br\/site\/produto\/mtx-estilete-25mm-emborrachado-789599\/\",\"url\":\"https:\/\/casadomarceneiroavare.com.br\/site\/produto\/mtx-estilete-25mm-emborrachado-789599\/\",\"name\":\"MTX ESTILETE 25MM EMBORRACHADO 789599 - Casa do Marceneiro - Home Center\",\"isPartOf\":{\"@id\":\"https:\/\/casadomarceneiroavare.com.br\/site\/#website\"},\"datePublished\":\"2019-09-27T19:40:37+00:00\",\"dateModified\":\"2025-10-28T12:28:29+00:00\",\"breadcrumb\":{\"@id\":\"https:\/\/casadomarceneiroavare.com.br\/site\/produto\/mtx-estilete-25mm-emborrachado-789599\/#breadcrumb\"},\"inLanguage\":\"pt-BR\",\"potentialAction\":[{\"@type\":\"ReadAction\",\"target\":[\"https:\/\/casadomarceneiroavare.com.br\/site\/produto\/mtx-estilete-25mm-emborrachado-789599\/\"]}]},{\"@type\":\"BreadcrumbList\",\"@id\":\"https:\/\/casadomarceneiroavare.com.br\/site\/produto\/mtx-estilete-25mm-emborrachado-789599\/#breadcrumb\",\"itemListElement\":[{\"@type\":\"ListItem\",\"position\":1,\"name\":\"Home\",\"item\":\"https:\/\/casadomarceneiroavare.com.br\/site\/\"},{\"@type\":\"ListItem\",\"position\":2,\"name\":\"Conhe\u00e7a nossos Produtos\",\"item\":\"https:\/\/casadomarceneiroavare.com.br\/site\/shop\/\"},{\"@type\":\"ListItem\",\"position\":3,\"name\":\"MTX ESTILETE 25MM EMBORRACHADO 789599\"}]},{\"@type\":\"WebSite\",\"@id\":\"https:\/\/casadomarceneiroavare.com.br\/site\/#website\",\"url\":\"https:\/\/casadomarceneiroavare.com.br\/site\/\",\"name\":\"Casa do Marceneiro - Home Center\",\"description\":\"Venha Conhecer o Maior Home Center da Regi\u00e3o, a Loja pra Fam\u00edlia toda\",\"potentialAction\":[{\"@type\":\"SearchAction\",\"target\":{\"@type\":\"EntryPoint\",\"urlTemplate\":\"https:\/\/casadomarceneiroavare.com.br\/site\/?s={search_term_string}\"},\"query-input\":\"required name=search_term_string\"}],\"inLanguage\":\"pt-BR\"}]}<\/script>\n<!-- \/ Yoast SEO plugin. -->","yoast_head_json":{"title":"MTX ESTILETE 25MM EMBORRACHADO 789599 - Casa do Marceneiro - Home Center","robots":{"index":"index","follow":"follow","max-snippet":"max-snippet:-1","max-image-preview":"max-image-preview:large","max-video-preview":"max-video-preview:-1"},"canonical":"https:\/\/casadomarceneiroavare.com.br\/site\/produto\/mtx-estilete-25mm-emborrachado-789599\/","og_locale":"pt_BR","og_type":"article","og_title":"MTX ESTILETE 25MM EMBORRACHADO 789599 - Casa do Marceneiro - Home Center","og_description":"Descri\u00e7\u00e3o do Produto O Estilete possui corpo met\u00e1lico refor\u00e7ado com revestimento de borracha e guia de metal. Conta com fixa\u00e7\u00e3o da l\u00e2mina autom\u00e1tica. Indicado para cortar papel, papel\u00e3o e outros materiais. A substitui\u00e7\u00e3o da l\u00e2mina \u00e9 feita de forma manual, pela parte traseira do estilete. &#8211; Caracter\u00edsticas :: Para uso profissional :: Corpo de metal...","og_url":"https:\/\/casadomarceneiroavare.com.br\/site\/produto\/mtx-estilete-25mm-emborrachado-789599\/","og_site_name":"Casa do Marceneiro - Home Center","article_modified_time":"2025-10-28T12:28:29+00:00","og_image":[{"width":1074,"height":1100,"url":"https:\/\/casadomarceneiroavare.com.br\/site\/wp-content\/uploads\/2019\/09\/estilete-profissional-emborrachado-25mm-mtx.jpg","type":"image\/jpeg"}],"twitter_card":"summary_large_image","schema":{"@context":"https:\/\/schema.org","@graph":[{"@type":"WebPage","@id":"https:\/\/casadomarceneiroavare.com.br\/site\/produto\/mtx-estilete-25mm-emborrachado-789599\/","url":"https:\/\/casadomarceneiroavare.com.br\/site\/produto\/mtx-estilete-25mm-emborrachado-789599\/","name":"MTX ESTILETE 25MM EMBORRACHADO 789599 - Casa do Marceneiro - Home Center","isPartOf":{"@id":"https:\/\/casadomarceneiroavare.com.br\/site\/#website"},"datePublished":"2019-09-27T19:40:37+00:00","dateModified":"2025-10-28T12:28:29+00:00","breadcrumb":{"@id":"https:\/\/casadomarceneiroavare.com.br\/site\/produto\/mtx-estilete-25mm-emborrachado-789599\/#breadcrumb"},"inLanguage":"pt-BR","potentialAction":[{"@type":"ReadAction","target":["https:\/\/casadomarceneiroavare.com.br\/site\/produto\/mtx-estilete-25mm-emborrachado-789599\/"]}]},{"@type":"BreadcrumbList","@id":"https:\/\/casadomarceneiroavare.com.br\/site\/produto\/mtx-estilete-25mm-emborrachado-789599\/#breadcrumb","itemListElement":[{"@type":"ListItem","position":1,"name":"Home","item":"https:\/\/casadomarceneiroavare.com.br\/site\/"},{"@type":"ListItem","position":2,"name":"Conhe\u00e7a nossos Produtos","item":"https:\/\/casadomarceneiroavare.com.br\/site\/shop\/"},{"@type":"ListItem","position":3,"name":"MTX ESTILETE 25MM EMBORRACHADO 789599"}]},{"@type":"WebSite","@id":"https:\/\/casadomarceneiroavare.com.br\/site\/#website","url":"https:\/\/casadomarceneiroavare.com.br\/site\/","name":"Casa do Marceneiro - Home Center","description":"Venha Conhecer o Maior Home Center da Regi\u00e3o, a Loja pra Fam\u00edlia toda","potentialAction":[{"@type":"SearchAction","target":{"@type":"EntryPoint","urlTemplate":"https:\/\/casadomarceneiroavare.com.br\/site\/?s={search_term_string}"},"query-input":"required name=search_term_string"}],"inLanguage":"pt-BR"}]}},"_links":{"self":[{"href":"https:\/\/casadomarceneiroavare.com.br\/site\/wp-json\/wp\/v2\/product\/5093"}],"collection":[{"href":"https:\/\/casadomarceneiroavare.com.br\/site\/wp-json\/wp\/v2\/product"}],"about":[{"href":"https:\/\/casadomarceneiroavare.com.br\/site\/wp-json\/wp\/v2\/types\/product"}],"replies":[{"embeddable":true,"href":"https:\/\/casadomarceneiroavare.com.br\/site\/wp-json\/wp\/v2\/comments?post=5093"}],"wp:featuredmedia":[{"embeddable":true,"href":"https:\/\/casadomarceneiroavare.com.br\/site\/wp-json\/wp\/v2\/media\/5094"}],"wp:attachment":[{"href":"https:\/\/casadomarceneiroavare.com.br\/site\/wp-json\/wp\/v2\/media?parent=5093"}],"curies":[{"name":"wp","href":"https:\/\/api.w.org\/{rel}","templated":true}]}}