{"id":5086,"date":"2019-09-27T17:19:15","date_gmt":"2019-09-27T19:19:15","guid":{"rendered":"http:\/\/www.casadomarceneiroavare.com.br\/loja\/?post_type=product&#038;p=5086"},"modified":"2019-09-27T17:19:15","modified_gmt":"2019-09-27T19:19:15","slug":"mtx-serrote-p-gesso-7-180mm","status":"publish","type":"product","link":"https:\/\/casadomarceneiroavare.com.br\/site\/produto\/mtx-serrote-p-gesso-7-180mm\/","title":{"rendered":"MTX SERROTE P \/ GESSO 7&#8221; 180MM"},"content":{"rendered":"<p>Serrote para gesso e drywall possui l\u00e2mina de a\u00e7o temperado com 09 dentes por polegada. A l\u00e2mina possui dupla afia\u00e7\u00e3o, ponta afiada para furo inicial e dupla linha de corte. Conta com cabo ergon\u00f4mico de pl\u00e1stico e recoberto com borracha termopl\u00e1stica, para maior firmeza e seguran\u00e7a na utiliza\u00e7\u00e3o.<\/p>\n<p><strong>&#8211; Especifica\u00e7\u00f5es t\u00e9cnicas:<\/strong><br \/>\n:: Medida: 7\u201d \u2013 180mm<br \/>\n:: N\u00famero de dentes por polegada: 09<br \/>\n:: Corpo feito de a\u00e7o carbono<br \/>\n:: Dureza dos dentes: 50-65HRc<br \/>\n:: Indicado para gesso ou drywall<\/p>\n<p>&nbsp;<\/p>\n","protected":false},"excerpt":{"rendered":"<p>Serrote para gesso e drywall possui l\u00e2mina de a\u00e7o temperado com 09 dentes por polegada. A l\u00e2mina possui dupla afia\u00e7\u00e3o, ponta afiada para furo inicial e dupla linha de corte. Conta com cabo ergon\u00f4mico de pl\u00e1stico e recoberto com borracha termopl\u00e1stica, para maior firmeza e seguran\u00e7a na utiliza\u00e7\u00e3o. &#8211; Especifica\u00e7\u00f5es t\u00e9cnicas: :: Medida: 7\u201d \u2013&#8230;<\/p>\n","protected":false},"featured_media":5089,"comment_status":"open","ping_status":"closed","template":"","meta":{"inline_featured_image":false},"yoast_head":"<!-- This site is optimized with the Yoast SEO plugin v21.7 - https:\/\/yoast.com\/wordpress\/plugins\/seo\/ -->\n<title>MTX SERROTE P \/ GESSO 7&#039;&#039; 180MM - Casa do Marceneiro - Home Center<\/title>\n<meta name=\"robots\" content=\"index, follow, max-snippet:-1, max-image-preview:large, max-video-preview:-1\" \/>\n<link rel=\"canonical\" href=\"https:\/\/casadomarceneiroavare.com.br\/site\/produto\/mtx-serrote-p-gesso-7-180mm\/\" \/>\n<meta property=\"og:locale\" content=\"pt_BR\" \/>\n<meta property=\"og:type\" content=\"article\" \/>\n<meta property=\"og:title\" content=\"MTX SERROTE P \/ GESSO 7&#039;&#039; 180MM - Casa do Marceneiro - Home Center\" \/>\n<meta property=\"og:description\" content=\"Serrote para gesso e drywall possui l\u00e2mina de a\u00e7o temperado com 09 dentes por polegada. A l\u00e2mina possui dupla afia\u00e7\u00e3o, ponta afiada para furo inicial e dupla linha de corte. Conta com cabo ergon\u00f4mico de pl\u00e1stico e recoberto com borracha termopl\u00e1stica, para maior firmeza e seguran\u00e7a na utiliza\u00e7\u00e3o. &#8211; Especifica\u00e7\u00f5es t\u00e9cnicas: :: Medida: 7\u201d \u2013...\" \/>\n<meta property=\"og:url\" content=\"https:\/\/casadomarceneiroavare.com.br\/site\/produto\/mtx-serrote-p-gesso-7-180mm\/\" \/>\n<meta property=\"og:site_name\" content=\"Casa do Marceneiro - Home Center\" \/>\n<meta property=\"og:image\" content=\"https:\/\/casadomarceneiroavare.com.br\/site\/wp-content\/uploads\/2019\/09\/218290_serrote_para_gesso_de_drywall_7_corte_dois_lados.jpg\" \/>\n\t<meta property=\"og:image:width\" content=\"500\" \/>\n\t<meta property=\"og:image:height\" content=\"500\" \/>\n\t<meta property=\"og:image:type\" content=\"image\/jpeg\" \/>\n<meta name=\"twitter:card\" content=\"summary_large_image\" \/>\n<script type=\"application\/ld+json\" class=\"yoast-schema-graph\">{\"@context\":\"https:\/\/schema.org\",\"@graph\":[{\"@type\":\"WebPage\",\"@id\":\"https:\/\/casadomarceneiroavare.com.br\/site\/produto\/mtx-serrote-p-gesso-7-180mm\/\",\"url\":\"https:\/\/casadomarceneiroavare.com.br\/site\/produto\/mtx-serrote-p-gesso-7-180mm\/\",\"name\":\"MTX SERROTE P \/ GESSO 7'' 180MM - Casa do Marceneiro - Home Center\",\"isPartOf\":{\"@id\":\"https:\/\/casadomarceneiroavare.com.br\/site\/#website\"},\"datePublished\":\"2019-09-27T19:19:15+00:00\",\"dateModified\":\"2019-09-27T19:19:15+00:00\",\"breadcrumb\":{\"@id\":\"https:\/\/casadomarceneiroavare.com.br\/site\/produto\/mtx-serrote-p-gesso-7-180mm\/#breadcrumb\"},\"inLanguage\":\"pt-BR\",\"potentialAction\":[{\"@type\":\"ReadAction\",\"target\":[\"https:\/\/casadomarceneiroavare.com.br\/site\/produto\/mtx-serrote-p-gesso-7-180mm\/\"]}]},{\"@type\":\"BreadcrumbList\",\"@id\":\"https:\/\/casadomarceneiroavare.com.br\/site\/produto\/mtx-serrote-p-gesso-7-180mm\/#breadcrumb\",\"itemListElement\":[{\"@type\":\"ListItem\",\"position\":1,\"name\":\"Home\",\"item\":\"https:\/\/casadomarceneiroavare.com.br\/site\/\"},{\"@type\":\"ListItem\",\"position\":2,\"name\":\"Conhe\u00e7a nossos Produtos\",\"item\":\"https:\/\/casadomarceneiroavare.com.br\/site\/shop\/\"},{\"@type\":\"ListItem\",\"position\":3,\"name\":\"MTX SERROTE P \/ GESSO 7&#8221; 180MM\"}]},{\"@type\":\"WebSite\",\"@id\":\"https:\/\/casadomarceneiroavare.com.br\/site\/#website\",\"url\":\"https:\/\/casadomarceneiroavare.com.br\/site\/\",\"name\":\"Casa do Marceneiro - Home Center\",\"description\":\"Venha Conhecer o Maior Home Center da Regi\u00e3o, a Loja pra Fam\u00edlia toda\",\"potentialAction\":[{\"@type\":\"SearchAction\",\"target\":{\"@type\":\"EntryPoint\",\"urlTemplate\":\"https:\/\/casadomarceneiroavare.com.br\/site\/?s={search_term_string}\"},\"query-input\":\"required name=search_term_string\"}],\"inLanguage\":\"pt-BR\"}]}<\/script>\n<!-- \/ Yoast SEO plugin. -->","yoast_head_json":{"title":"MTX SERROTE P \/ GESSO 7'' 180MM - Casa do Marceneiro - Home Center","robots":{"index":"index","follow":"follow","max-snippet":"max-snippet:-1","max-image-preview":"max-image-preview:large","max-video-preview":"max-video-preview:-1"},"canonical":"https:\/\/casadomarceneiroavare.com.br\/site\/produto\/mtx-serrote-p-gesso-7-180mm\/","og_locale":"pt_BR","og_type":"article","og_title":"MTX SERROTE P \/ GESSO 7'' 180MM - Casa do Marceneiro - Home Center","og_description":"Serrote para gesso e drywall possui l\u00e2mina de a\u00e7o temperado com 09 dentes por polegada. A l\u00e2mina possui dupla afia\u00e7\u00e3o, ponta afiada para furo inicial e dupla linha de corte. Conta com cabo ergon\u00f4mico de pl\u00e1stico e recoberto com borracha termopl\u00e1stica, para maior firmeza e seguran\u00e7a na utiliza\u00e7\u00e3o. &#8211; Especifica\u00e7\u00f5es t\u00e9cnicas: :: Medida: 7\u201d \u2013...","og_url":"https:\/\/casadomarceneiroavare.com.br\/site\/produto\/mtx-serrote-p-gesso-7-180mm\/","og_site_name":"Casa do Marceneiro - Home Center","og_image":[{"width":500,"height":500,"url":"https:\/\/casadomarceneiroavare.com.br\/site\/wp-content\/uploads\/2019\/09\/218290_serrote_para_gesso_de_drywall_7_corte_dois_lados.jpg","type":"image\/jpeg"}],"twitter_card":"summary_large_image","schema":{"@context":"https:\/\/schema.org","@graph":[{"@type":"WebPage","@id":"https:\/\/casadomarceneiroavare.com.br\/site\/produto\/mtx-serrote-p-gesso-7-180mm\/","url":"https:\/\/casadomarceneiroavare.com.br\/site\/produto\/mtx-serrote-p-gesso-7-180mm\/","name":"MTX SERROTE P \/ GESSO 7'' 180MM - Casa do Marceneiro - Home Center","isPartOf":{"@id":"https:\/\/casadomarceneiroavare.com.br\/site\/#website"},"datePublished":"2019-09-27T19:19:15+00:00","dateModified":"2019-09-27T19:19:15+00:00","breadcrumb":{"@id":"https:\/\/casadomarceneiroavare.com.br\/site\/produto\/mtx-serrote-p-gesso-7-180mm\/#breadcrumb"},"inLanguage":"pt-BR","potentialAction":[{"@type":"ReadAction","target":["https:\/\/casadomarceneiroavare.com.br\/site\/produto\/mtx-serrote-p-gesso-7-180mm\/"]}]},{"@type":"BreadcrumbList","@id":"https:\/\/casadomarceneiroavare.com.br\/site\/produto\/mtx-serrote-p-gesso-7-180mm\/#breadcrumb","itemListElement":[{"@type":"ListItem","position":1,"name":"Home","item":"https:\/\/casadomarceneiroavare.com.br\/site\/"},{"@type":"ListItem","position":2,"name":"Conhe\u00e7a nossos Produtos","item":"https:\/\/casadomarceneiroavare.com.br\/site\/shop\/"},{"@type":"ListItem","position":3,"name":"MTX SERROTE P \/ GESSO 7&#8221; 180MM"}]},{"@type":"WebSite","@id":"https:\/\/casadomarceneiroavare.com.br\/site\/#website","url":"https:\/\/casadomarceneiroavare.com.br\/site\/","name":"Casa do Marceneiro - Home Center","description":"Venha Conhecer o Maior Home Center da Regi\u00e3o, a Loja pra Fam\u00edlia toda","potentialAction":[{"@type":"SearchAction","target":{"@type":"EntryPoint","urlTemplate":"https:\/\/casadomarceneiroavare.com.br\/site\/?s={search_term_string}"},"query-input":"required name=search_term_string"}],"inLanguage":"pt-BR"}]}},"_links":{"self":[{"href":"https:\/\/casadomarceneiroavare.com.br\/site\/wp-json\/wp\/v2\/product\/5086"}],"collection":[{"href":"https:\/\/casadomarceneiroavare.com.br\/site\/wp-json\/wp\/v2\/product"}],"about":[{"href":"https:\/\/casadomarceneiroavare.com.br\/site\/wp-json\/wp\/v2\/types\/product"}],"replies":[{"embeddable":true,"href":"https:\/\/casadomarceneiroavare.com.br\/site\/wp-json\/wp\/v2\/comments?post=5086"}],"wp:featuredmedia":[{"embeddable":true,"href":"https:\/\/casadomarceneiroavare.com.br\/site\/wp-json\/wp\/v2\/media\/5089"}],"wp:attachment":[{"href":"https:\/\/casadomarceneiroavare.com.br\/site\/wp-json\/wp\/v2\/media?parent=5086"}],"curies":[{"name":"wp","href":"https:\/\/api.w.org\/{rel}","templated":true}]}}