{"id":5083,"date":"2019-09-27T17:01:37","date_gmt":"2019-09-27T19:01:37","guid":{"rendered":"http:\/\/www.casadomarceneiroavare.com.br\/loja\/?post_type=product&#038;p=5083"},"modified":"2025-08-18T17:49:12","modified_gmt":"2025-08-18T20:49:12","slug":"mtx-chave-combinada-catraca","status":"publish","type":"product","link":"https:\/\/casadomarceneiroavare.com.br\/site\/produto\/mtx-chave-combinada-catraca\/","title":{"rendered":"MTX CHAVE COMBINADA CATRACA"},"content":{"rendered":"<p>A Chave combinada com catraca \u00e9 feita em a\u00e7o cromo-van\u00e1dio inoxid\u00e1vel com revestimento de n\u00edquel-cromo, proporcionando maior durabilidade e resist\u00eancia \u00e0 corros\u00e3o. Indicada para apertar ou soltar parafusos, conta com acabamento cromado e permite que os trabalhos sejam feitos com mais facilidade e menor esfor\u00e7o do operador. A catraca tem 12 lados, aumentando a \u00e1rea de contato entre as superf\u00edcies de trabalho e reduzindo o risco de deforma\u00e7\u00f5es das bordas dos parafusos durante a instala\u00e7\u00e3o.<\/p>\n<p>&#8211; Equipada com catraca especial de 72 dentes para garantir o bom funcionamento e instala\u00e7\u00e3o f\u00e1cil e r\u00e1pida de conex\u00f5es de rosca<br \/>\n&#8211; De acordo com a norma DIN 3113<\/p>\n<p><strong>&#8211; Especifica\u00e7\u00f5es t\u00e9cnicas:<\/strong><br \/>\n:: Chave feita de a\u00e7o 40<br \/>\n:: Revestimento em n\u00edquel-cromo<br \/>\n:: \u00c2ngulo m\u00ednimo de rota\u00e7\u00e3o da chave: 5 graus<br \/>\n:: Dureza do material do mecanismo de roquete: 58HRC<\/p>\n<p>&nbsp;<\/p>\n","protected":false},"excerpt":{"rendered":"<p>A Chave combinada com catraca \u00e9 feita em a\u00e7o cromo-van\u00e1dio inoxid\u00e1vel com revestimento de n\u00edquel-cromo, proporcionando maior durabilidade e resist\u00eancia \u00e0 corros\u00e3o. Indicada para apertar ou soltar parafusos, conta com acabamento cromado e permite que os trabalhos sejam feitos com mais facilidade e menor esfor\u00e7o do operador. A catraca tem 12 lados, aumentando a \u00e1rea&#8230;<\/p>\n","protected":false},"featured_media":5084,"comment_status":"open","ping_status":"closed","template":"","meta":{"inline_featured_image":false},"yoast_head":"<!-- This site is optimized with the Yoast SEO plugin v21.7 - https:\/\/yoast.com\/wordpress\/plugins\/seo\/ -->\n<title>MTX CHAVE COMBINADA CATRACA - Casa do Marceneiro - Home Center<\/title>\n<meta name=\"robots\" content=\"index, follow, max-snippet:-1, max-image-preview:large, max-video-preview:-1\" \/>\n<link rel=\"canonical\" href=\"https:\/\/casadomarceneiroavare.com.br\/site\/produto\/mtx-chave-combinada-catraca\/\" \/>\n<meta property=\"og:locale\" content=\"pt_BR\" \/>\n<meta property=\"og:type\" content=\"article\" \/>\n<meta property=\"og:title\" content=\"MTX CHAVE COMBINADA CATRACA - Casa do Marceneiro - Home Center\" \/>\n<meta property=\"og:description\" content=\"A Chave combinada com catraca \u00e9 feita em a\u00e7o cromo-van\u00e1dio inoxid\u00e1vel com revestimento de n\u00edquel-cromo, proporcionando maior durabilidade e resist\u00eancia \u00e0 corros\u00e3o. Indicada para apertar ou soltar parafusos, conta com acabamento cromado e permite que os trabalhos sejam feitos com mais facilidade e menor esfor\u00e7o do operador. A catraca tem 12 lados, aumentando a \u00e1rea...\" \/>\n<meta property=\"og:url\" content=\"https:\/\/casadomarceneiroavare.com.br\/site\/produto\/mtx-chave-combinada-catraca\/\" \/>\n<meta property=\"og:site_name\" content=\"Casa do Marceneiro - Home Center\" \/>\n<meta property=\"article:modified_time\" content=\"2025-08-18T20:49:12+00:00\" \/>\n<meta property=\"og:image\" content=\"https:\/\/casadomarceneiroavare.com.br\/site\/wp-content\/uploads\/2019\/09\/chave-combinada-com-catraca-11mm-cromo-vanadio.jpg\" \/>\n\t<meta property=\"og:image:width\" content=\"1000\" \/>\n\t<meta property=\"og:image:height\" content=\"1000\" \/>\n\t<meta property=\"og:image:type\" content=\"image\/jpeg\" \/>\n<meta name=\"twitter:card\" content=\"summary_large_image\" \/>\n<meta name=\"twitter:label1\" content=\"Est. tempo de leitura\" \/>\n\t<meta name=\"twitter:data1\" content=\"1 minuto\" \/>\n<script type=\"application\/ld+json\" class=\"yoast-schema-graph\">{\"@context\":\"https:\/\/schema.org\",\"@graph\":[{\"@type\":\"WebPage\",\"@id\":\"https:\/\/casadomarceneiroavare.com.br\/site\/produto\/mtx-chave-combinada-catraca\/\",\"url\":\"https:\/\/casadomarceneiroavare.com.br\/site\/produto\/mtx-chave-combinada-catraca\/\",\"name\":\"MTX CHAVE COMBINADA CATRACA - Casa do Marceneiro - Home Center\",\"isPartOf\":{\"@id\":\"https:\/\/casadomarceneiroavare.com.br\/site\/#website\"},\"datePublished\":\"2019-09-27T19:01:37+00:00\",\"dateModified\":\"2025-08-18T20:49:12+00:00\",\"breadcrumb\":{\"@id\":\"https:\/\/casadomarceneiroavare.com.br\/site\/produto\/mtx-chave-combinada-catraca\/#breadcrumb\"},\"inLanguage\":\"pt-BR\",\"potentialAction\":[{\"@type\":\"ReadAction\",\"target\":[\"https:\/\/casadomarceneiroavare.com.br\/site\/produto\/mtx-chave-combinada-catraca\/\"]}]},{\"@type\":\"BreadcrumbList\",\"@id\":\"https:\/\/casadomarceneiroavare.com.br\/site\/produto\/mtx-chave-combinada-catraca\/#breadcrumb\",\"itemListElement\":[{\"@type\":\"ListItem\",\"position\":1,\"name\":\"Home\",\"item\":\"https:\/\/casadomarceneiroavare.com.br\/site\/\"},{\"@type\":\"ListItem\",\"position\":2,\"name\":\"Conhe\u00e7a nossos Produtos\",\"item\":\"https:\/\/casadomarceneiroavare.com.br\/site\/shop\/\"},{\"@type\":\"ListItem\",\"position\":3,\"name\":\"MTX CHAVE COMBINADA CATRACA\"}]},{\"@type\":\"WebSite\",\"@id\":\"https:\/\/casadomarceneiroavare.com.br\/site\/#website\",\"url\":\"https:\/\/casadomarceneiroavare.com.br\/site\/\",\"name\":\"Casa do Marceneiro - Home Center\",\"description\":\"Venha Conhecer o Maior Home Center da Regi\u00e3o, a Loja pra Fam\u00edlia toda\",\"potentialAction\":[{\"@type\":\"SearchAction\",\"target\":{\"@type\":\"EntryPoint\",\"urlTemplate\":\"https:\/\/casadomarceneiroavare.com.br\/site\/?s={search_term_string}\"},\"query-input\":\"required name=search_term_string\"}],\"inLanguage\":\"pt-BR\"}]}<\/script>\n<!-- \/ Yoast SEO plugin. -->","yoast_head_json":{"title":"MTX CHAVE COMBINADA CATRACA - Casa do Marceneiro - Home Center","robots":{"index":"index","follow":"follow","max-snippet":"max-snippet:-1","max-image-preview":"max-image-preview:large","max-video-preview":"max-video-preview:-1"},"canonical":"https:\/\/casadomarceneiroavare.com.br\/site\/produto\/mtx-chave-combinada-catraca\/","og_locale":"pt_BR","og_type":"article","og_title":"MTX CHAVE COMBINADA CATRACA - Casa do Marceneiro - Home Center","og_description":"A Chave combinada com catraca \u00e9 feita em a\u00e7o cromo-van\u00e1dio inoxid\u00e1vel com revestimento de n\u00edquel-cromo, proporcionando maior durabilidade e resist\u00eancia \u00e0 corros\u00e3o. Indicada para apertar ou soltar parafusos, conta com acabamento cromado e permite que os trabalhos sejam feitos com mais facilidade e menor esfor\u00e7o do operador. A catraca tem 12 lados, aumentando a \u00e1rea...","og_url":"https:\/\/casadomarceneiroavare.com.br\/site\/produto\/mtx-chave-combinada-catraca\/","og_site_name":"Casa do Marceneiro - Home Center","article_modified_time":"2025-08-18T20:49:12+00:00","og_image":[{"width":1000,"height":1000,"url":"https:\/\/casadomarceneiroavare.com.br\/site\/wp-content\/uploads\/2019\/09\/chave-combinada-com-catraca-11mm-cromo-vanadio.jpg","type":"image\/jpeg"}],"twitter_card":"summary_large_image","twitter_misc":{"Est. tempo de leitura":"1 minuto"},"schema":{"@context":"https:\/\/schema.org","@graph":[{"@type":"WebPage","@id":"https:\/\/casadomarceneiroavare.com.br\/site\/produto\/mtx-chave-combinada-catraca\/","url":"https:\/\/casadomarceneiroavare.com.br\/site\/produto\/mtx-chave-combinada-catraca\/","name":"MTX CHAVE COMBINADA CATRACA - Casa do Marceneiro - Home Center","isPartOf":{"@id":"https:\/\/casadomarceneiroavare.com.br\/site\/#website"},"datePublished":"2019-09-27T19:01:37+00:00","dateModified":"2025-08-18T20:49:12+00:00","breadcrumb":{"@id":"https:\/\/casadomarceneiroavare.com.br\/site\/produto\/mtx-chave-combinada-catraca\/#breadcrumb"},"inLanguage":"pt-BR","potentialAction":[{"@type":"ReadAction","target":["https:\/\/casadomarceneiroavare.com.br\/site\/produto\/mtx-chave-combinada-catraca\/"]}]},{"@type":"BreadcrumbList","@id":"https:\/\/casadomarceneiroavare.com.br\/site\/produto\/mtx-chave-combinada-catraca\/#breadcrumb","itemListElement":[{"@type":"ListItem","position":1,"name":"Home","item":"https:\/\/casadomarceneiroavare.com.br\/site\/"},{"@type":"ListItem","position":2,"name":"Conhe\u00e7a nossos Produtos","item":"https:\/\/casadomarceneiroavare.com.br\/site\/shop\/"},{"@type":"ListItem","position":3,"name":"MTX CHAVE COMBINADA CATRACA"}]},{"@type":"WebSite","@id":"https:\/\/casadomarceneiroavare.com.br\/site\/#website","url":"https:\/\/casadomarceneiroavare.com.br\/site\/","name":"Casa do Marceneiro - Home Center","description":"Venha Conhecer o Maior Home Center da Regi\u00e3o, a Loja pra Fam\u00edlia toda","potentialAction":[{"@type":"SearchAction","target":{"@type":"EntryPoint","urlTemplate":"https:\/\/casadomarceneiroavare.com.br\/site\/?s={search_term_string}"},"query-input":"required name=search_term_string"}],"inLanguage":"pt-BR"}]}},"_links":{"self":[{"href":"https:\/\/casadomarceneiroavare.com.br\/site\/wp-json\/wp\/v2\/product\/5083"}],"collection":[{"href":"https:\/\/casadomarceneiroavare.com.br\/site\/wp-json\/wp\/v2\/product"}],"about":[{"href":"https:\/\/casadomarceneiroavare.com.br\/site\/wp-json\/wp\/v2\/types\/product"}],"replies":[{"embeddable":true,"href":"https:\/\/casadomarceneiroavare.com.br\/site\/wp-json\/wp\/v2\/comments?post=5083"}],"wp:featuredmedia":[{"embeddable":true,"href":"https:\/\/casadomarceneiroavare.com.br\/site\/wp-json\/wp\/v2\/media\/5084"}],"wp:attachment":[{"href":"https:\/\/casadomarceneiroavare.com.br\/site\/wp-json\/wp\/v2\/media?parent=5083"}],"curies":[{"name":"wp","href":"https:\/\/api.w.org\/{rel}","templated":true}]}}