{"id":4917,"date":"2019-09-06T10:18:54","date_gmt":"2019-09-06T12:18:54","guid":{"rendered":"http:\/\/www.casadomarceneiroavare.com.br\/loja\/?post_type=product&#038;p=4917"},"modified":"2023-12-19T12:04:05","modified_gmt":"2023-12-19T15:04:05","slug":"norton-lixa-cinta-pano-610x75-533x75","status":"publish","type":"product","link":"https:\/\/casadomarceneiroavare.com.br\/site\/produto\/norton-lixa-cinta-pano-610x75-533x75\/","title":{"rendered":"NORTON LIXA CINTA PANO 610X75 &amp; 533X75"},"content":{"rendered":"<div class=\"product-description\">\n<div class=\"block-wysiwyg\">\n<p class=\"rtejustify\">A Cinta de Lixa Estreita K131 \/ K121 feita com gr\u00e3os de \u00d3xido de Alum\u00ednio Branco, \u00e9 indicada para lixamento mecanizado de madeiras em geral, sendo recomendada apenas para trabalhos em pe\u00e7as planas. \u00c9 largamente utilizada em lixadeiras port\u00e1teis, e possui costado de pano que proporciona uma maior resist\u00eancia e rendimento.<\/p>\n<\/div>\n<\/div>\n<div class=\"product-attr-area\">\n<ul>\n<li class=\"first\">Abrasivo\u00a0: \u00d3xido de Alum\u00ednio Branco<\/li>\n<li>Linha\u00a0: K131 | K121<\/li>\n<li>Composi\u00e7\u00e3o\u00a0: Abrasivo, filme e adesivo<\/li>\n<li class=\"last\">Costado\u00a0: Algod\u00e3o leve<\/li>\n<\/ul>\n<\/div>\n<p>GRAMATURAS DE : #36 , #50 , #60 , #80 , #100 e #120.<\/p>\n<p>DIMENS\u00c3O : 610 X 75 OU 533 X 75<\/p>\n<p>UTILIZADA NA LIXADEIRA DE CINTA , COMO POR EXEMPLO A SB90-BR (LIXADEIRA DE CINTA DA STANLEY)<\/p>\n<p>&nbsp;<\/p>\n","protected":false},"excerpt":{"rendered":"<p>A Cinta de Lixa Estreita K131 \/ K121 feita com gr\u00e3os de \u00d3xido de Alum\u00ednio Branco, \u00e9 indicada para lixamento mecanizado de madeiras em geral, sendo recomendada apenas para trabalhos em pe\u00e7as planas. \u00c9 largamente utilizada em lixadeiras port\u00e1teis, e possui costado de pano que proporciona uma maior resist\u00eancia e rendimento. Abrasivo\u00a0: \u00d3xido de Alum\u00ednio&#8230;<\/p>\n","protected":false},"featured_media":4918,"comment_status":"open","ping_status":"closed","template":"","meta":{"inline_featured_image":false},"yoast_head":"<!-- This site is optimized with the Yoast SEO plugin v21.7 - https:\/\/yoast.com\/wordpress\/plugins\/seo\/ -->\n<title>NORTON LIXA CINTA PANO 610X75 &amp; 533X75 - Casa do Marceneiro - Home Center<\/title>\n<meta name=\"robots\" content=\"index, follow, max-snippet:-1, max-image-preview:large, max-video-preview:-1\" \/>\n<link rel=\"canonical\" href=\"https:\/\/casadomarceneiroavare.com.br\/site\/produto\/norton-lixa-cinta-pano-610x75-533x75\/\" \/>\n<meta property=\"og:locale\" content=\"pt_BR\" \/>\n<meta property=\"og:type\" content=\"article\" \/>\n<meta property=\"og:title\" content=\"NORTON LIXA CINTA PANO 610X75 &amp; 533X75 - Casa do Marceneiro - Home Center\" \/>\n<meta property=\"og:description\" content=\"A Cinta de Lixa Estreita K131 \/ K121 feita com gr\u00e3os de \u00d3xido de Alum\u00ednio Branco, \u00e9 indicada para lixamento mecanizado de madeiras em geral, sendo recomendada apenas para trabalhos em pe\u00e7as planas. \u00c9 largamente utilizada em lixadeiras port\u00e1teis, e possui costado de pano que proporciona uma maior resist\u00eancia e rendimento. Abrasivo\u00a0: \u00d3xido de Alum\u00ednio...\" \/>\n<meta property=\"og:url\" content=\"https:\/\/casadomarceneiroavare.com.br\/site\/produto\/norton-lixa-cinta-pano-610x75-533x75\/\" \/>\n<meta property=\"og:site_name\" content=\"Casa do Marceneiro - Home Center\" \/>\n<meta property=\"article:modified_time\" content=\"2023-12-19T15:04:05+00:00\" \/>\n<meta property=\"og:image\" content=\"https:\/\/casadomarceneiroavare.com.br\/site\/wp-content\/uploads\/2019\/09\/CdM-Still-39-1.jpg\" \/>\n\t<meta property=\"og:image:width\" content=\"2048\" \/>\n\t<meta property=\"og:image:height\" content=\"1365\" \/>\n\t<meta property=\"og:image:type\" content=\"image\/jpeg\" \/>\n<meta name=\"twitter:card\" content=\"summary_large_image\" \/>\n<meta name=\"twitter:label1\" content=\"Est. tempo de leitura\" \/>\n\t<meta name=\"twitter:data1\" content=\"1 minuto\" \/>\n<script type=\"application\/ld+json\" class=\"yoast-schema-graph\">{\"@context\":\"https:\/\/schema.org\",\"@graph\":[{\"@type\":\"WebPage\",\"@id\":\"https:\/\/casadomarceneiroavare.com.br\/site\/produto\/norton-lixa-cinta-pano-610x75-533x75\/\",\"url\":\"https:\/\/casadomarceneiroavare.com.br\/site\/produto\/norton-lixa-cinta-pano-610x75-533x75\/\",\"name\":\"NORTON LIXA CINTA PANO 610X75 &amp; 533X75 - Casa do Marceneiro - Home Center\",\"isPartOf\":{\"@id\":\"https:\/\/casadomarceneiroavare.com.br\/site\/#website\"},\"datePublished\":\"2019-09-06T12:18:54+00:00\",\"dateModified\":\"2023-12-19T15:04:05+00:00\",\"breadcrumb\":{\"@id\":\"https:\/\/casadomarceneiroavare.com.br\/site\/produto\/norton-lixa-cinta-pano-610x75-533x75\/#breadcrumb\"},\"inLanguage\":\"pt-BR\",\"potentialAction\":[{\"@type\":\"ReadAction\",\"target\":[\"https:\/\/casadomarceneiroavare.com.br\/site\/produto\/norton-lixa-cinta-pano-610x75-533x75\/\"]}]},{\"@type\":\"BreadcrumbList\",\"@id\":\"https:\/\/casadomarceneiroavare.com.br\/site\/produto\/norton-lixa-cinta-pano-610x75-533x75\/#breadcrumb\",\"itemListElement\":[{\"@type\":\"ListItem\",\"position\":1,\"name\":\"Home\",\"item\":\"https:\/\/casadomarceneiroavare.com.br\/site\/\"},{\"@type\":\"ListItem\",\"position\":2,\"name\":\"Conhe\u00e7a nossos Produtos\",\"item\":\"https:\/\/casadomarceneiroavare.com.br\/site\/shop\/\"},{\"@type\":\"ListItem\",\"position\":3,\"name\":\"NORTON LIXA CINTA PANO 610X75 &amp; 533X75\"}]},{\"@type\":\"WebSite\",\"@id\":\"https:\/\/casadomarceneiroavare.com.br\/site\/#website\",\"url\":\"https:\/\/casadomarceneiroavare.com.br\/site\/\",\"name\":\"Casa do Marceneiro - Home Center\",\"description\":\"Venha Conhecer o Maior Home Center da Regi\u00e3o, a Loja pra Fam\u00edlia toda\",\"potentialAction\":[{\"@type\":\"SearchAction\",\"target\":{\"@type\":\"EntryPoint\",\"urlTemplate\":\"https:\/\/casadomarceneiroavare.com.br\/site\/?s={search_term_string}\"},\"query-input\":\"required name=search_term_string\"}],\"inLanguage\":\"pt-BR\"}]}<\/script>\n<!-- \/ Yoast SEO plugin. -->","yoast_head_json":{"title":"NORTON LIXA CINTA PANO 610X75 &amp; 533X75 - Casa do Marceneiro - Home Center","robots":{"index":"index","follow":"follow","max-snippet":"max-snippet:-1","max-image-preview":"max-image-preview:large","max-video-preview":"max-video-preview:-1"},"canonical":"https:\/\/casadomarceneiroavare.com.br\/site\/produto\/norton-lixa-cinta-pano-610x75-533x75\/","og_locale":"pt_BR","og_type":"article","og_title":"NORTON LIXA CINTA PANO 610X75 &amp; 533X75 - Casa do Marceneiro - Home Center","og_description":"A Cinta de Lixa Estreita K131 \/ K121 feita com gr\u00e3os de \u00d3xido de Alum\u00ednio Branco, \u00e9 indicada para lixamento mecanizado de madeiras em geral, sendo recomendada apenas para trabalhos em pe\u00e7as planas. \u00c9 largamente utilizada em lixadeiras port\u00e1teis, e possui costado de pano que proporciona uma maior resist\u00eancia e rendimento. Abrasivo\u00a0: \u00d3xido de Alum\u00ednio...","og_url":"https:\/\/casadomarceneiroavare.com.br\/site\/produto\/norton-lixa-cinta-pano-610x75-533x75\/","og_site_name":"Casa do Marceneiro - Home Center","article_modified_time":"2023-12-19T15:04:05+00:00","og_image":[{"width":2048,"height":1365,"url":"https:\/\/casadomarceneiroavare.com.br\/site\/wp-content\/uploads\/2019\/09\/CdM-Still-39-1.jpg","type":"image\/jpeg"}],"twitter_card":"summary_large_image","twitter_misc":{"Est. tempo de leitura":"1 minuto"},"schema":{"@context":"https:\/\/schema.org","@graph":[{"@type":"WebPage","@id":"https:\/\/casadomarceneiroavare.com.br\/site\/produto\/norton-lixa-cinta-pano-610x75-533x75\/","url":"https:\/\/casadomarceneiroavare.com.br\/site\/produto\/norton-lixa-cinta-pano-610x75-533x75\/","name":"NORTON LIXA CINTA PANO 610X75 &amp; 533X75 - Casa do Marceneiro - Home Center","isPartOf":{"@id":"https:\/\/casadomarceneiroavare.com.br\/site\/#website"},"datePublished":"2019-09-06T12:18:54+00:00","dateModified":"2023-12-19T15:04:05+00:00","breadcrumb":{"@id":"https:\/\/casadomarceneiroavare.com.br\/site\/produto\/norton-lixa-cinta-pano-610x75-533x75\/#breadcrumb"},"inLanguage":"pt-BR","potentialAction":[{"@type":"ReadAction","target":["https:\/\/casadomarceneiroavare.com.br\/site\/produto\/norton-lixa-cinta-pano-610x75-533x75\/"]}]},{"@type":"BreadcrumbList","@id":"https:\/\/casadomarceneiroavare.com.br\/site\/produto\/norton-lixa-cinta-pano-610x75-533x75\/#breadcrumb","itemListElement":[{"@type":"ListItem","position":1,"name":"Home","item":"https:\/\/casadomarceneiroavare.com.br\/site\/"},{"@type":"ListItem","position":2,"name":"Conhe\u00e7a nossos Produtos","item":"https:\/\/casadomarceneiroavare.com.br\/site\/shop\/"},{"@type":"ListItem","position":3,"name":"NORTON LIXA CINTA PANO 610X75 &amp; 533X75"}]},{"@type":"WebSite","@id":"https:\/\/casadomarceneiroavare.com.br\/site\/#website","url":"https:\/\/casadomarceneiroavare.com.br\/site\/","name":"Casa do Marceneiro - Home Center","description":"Venha Conhecer o Maior Home Center da Regi\u00e3o, a Loja pra Fam\u00edlia toda","potentialAction":[{"@type":"SearchAction","target":{"@type":"EntryPoint","urlTemplate":"https:\/\/casadomarceneiroavare.com.br\/site\/?s={search_term_string}"},"query-input":"required name=search_term_string"}],"inLanguage":"pt-BR"}]}},"_links":{"self":[{"href":"https:\/\/casadomarceneiroavare.com.br\/site\/wp-json\/wp\/v2\/product\/4917"}],"collection":[{"href":"https:\/\/casadomarceneiroavare.com.br\/site\/wp-json\/wp\/v2\/product"}],"about":[{"href":"https:\/\/casadomarceneiroavare.com.br\/site\/wp-json\/wp\/v2\/types\/product"}],"replies":[{"embeddable":true,"href":"https:\/\/casadomarceneiroavare.com.br\/site\/wp-json\/wp\/v2\/comments?post=4917"}],"wp:featuredmedia":[{"embeddable":true,"href":"https:\/\/casadomarceneiroavare.com.br\/site\/wp-json\/wp\/v2\/media\/4918"}],"wp:attachment":[{"href":"https:\/\/casadomarceneiroavare.com.br\/site\/wp-json\/wp\/v2\/media?parent=4917"}],"curies":[{"name":"wp","href":"https:\/\/api.w.org\/{rel}","templated":true}]}}