{"id":4683,"date":"2019-07-22T10:16:15","date_gmt":"2019-07-22T12:16:15","guid":{"rendered":"http:\/\/www.casadomarceneiroavare.com.br\/loja\/?post_type=product&#038;p=4683"},"modified":"2019-07-22T10:16:15","modified_gmt":"2019-07-22T12:16:15","slug":"rometal-desempenador-sobreposto-dp-95-2","status":"publish","type":"product","link":"https:\/\/casadomarceneiroavare.com.br\/site\/produto\/rometal-desempenador-sobreposto-dp-95-2\/","title":{"rendered":"ROMETAL DESEMPENADOR SOBREPOSTO DP-95\/2"},"content":{"rendered":"<p>Desempenador de portas Sobreposto para arm\u00e1rios e Guarda Roupa<\/p>\n<p>Projetado para portas robustas e de grandes dimens\u00f5es o desempenador Dp-095 Rometal deve ser aplicado antes mesmo da instala\u00e7\u00e3o da porta no m\u00f3vel, garantindo o perfeito alinhamento da porta e o correto funcionamento do sistema deslizante. Tamb\u00e9m \u00e9 adequado para corre\u00e7\u00e3o de portas j\u00e1 empenadas, evitando a substitui\u00e7\u00e3o das mesmas.<br \/>\nDando mais seguran\u00e7a e perfei\u00e7\u00e3o no seu M\u00f3vel, e Garantindo a satisfa\u00e7\u00e3o do seu Cliente.<\/p>\n<p>Detalhes do produto :<\/p>\n<p>Modelo: DP-095<br \/>\nSobreposto<br \/>\nAcabamento: Cinza ep\u00f3xi<br \/>\nComercializado: Jogo 2 Desempenadores<br \/>\nFixa\u00e7\u00e3o: Sobreposto com acess\u00f3rios<br \/>\nUso recomendado: Portas de M\u00f3veis em Geral<\/p>\n<p>Caracter\u00edsticas<\/p>\n<p>Marca: Rometal<br \/>\nTamanho total aproximado: 1750 mm<br \/>\nAltura da porta m\u00ednima da porta: 2500 mm<br \/>\nEspessura da porta: 15 mm<br \/>\nAtura superior: 2,5 metros<br \/>\nMaterial: Alum\u00ednio e a\u00e7o<br \/>\nCor: Anodisado<br \/>\nPeso: 0,798kg<\/p>\n<p>&nbsp;<\/p>\n<p>** Para portas com largura superior a 700 mm utilizar 02 desempenadores.<\/p>\n","protected":false},"excerpt":{"rendered":"<p>Desempenador de portas Sobreposto para arm\u00e1rios e Guarda Roupa Projetado para portas robustas e de grandes dimens\u00f5es o desempenador Dp-095 Rometal deve ser aplicado antes mesmo da instala\u00e7\u00e3o da porta no m\u00f3vel, garantindo o perfeito alinhamento da porta e o correto funcionamento do sistema deslizante. Tamb\u00e9m \u00e9 adequado para corre\u00e7\u00e3o de portas j\u00e1 empenadas, evitando&#8230;<\/p>\n","protected":false},"featured_media":4684,"comment_status":"open","ping_status":"closed","template":"","meta":{"inline_featured_image":false},"yoast_head":"<!-- This site is optimized with the Yoast SEO plugin v21.7 - https:\/\/yoast.com\/wordpress\/plugins\/seo\/ -->\n<title>ROMETAL DESEMPENADOR SOBREPOSTO DP-95\/2 - Casa do Marceneiro - Home Center<\/title>\n<meta name=\"robots\" content=\"index, follow, max-snippet:-1, max-image-preview:large, max-video-preview:-1\" \/>\n<link rel=\"canonical\" href=\"https:\/\/casadomarceneiroavare.com.br\/site\/produto\/rometal-desempenador-sobreposto-dp-95-2\/\" \/>\n<meta property=\"og:locale\" content=\"pt_BR\" \/>\n<meta property=\"og:type\" content=\"article\" \/>\n<meta property=\"og:title\" content=\"ROMETAL DESEMPENADOR SOBREPOSTO DP-95\/2 - Casa do Marceneiro - Home Center\" \/>\n<meta property=\"og:description\" content=\"Desempenador de portas Sobreposto para arm\u00e1rios e Guarda Roupa Projetado para portas robustas e de grandes dimens\u00f5es o desempenador Dp-095 Rometal deve ser aplicado antes mesmo da instala\u00e7\u00e3o da porta no m\u00f3vel, garantindo o perfeito alinhamento da porta e o correto funcionamento do sistema deslizante. Tamb\u00e9m \u00e9 adequado para corre\u00e7\u00e3o de portas j\u00e1 empenadas, evitando...\" \/>\n<meta property=\"og:url\" content=\"https:\/\/casadomarceneiroavare.com.br\/site\/produto\/rometal-desempenador-sobreposto-dp-95-2\/\" \/>\n<meta property=\"og:site_name\" content=\"Casa do Marceneiro - Home Center\" \/>\n<meta property=\"og:image\" content=\"https:\/\/casadomarceneiroavare.com.br\/site\/wp-content\/uploads\/2019\/07\/DP-95-ROMETAL-DESEMPENADOR-SOBREPOSTO.jpg\" \/>\n\t<meta property=\"og:image:width\" content=\"300\" \/>\n\t<meta property=\"og:image:height\" content=\"250\" \/>\n\t<meta property=\"og:image:type\" content=\"image\/jpeg\" \/>\n<meta name=\"twitter:card\" content=\"summary_large_image\" \/>\n<meta name=\"twitter:label1\" content=\"Est. tempo de leitura\" \/>\n\t<meta name=\"twitter:data1\" content=\"1 minuto\" \/>\n<script type=\"application\/ld+json\" class=\"yoast-schema-graph\">{\"@context\":\"https:\/\/schema.org\",\"@graph\":[{\"@type\":\"WebPage\",\"@id\":\"https:\/\/casadomarceneiroavare.com.br\/site\/produto\/rometal-desempenador-sobreposto-dp-95-2\/\",\"url\":\"https:\/\/casadomarceneiroavare.com.br\/site\/produto\/rometal-desempenador-sobreposto-dp-95-2\/\",\"name\":\"ROMETAL DESEMPENADOR SOBREPOSTO DP-95\/2 - Casa do Marceneiro - Home Center\",\"isPartOf\":{\"@id\":\"https:\/\/casadomarceneiroavare.com.br\/site\/#website\"},\"datePublished\":\"2019-07-22T12:16:15+00:00\",\"dateModified\":\"2019-07-22T12:16:15+00:00\",\"breadcrumb\":{\"@id\":\"https:\/\/casadomarceneiroavare.com.br\/site\/produto\/rometal-desempenador-sobreposto-dp-95-2\/#breadcrumb\"},\"inLanguage\":\"pt-BR\",\"potentialAction\":[{\"@type\":\"ReadAction\",\"target\":[\"https:\/\/casadomarceneiroavare.com.br\/site\/produto\/rometal-desempenador-sobreposto-dp-95-2\/\"]}]},{\"@type\":\"BreadcrumbList\",\"@id\":\"https:\/\/casadomarceneiroavare.com.br\/site\/produto\/rometal-desempenador-sobreposto-dp-95-2\/#breadcrumb\",\"itemListElement\":[{\"@type\":\"ListItem\",\"position\":1,\"name\":\"Home\",\"item\":\"https:\/\/casadomarceneiroavare.com.br\/site\/\"},{\"@type\":\"ListItem\",\"position\":2,\"name\":\"Conhe\u00e7a nossos Produtos\",\"item\":\"https:\/\/casadomarceneiroavare.com.br\/site\/shop\/\"},{\"@type\":\"ListItem\",\"position\":3,\"name\":\"ROMETAL DESEMPENADOR SOBREPOSTO DP-95\/2\"}]},{\"@type\":\"WebSite\",\"@id\":\"https:\/\/casadomarceneiroavare.com.br\/site\/#website\",\"url\":\"https:\/\/casadomarceneiroavare.com.br\/site\/\",\"name\":\"Casa do Marceneiro - Home Center\",\"description\":\"Venha Conhecer o Maior Home Center da Regi\u00e3o, a Loja pra Fam\u00edlia toda\",\"potentialAction\":[{\"@type\":\"SearchAction\",\"target\":{\"@type\":\"EntryPoint\",\"urlTemplate\":\"https:\/\/casadomarceneiroavare.com.br\/site\/?s={search_term_string}\"},\"query-input\":\"required name=search_term_string\"}],\"inLanguage\":\"pt-BR\"}]}<\/script>\n<!-- \/ Yoast SEO plugin. -->","yoast_head_json":{"title":"ROMETAL DESEMPENADOR SOBREPOSTO DP-95\/2 - Casa do Marceneiro - Home Center","robots":{"index":"index","follow":"follow","max-snippet":"max-snippet:-1","max-image-preview":"max-image-preview:large","max-video-preview":"max-video-preview:-1"},"canonical":"https:\/\/casadomarceneiroavare.com.br\/site\/produto\/rometal-desempenador-sobreposto-dp-95-2\/","og_locale":"pt_BR","og_type":"article","og_title":"ROMETAL DESEMPENADOR SOBREPOSTO DP-95\/2 - Casa do Marceneiro - Home Center","og_description":"Desempenador de portas Sobreposto para arm\u00e1rios e Guarda Roupa Projetado para portas robustas e de grandes dimens\u00f5es o desempenador Dp-095 Rometal deve ser aplicado antes mesmo da instala\u00e7\u00e3o da porta no m\u00f3vel, garantindo o perfeito alinhamento da porta e o correto funcionamento do sistema deslizante. Tamb\u00e9m \u00e9 adequado para corre\u00e7\u00e3o de portas j\u00e1 empenadas, evitando...","og_url":"https:\/\/casadomarceneiroavare.com.br\/site\/produto\/rometal-desempenador-sobreposto-dp-95-2\/","og_site_name":"Casa do Marceneiro - Home Center","og_image":[{"width":300,"height":250,"url":"https:\/\/casadomarceneiroavare.com.br\/site\/wp-content\/uploads\/2019\/07\/DP-95-ROMETAL-DESEMPENADOR-SOBREPOSTO.jpg","type":"image\/jpeg"}],"twitter_card":"summary_large_image","twitter_misc":{"Est. tempo de leitura":"1 minuto"},"schema":{"@context":"https:\/\/schema.org","@graph":[{"@type":"WebPage","@id":"https:\/\/casadomarceneiroavare.com.br\/site\/produto\/rometal-desempenador-sobreposto-dp-95-2\/","url":"https:\/\/casadomarceneiroavare.com.br\/site\/produto\/rometal-desempenador-sobreposto-dp-95-2\/","name":"ROMETAL DESEMPENADOR SOBREPOSTO DP-95\/2 - Casa do Marceneiro - Home Center","isPartOf":{"@id":"https:\/\/casadomarceneiroavare.com.br\/site\/#website"},"datePublished":"2019-07-22T12:16:15+00:00","dateModified":"2019-07-22T12:16:15+00:00","breadcrumb":{"@id":"https:\/\/casadomarceneiroavare.com.br\/site\/produto\/rometal-desempenador-sobreposto-dp-95-2\/#breadcrumb"},"inLanguage":"pt-BR","potentialAction":[{"@type":"ReadAction","target":["https:\/\/casadomarceneiroavare.com.br\/site\/produto\/rometal-desempenador-sobreposto-dp-95-2\/"]}]},{"@type":"BreadcrumbList","@id":"https:\/\/casadomarceneiroavare.com.br\/site\/produto\/rometal-desempenador-sobreposto-dp-95-2\/#breadcrumb","itemListElement":[{"@type":"ListItem","position":1,"name":"Home","item":"https:\/\/casadomarceneiroavare.com.br\/site\/"},{"@type":"ListItem","position":2,"name":"Conhe\u00e7a nossos Produtos","item":"https:\/\/casadomarceneiroavare.com.br\/site\/shop\/"},{"@type":"ListItem","position":3,"name":"ROMETAL DESEMPENADOR SOBREPOSTO DP-95\/2"}]},{"@type":"WebSite","@id":"https:\/\/casadomarceneiroavare.com.br\/site\/#website","url":"https:\/\/casadomarceneiroavare.com.br\/site\/","name":"Casa do Marceneiro - Home Center","description":"Venha Conhecer o Maior Home Center da Regi\u00e3o, a Loja pra Fam\u00edlia toda","potentialAction":[{"@type":"SearchAction","target":{"@type":"EntryPoint","urlTemplate":"https:\/\/casadomarceneiroavare.com.br\/site\/?s={search_term_string}"},"query-input":"required name=search_term_string"}],"inLanguage":"pt-BR"}]}},"_links":{"self":[{"href":"https:\/\/casadomarceneiroavare.com.br\/site\/wp-json\/wp\/v2\/product\/4683"}],"collection":[{"href":"https:\/\/casadomarceneiroavare.com.br\/site\/wp-json\/wp\/v2\/product"}],"about":[{"href":"https:\/\/casadomarceneiroavare.com.br\/site\/wp-json\/wp\/v2\/types\/product"}],"replies":[{"embeddable":true,"href":"https:\/\/casadomarceneiroavare.com.br\/site\/wp-json\/wp\/v2\/comments?post=4683"}],"wp:featuredmedia":[{"embeddable":true,"href":"https:\/\/casadomarceneiroavare.com.br\/site\/wp-json\/wp\/v2\/media\/4684"}],"wp:attachment":[{"href":"https:\/\/casadomarceneiroavare.com.br\/site\/wp-json\/wp\/v2\/media?parent=4683"}],"curies":[{"name":"wp","href":"https:\/\/api.w.org\/{rel}","templated":true}]}}