{"id":4619,"date":"2019-06-03T10:58:52","date_gmt":"2019-06-03T12:58:52","guid":{"rendered":"http:\/\/www.casadomarceneiroavare.com.br\/loja\/?post_type=product&#038;p=4619"},"modified":"2019-06-17T11:23:25","modified_gmt":"2019-06-17T13:23:25","slug":"tn-pulsador-magnetico-branco","status":"publish","type":"product","link":"https:\/\/casadomarceneiroavare.com.br\/site\/produto\/tn-pulsador-magnetico-branco\/","title":{"rendered":"TN PULSADOR MAGN\u00c9TICO BRANCO"},"content":{"rendered":"<p>O Pulsador \u00e9 um dispositivo para abertura autom\u00e1tica de portas e gavetas com sistema magn\u00e9tico, sendo assim n\u00e3o necessita de puxador na porta, dando mais leveza no m\u00f3vel.<\/p>\n<p>Detalhes do produto<\/p>\n<p>Modelo: Caneta<br \/>\nMaterial: Pl\u00e1stico<br \/>\nAcabamento: Branco<\/p>\n<p>Caracter\u00edsticas t\u00e9cnicas:<\/p>\n<p>Cor: Branco<br \/>\nComprimento: 82 mm<br \/>\nMontagem: Fixa\u00e7\u00e3o na lateral com parafusos<br \/>\nFormato: Corpo e base pl\u00e1stica e chapa met\u00e1lica para fixa\u00e7\u00e3o na porta<br \/>\nUso indicado: Portas de Madeira ou Alum\u00ednio<\/p>\n<p>&nbsp;<\/p>\n","protected":false},"excerpt":{"rendered":"<p>O Pulsador \u00e9 um dispositivo para abertura autom\u00e1tica de portas e gavetas com sistema magn\u00e9tico, sendo assim n\u00e3o necessita de puxador na porta, dando mais leveza no m\u00f3vel. Detalhes do produto Modelo: Caneta Material: Pl\u00e1stico Acabamento: Branco Caracter\u00edsticas t\u00e9cnicas: Cor: Branco Comprimento: 82 mm Montagem: Fixa\u00e7\u00e3o na lateral com parafusos Formato: Corpo e base pl\u00e1stica&#8230;<\/p>\n","protected":false},"featured_media":4620,"comment_status":"open","ping_status":"closed","template":"","meta":{"inline_featured_image":false},"yoast_head":"<!-- This site is optimized with the Yoast SEO plugin v21.7 - https:\/\/yoast.com\/wordpress\/plugins\/seo\/ -->\n<title>TN PULSADOR MAGN\u00c9TICO BRANCO - Casa do Marceneiro - Home Center<\/title>\n<meta name=\"robots\" content=\"index, follow, max-snippet:-1, max-image-preview:large, max-video-preview:-1\" \/>\n<link rel=\"canonical\" href=\"https:\/\/casadomarceneiroavare.com.br\/site\/produto\/tn-pulsador-magnetico-branco\/\" \/>\n<meta property=\"og:locale\" content=\"pt_BR\" \/>\n<meta property=\"og:type\" content=\"article\" \/>\n<meta property=\"og:title\" content=\"TN PULSADOR MAGN\u00c9TICO BRANCO - Casa do Marceneiro - Home Center\" \/>\n<meta property=\"og:description\" content=\"O Pulsador \u00e9 um dispositivo para abertura autom\u00e1tica de portas e gavetas com sistema magn\u00e9tico, sendo assim n\u00e3o necessita de puxador na porta, dando mais leveza no m\u00f3vel. Detalhes do produto Modelo: Caneta Material: Pl\u00e1stico Acabamento: Branco Caracter\u00edsticas t\u00e9cnicas: Cor: Branco Comprimento: 82 mm Montagem: Fixa\u00e7\u00e3o na lateral com parafusos Formato: Corpo e base pl\u00e1stica...\" \/>\n<meta property=\"og:url\" content=\"https:\/\/casadomarceneiroavare.com.br\/site\/produto\/tn-pulsador-magnetico-branco\/\" \/>\n<meta property=\"og:site_name\" content=\"Casa do Marceneiro - Home Center\" \/>\n<meta property=\"article:modified_time\" content=\"2019-06-17T13:23:25+00:00\" \/>\n<meta property=\"og:image\" content=\"https:\/\/casadomarceneiroavare.com.br\/site\/wp-content\/uploads\/2019\/06\/TN-PULSADOR-MAGNETICO.jpg\" \/>\n\t<meta property=\"og:image:width\" content=\"284\" \/>\n\t<meta property=\"og:image:height\" content=\"284\" \/>\n\t<meta property=\"og:image:type\" content=\"image\/jpeg\" \/>\n<meta name=\"twitter:card\" content=\"summary_large_image\" \/>\n<script type=\"application\/ld+json\" class=\"yoast-schema-graph\">{\"@context\":\"https:\/\/schema.org\",\"@graph\":[{\"@type\":\"WebPage\",\"@id\":\"https:\/\/casadomarceneiroavare.com.br\/site\/produto\/tn-pulsador-magnetico-branco\/\",\"url\":\"https:\/\/casadomarceneiroavare.com.br\/site\/produto\/tn-pulsador-magnetico-branco\/\",\"name\":\"TN PULSADOR MAGN\u00c9TICO BRANCO - Casa do Marceneiro - Home Center\",\"isPartOf\":{\"@id\":\"https:\/\/casadomarceneiroavare.com.br\/site\/#website\"},\"datePublished\":\"2019-06-03T12:58:52+00:00\",\"dateModified\":\"2019-06-17T13:23:25+00:00\",\"breadcrumb\":{\"@id\":\"https:\/\/casadomarceneiroavare.com.br\/site\/produto\/tn-pulsador-magnetico-branco\/#breadcrumb\"},\"inLanguage\":\"pt-BR\",\"potentialAction\":[{\"@type\":\"ReadAction\",\"target\":[\"https:\/\/casadomarceneiroavare.com.br\/site\/produto\/tn-pulsador-magnetico-branco\/\"]}]},{\"@type\":\"BreadcrumbList\",\"@id\":\"https:\/\/casadomarceneiroavare.com.br\/site\/produto\/tn-pulsador-magnetico-branco\/#breadcrumb\",\"itemListElement\":[{\"@type\":\"ListItem\",\"position\":1,\"name\":\"Home\",\"item\":\"https:\/\/casadomarceneiroavare.com.br\/site\/\"},{\"@type\":\"ListItem\",\"position\":2,\"name\":\"Conhe\u00e7a nossos Produtos\",\"item\":\"https:\/\/casadomarceneiroavare.com.br\/site\/shop\/\"},{\"@type\":\"ListItem\",\"position\":3,\"name\":\"TN PULSADOR MAGN\u00c9TICO BRANCO\"}]},{\"@type\":\"WebSite\",\"@id\":\"https:\/\/casadomarceneiroavare.com.br\/site\/#website\",\"url\":\"https:\/\/casadomarceneiroavare.com.br\/site\/\",\"name\":\"Casa do Marceneiro - Home Center\",\"description\":\"Venha Conhecer o Maior Home Center da Regi\u00e3o, a Loja pra Fam\u00edlia toda\",\"potentialAction\":[{\"@type\":\"SearchAction\",\"target\":{\"@type\":\"EntryPoint\",\"urlTemplate\":\"https:\/\/casadomarceneiroavare.com.br\/site\/?s={search_term_string}\"},\"query-input\":\"required name=search_term_string\"}],\"inLanguage\":\"pt-BR\"}]}<\/script>\n<!-- \/ Yoast SEO plugin. -->","yoast_head_json":{"title":"TN PULSADOR MAGN\u00c9TICO BRANCO - Casa do Marceneiro - Home Center","robots":{"index":"index","follow":"follow","max-snippet":"max-snippet:-1","max-image-preview":"max-image-preview:large","max-video-preview":"max-video-preview:-1"},"canonical":"https:\/\/casadomarceneiroavare.com.br\/site\/produto\/tn-pulsador-magnetico-branco\/","og_locale":"pt_BR","og_type":"article","og_title":"TN PULSADOR MAGN\u00c9TICO BRANCO - Casa do Marceneiro - Home Center","og_description":"O Pulsador \u00e9 um dispositivo para abertura autom\u00e1tica de portas e gavetas com sistema magn\u00e9tico, sendo assim n\u00e3o necessita de puxador na porta, dando mais leveza no m\u00f3vel. Detalhes do produto Modelo: Caneta Material: Pl\u00e1stico Acabamento: Branco Caracter\u00edsticas t\u00e9cnicas: Cor: Branco Comprimento: 82 mm Montagem: Fixa\u00e7\u00e3o na lateral com parafusos Formato: Corpo e base pl\u00e1stica...","og_url":"https:\/\/casadomarceneiroavare.com.br\/site\/produto\/tn-pulsador-magnetico-branco\/","og_site_name":"Casa do Marceneiro - Home Center","article_modified_time":"2019-06-17T13:23:25+00:00","og_image":[{"width":284,"height":284,"url":"https:\/\/casadomarceneiroavare.com.br\/site\/wp-content\/uploads\/2019\/06\/TN-PULSADOR-MAGNETICO.jpg","type":"image\/jpeg"}],"twitter_card":"summary_large_image","schema":{"@context":"https:\/\/schema.org","@graph":[{"@type":"WebPage","@id":"https:\/\/casadomarceneiroavare.com.br\/site\/produto\/tn-pulsador-magnetico-branco\/","url":"https:\/\/casadomarceneiroavare.com.br\/site\/produto\/tn-pulsador-magnetico-branco\/","name":"TN PULSADOR MAGN\u00c9TICO BRANCO - Casa do Marceneiro - Home Center","isPartOf":{"@id":"https:\/\/casadomarceneiroavare.com.br\/site\/#website"},"datePublished":"2019-06-03T12:58:52+00:00","dateModified":"2019-06-17T13:23:25+00:00","breadcrumb":{"@id":"https:\/\/casadomarceneiroavare.com.br\/site\/produto\/tn-pulsador-magnetico-branco\/#breadcrumb"},"inLanguage":"pt-BR","potentialAction":[{"@type":"ReadAction","target":["https:\/\/casadomarceneiroavare.com.br\/site\/produto\/tn-pulsador-magnetico-branco\/"]}]},{"@type":"BreadcrumbList","@id":"https:\/\/casadomarceneiroavare.com.br\/site\/produto\/tn-pulsador-magnetico-branco\/#breadcrumb","itemListElement":[{"@type":"ListItem","position":1,"name":"Home","item":"https:\/\/casadomarceneiroavare.com.br\/site\/"},{"@type":"ListItem","position":2,"name":"Conhe\u00e7a nossos Produtos","item":"https:\/\/casadomarceneiroavare.com.br\/site\/shop\/"},{"@type":"ListItem","position":3,"name":"TN PULSADOR MAGN\u00c9TICO BRANCO"}]},{"@type":"WebSite","@id":"https:\/\/casadomarceneiroavare.com.br\/site\/#website","url":"https:\/\/casadomarceneiroavare.com.br\/site\/","name":"Casa do Marceneiro - Home Center","description":"Venha Conhecer o Maior Home Center da Regi\u00e3o, a Loja pra Fam\u00edlia toda","potentialAction":[{"@type":"SearchAction","target":{"@type":"EntryPoint","urlTemplate":"https:\/\/casadomarceneiroavare.com.br\/site\/?s={search_term_string}"},"query-input":"required name=search_term_string"}],"inLanguage":"pt-BR"}]}},"_links":{"self":[{"href":"https:\/\/casadomarceneiroavare.com.br\/site\/wp-json\/wp\/v2\/product\/4619"}],"collection":[{"href":"https:\/\/casadomarceneiroavare.com.br\/site\/wp-json\/wp\/v2\/product"}],"about":[{"href":"https:\/\/casadomarceneiroavare.com.br\/site\/wp-json\/wp\/v2\/types\/product"}],"replies":[{"embeddable":true,"href":"https:\/\/casadomarceneiroavare.com.br\/site\/wp-json\/wp\/v2\/comments?post=4619"}],"wp:featuredmedia":[{"embeddable":true,"href":"https:\/\/casadomarceneiroavare.com.br\/site\/wp-json\/wp\/v2\/media\/4620"}],"wp:attachment":[{"href":"https:\/\/casadomarceneiroavare.com.br\/site\/wp-json\/wp\/v2\/media?parent=4619"}],"curies":[{"name":"wp","href":"https:\/\/api.w.org\/{rel}","templated":true}]}}