{"id":4561,"date":"2019-05-07T16:10:43","date_gmt":"2019-05-07T18:10:43","guid":{"rendered":"http:\/\/www.casadomarceneiroavare.com.br\/loja\/?post_type=product&#038;p=4561"},"modified":"2023-12-19T10:42:44","modified_gmt":"2023-12-19T13:42:44","slug":"leo-serra-black-storm-wd-250-x-80d-e-d","status":"publish","type":"product","link":"https:\/\/casadomarceneiroavare.com.br\/site\/produto\/leo-serra-black-storm-wd-250-x-80d-e-d\/","title":{"rendered":"LEO SERRA BLACK STORM WD 250 X 80D  E\/D"},"content":{"rendered":"<p>&nbsp;<\/p>\n<pre data-bind=\"html: $data.productSkuProps().dynamicProps.benefits\">Se voc\u00ea est\u00e1 em busca de uma serra que ir\u00e1 lhe ajudar na qualidade dos seus projetos,\r\n esse produto \u00e9 a Serra Leo Black Storm 250x2,8x30x80 Alternado Freud!\r\n O disco vem com revestimento preto que \u00e9 anti aderente, anticorrosivo e de alto desempenho,\r\n \u00e9 disposto sobre a totalidade do corpo da serra com espessura aproximada de 6 m\u00edcrons.\r\n O revestimento auxilia tamb\u00e9m na caracter\u00edstica de antiader\u00eancia aumentando a eje\u00e7\u00e3o de cavacos reduzindo o ac\u00famulo de resinas.\r\n\r\n O revestimento auxilia ainda na redu\u00e7\u00e3o da fric\u00e7\u00e3o e vibra\u00e7\u00e3o em at\u00e9 60% proporcionando um corte mais preciso, \r\ndispensando o uso de riscador.<\/pre>\n<p>&nbsp;<\/p>\n","protected":false},"excerpt":{"rendered":"<p>&nbsp; Se voc\u00ea est\u00e1 em busca de uma serra que ir\u00e1 lhe ajudar na qualidade dos seus projetos, esse produto \u00e9 a Serra Leo Black Storm 250&#215;2,8x30x80 Alternado Freud! O disco vem com revestimento preto que \u00e9 anti aderente, anticorrosivo e de alto desempenho, \u00e9 disposto sobre a totalidade do corpo da serra com espessura&#8230;<\/p>\n","protected":false},"featured_media":4562,"comment_status":"open","ping_status":"closed","template":"","meta":{"inline_featured_image":false},"yoast_head":"<!-- This site is optimized with the Yoast SEO plugin v21.7 - https:\/\/yoast.com\/wordpress\/plugins\/seo\/ -->\n<title>LEO SERRA BLACK STORM WD 250 X 80D E\/D - Casa do Marceneiro - Home Center<\/title>\n<meta name=\"robots\" content=\"index, follow, max-snippet:-1, max-image-preview:large, max-video-preview:-1\" \/>\n<link rel=\"canonical\" href=\"https:\/\/casadomarceneiroavare.com.br\/site\/produto\/leo-serra-black-storm-wd-250-x-80d-e-d\/\" \/>\n<meta property=\"og:locale\" content=\"pt_BR\" \/>\n<meta property=\"og:type\" content=\"article\" \/>\n<meta property=\"og:title\" content=\"LEO SERRA BLACK STORM WD 250 X 80D E\/D - Casa do Marceneiro - Home Center\" \/>\n<meta property=\"og:description\" content=\"&nbsp; Se voc\u00ea est\u00e1 em busca de uma serra que ir\u00e1 lhe ajudar na qualidade dos seus projetos, esse produto \u00e9 a Serra Leo Black Storm 250x2,8x30x80 Alternado Freud! O disco vem com revestimento preto que \u00e9 anti aderente, anticorrosivo e de alto desempenho, \u00e9 disposto sobre a totalidade do corpo da serra com espessura...\" \/>\n<meta property=\"og:url\" content=\"https:\/\/casadomarceneiroavare.com.br\/site\/produto\/leo-serra-black-storm-wd-250-x-80d-e-d\/\" \/>\n<meta property=\"og:site_name\" content=\"Casa do Marceneiro - Home Center\" \/>\n<meta property=\"article:modified_time\" content=\"2023-12-19T13:42:44+00:00\" \/>\n<meta property=\"og:image\" content=\"https:\/\/casadomarceneiroavare.com.br\/site\/wp-content\/uploads\/2019\/05\/Serra-Leo-Black-Storm-250mm-Antiaderente-80-Dentes-Alternados-p-MDF-5058240-683x1024.jpg\" \/>\n\t<meta property=\"og:image:width\" content=\"683\" \/>\n\t<meta property=\"og:image:height\" content=\"1024\" \/>\n\t<meta property=\"og:image:type\" content=\"image\/jpeg\" \/>\n<meta name=\"twitter:card\" content=\"summary_large_image\" \/>\n<meta name=\"twitter:label1\" content=\"Est. tempo de leitura\" \/>\n\t<meta name=\"twitter:data1\" content=\"1 minuto\" \/>\n<script type=\"application\/ld+json\" class=\"yoast-schema-graph\">{\"@context\":\"https:\/\/schema.org\",\"@graph\":[{\"@type\":\"WebPage\",\"@id\":\"https:\/\/casadomarceneiroavare.com.br\/site\/produto\/leo-serra-black-storm-wd-250-x-80d-e-d\/\",\"url\":\"https:\/\/casadomarceneiroavare.com.br\/site\/produto\/leo-serra-black-storm-wd-250-x-80d-e-d\/\",\"name\":\"LEO SERRA BLACK STORM WD 250 X 80D E\/D - Casa do Marceneiro - Home Center\",\"isPartOf\":{\"@id\":\"https:\/\/casadomarceneiroavare.com.br\/site\/#website\"},\"datePublished\":\"2019-05-07T18:10:43+00:00\",\"dateModified\":\"2023-12-19T13:42:44+00:00\",\"breadcrumb\":{\"@id\":\"https:\/\/casadomarceneiroavare.com.br\/site\/produto\/leo-serra-black-storm-wd-250-x-80d-e-d\/#breadcrumb\"},\"inLanguage\":\"pt-BR\",\"potentialAction\":[{\"@type\":\"ReadAction\",\"target\":[\"https:\/\/casadomarceneiroavare.com.br\/site\/produto\/leo-serra-black-storm-wd-250-x-80d-e-d\/\"]}]},{\"@type\":\"BreadcrumbList\",\"@id\":\"https:\/\/casadomarceneiroavare.com.br\/site\/produto\/leo-serra-black-storm-wd-250-x-80d-e-d\/#breadcrumb\",\"itemListElement\":[{\"@type\":\"ListItem\",\"position\":1,\"name\":\"Home\",\"item\":\"https:\/\/casadomarceneiroavare.com.br\/site\/\"},{\"@type\":\"ListItem\",\"position\":2,\"name\":\"Conhe\u00e7a nossos Produtos\",\"item\":\"https:\/\/casadomarceneiroavare.com.br\/site\/shop\/\"},{\"@type\":\"ListItem\",\"position\":3,\"name\":\"LEO SERRA BLACK STORM WD 250 X 80D E\/D\"}]},{\"@type\":\"WebSite\",\"@id\":\"https:\/\/casadomarceneiroavare.com.br\/site\/#website\",\"url\":\"https:\/\/casadomarceneiroavare.com.br\/site\/\",\"name\":\"Casa do Marceneiro - Home Center\",\"description\":\"Venha Conhecer o Maior Home Center da Regi\u00e3o, a Loja pra Fam\u00edlia toda\",\"potentialAction\":[{\"@type\":\"SearchAction\",\"target\":{\"@type\":\"EntryPoint\",\"urlTemplate\":\"https:\/\/casadomarceneiroavare.com.br\/site\/?s={search_term_string}\"},\"query-input\":\"required name=search_term_string\"}],\"inLanguage\":\"pt-BR\"}]}<\/script>\n<!-- \/ Yoast SEO plugin. -->","yoast_head_json":{"title":"LEO SERRA BLACK STORM WD 250 X 80D E\/D - Casa do Marceneiro - Home Center","robots":{"index":"index","follow":"follow","max-snippet":"max-snippet:-1","max-image-preview":"max-image-preview:large","max-video-preview":"max-video-preview:-1"},"canonical":"https:\/\/casadomarceneiroavare.com.br\/site\/produto\/leo-serra-black-storm-wd-250-x-80d-e-d\/","og_locale":"pt_BR","og_type":"article","og_title":"LEO SERRA BLACK STORM WD 250 X 80D E\/D - Casa do Marceneiro - Home Center","og_description":"&nbsp; Se voc\u00ea est\u00e1 em busca de uma serra que ir\u00e1 lhe ajudar na qualidade dos seus projetos, esse produto \u00e9 a Serra Leo Black Storm 250x2,8x30x80 Alternado Freud! O disco vem com revestimento preto que \u00e9 anti aderente, anticorrosivo e de alto desempenho, \u00e9 disposto sobre a totalidade do corpo da serra com espessura...","og_url":"https:\/\/casadomarceneiroavare.com.br\/site\/produto\/leo-serra-black-storm-wd-250-x-80d-e-d\/","og_site_name":"Casa do Marceneiro - Home Center","article_modified_time":"2023-12-19T13:42:44+00:00","og_image":[{"width":683,"height":1024,"url":"https:\/\/casadomarceneiroavare.com.br\/site\/wp-content\/uploads\/2019\/05\/Serra-Leo-Black-Storm-250mm-Antiaderente-80-Dentes-Alternados-p-MDF-5058240-683x1024.jpg","type":"image\/jpeg"}],"twitter_card":"summary_large_image","twitter_misc":{"Est. tempo de leitura":"1 minuto"},"schema":{"@context":"https:\/\/schema.org","@graph":[{"@type":"WebPage","@id":"https:\/\/casadomarceneiroavare.com.br\/site\/produto\/leo-serra-black-storm-wd-250-x-80d-e-d\/","url":"https:\/\/casadomarceneiroavare.com.br\/site\/produto\/leo-serra-black-storm-wd-250-x-80d-e-d\/","name":"LEO SERRA BLACK STORM WD 250 X 80D E\/D - Casa do Marceneiro - Home Center","isPartOf":{"@id":"https:\/\/casadomarceneiroavare.com.br\/site\/#website"},"datePublished":"2019-05-07T18:10:43+00:00","dateModified":"2023-12-19T13:42:44+00:00","breadcrumb":{"@id":"https:\/\/casadomarceneiroavare.com.br\/site\/produto\/leo-serra-black-storm-wd-250-x-80d-e-d\/#breadcrumb"},"inLanguage":"pt-BR","potentialAction":[{"@type":"ReadAction","target":["https:\/\/casadomarceneiroavare.com.br\/site\/produto\/leo-serra-black-storm-wd-250-x-80d-e-d\/"]}]},{"@type":"BreadcrumbList","@id":"https:\/\/casadomarceneiroavare.com.br\/site\/produto\/leo-serra-black-storm-wd-250-x-80d-e-d\/#breadcrumb","itemListElement":[{"@type":"ListItem","position":1,"name":"Home","item":"https:\/\/casadomarceneiroavare.com.br\/site\/"},{"@type":"ListItem","position":2,"name":"Conhe\u00e7a nossos Produtos","item":"https:\/\/casadomarceneiroavare.com.br\/site\/shop\/"},{"@type":"ListItem","position":3,"name":"LEO SERRA BLACK STORM WD 250 X 80D E\/D"}]},{"@type":"WebSite","@id":"https:\/\/casadomarceneiroavare.com.br\/site\/#website","url":"https:\/\/casadomarceneiroavare.com.br\/site\/","name":"Casa do Marceneiro - Home Center","description":"Venha Conhecer o Maior Home Center da Regi\u00e3o, a Loja pra Fam\u00edlia toda","potentialAction":[{"@type":"SearchAction","target":{"@type":"EntryPoint","urlTemplate":"https:\/\/casadomarceneiroavare.com.br\/site\/?s={search_term_string}"},"query-input":"required name=search_term_string"}],"inLanguage":"pt-BR"}]}},"_links":{"self":[{"href":"https:\/\/casadomarceneiroavare.com.br\/site\/wp-json\/wp\/v2\/product\/4561"}],"collection":[{"href":"https:\/\/casadomarceneiroavare.com.br\/site\/wp-json\/wp\/v2\/product"}],"about":[{"href":"https:\/\/casadomarceneiroavare.com.br\/site\/wp-json\/wp\/v2\/types\/product"}],"replies":[{"embeddable":true,"href":"https:\/\/casadomarceneiroavare.com.br\/site\/wp-json\/wp\/v2\/comments?post=4561"}],"wp:featuredmedia":[{"embeddable":true,"href":"https:\/\/casadomarceneiroavare.com.br\/site\/wp-json\/wp\/v2\/media\/4562"}],"wp:attachment":[{"href":"https:\/\/casadomarceneiroavare.com.br\/site\/wp-json\/wp\/v2\/media?parent=4561"}],"curies":[{"name":"wp","href":"https:\/\/api.w.org\/{rel}","templated":true}]}}