{"id":4387,"date":"2019-04-08T10:54:05","date_gmt":"2019-04-08T12:54:05","guid":{"rendered":"http:\/\/www.casadomarceneiroavare.com.br\/loja\/?post_type=product&#038;p=4387"},"modified":"2019-06-17T15:47:56","modified_gmt":"2019-06-17T17:47:56","slug":"compressor-schulz-bravo-csl-10br-100-monof","status":"publish","type":"product","link":"https:\/\/casadomarceneiroavare.com.br\/site\/produto\/compressor-schulz-bravo-csl-10br-100-monof\/","title":{"rendered":"COMPRESSOR SCHULZ BRAVO CSL 10BR\/100 MONOF"},"content":{"rendered":"<p>A Linha Bravo \u00e9 sin\u00f4nimo de robustez e tecnologia para voc\u00ea atingir os mais elevados resultados de performance.<\/p>\n<p>Sua press\u00e3o de 140 lbf\/pol\u00b2 oferece mais pot\u00eancia para um trabalho t\u00e9cnico e constante<\/p>\n<p>. O bloco em ferro fundido garante durabilidade para aplica\u00e7\u00f5es profissionais e industriais. Escolha a confiabilidade da linha Bravo e ainda conte com a maior rede de assist\u00eancia t\u00e9cnica do Brasil.<\/p>\n<table class=\"table table-hover table-responsive table-striped\">\n<tbody>\n<tr>\n<th scope=\"row\">Deslocamento te\u00f3rico (pcm)<\/th>\n<td>10<\/td>\n<\/tr>\n<tr>\n<th scope=\"row\">Deslocamento te\u00f3rico (l\/m)<\/th>\n<td>283<\/td>\n<\/tr>\n<tr>\n<th scope=\"row\">Dimens\u00f5es do Produto LxAxP (mm)<\/th>\n<td>480 x 850 x 900<\/td>\n<\/tr>\n<tr>\n<th scope=\"row\">N\u00ba de Polos<\/th>\n<td>2<\/td>\n<\/tr>\n<tr>\n<th scope=\"row\">Peso Bruto (kg)<\/th>\n<td>97<\/td>\n<\/tr>\n<tr>\n<th scope=\"row\">Peso L\u00edquido (kg)<\/th>\n<td>72<\/td>\n<\/tr>\n<tr>\n<th scope=\"row\">Pot\u00eancia do motor (hp)<\/th>\n<td>2<\/td>\n<\/tr>\n<tr>\n<th scope=\"row\">Pot\u00eancia do motor (kW)<\/th>\n<td>1,5<\/td>\n<\/tr>\n<tr>\n<th scope=\"row\">Press\u00e3o de Opera\u00e7\u00e3o M\u00e1xima (bar)<\/th>\n<td>9,7<\/td>\n<\/tr>\n<tr>\n<th scope=\"row\">Press\u00e3o de Opera\u00e7\u00e3o M\u00e1xima (lbf\/pol\u00b2)<\/th>\n<td>140<\/td>\n<\/tr>\n<tr>\n<th scope=\"row\">Press\u00e3o de Opera\u00e7\u00e3o M\u00ednima (bar)<\/th>\n<td>6,9<\/td>\n<\/tr>\n<tr>\n<th scope=\"row\">Press\u00e3o de Opera\u00e7\u00e3o M\u00ednima (lbf\/pol\u00b2)<\/th>\n<td>100<\/td>\n<\/tr>\n<tr>\n<th scope=\"row\">Unidade Compressora &#8211; N\u00ba de Est\u00e1gios<\/th>\n<td>1<\/td>\n<\/tr>\n<tr>\n<th scope=\"row\">Unidade Compressora &#8211; N\u00ba de Pist\u00f5es<\/th>\n<td>2-L<\/td>\n<\/tr>\n<tr>\n<th scope=\"row\">Volume do Reservat\u00f3rio de Ar (L)<\/th>\n<td>93<\/td>\n<\/tr>\n<\/tbody>\n<\/table>\n<p>&nbsp;<\/p>\n","protected":false},"excerpt":{"rendered":"<p>A Linha Bravo \u00e9 sin\u00f4nimo de robustez e tecnologia para voc\u00ea atingir os mais elevados resultados de performance. Sua press\u00e3o de 140 lbf\/pol\u00b2 oferece mais pot\u00eancia para um trabalho t\u00e9cnico e constante . O bloco em ferro fundido garante durabilidade para aplica\u00e7\u00f5es profissionais e industriais. Escolha a confiabilidade da linha Bravo e ainda conte com&#8230;<\/p>\n","protected":false},"featured_media":4388,"comment_status":"open","ping_status":"closed","template":"","meta":{"inline_featured_image":false},"yoast_head":"<!-- This site is optimized with the Yoast SEO plugin v21.7 - https:\/\/yoast.com\/wordpress\/plugins\/seo\/ -->\n<title>COMPRESSOR SCHULZ BRAVO CSL 10BR\/100 MONOF - Casa do Marceneiro - Home Center<\/title>\n<meta name=\"robots\" content=\"index, follow, max-snippet:-1, max-image-preview:large, max-video-preview:-1\" \/>\n<link rel=\"canonical\" href=\"https:\/\/casadomarceneiroavare.com.br\/site\/produto\/compressor-schulz-bravo-csl-10br-100-monof\/\" \/>\n<meta property=\"og:locale\" content=\"pt_BR\" \/>\n<meta property=\"og:type\" content=\"article\" \/>\n<meta property=\"og:title\" content=\"COMPRESSOR SCHULZ BRAVO CSL 10BR\/100 MONOF - Casa do Marceneiro - Home Center\" \/>\n<meta property=\"og:description\" content=\"A Linha Bravo \u00e9 sin\u00f4nimo de robustez e tecnologia para voc\u00ea atingir os mais elevados resultados de performance. Sua press\u00e3o de 140 lbf\/pol\u00b2 oferece mais pot\u00eancia para um trabalho t\u00e9cnico e constante . O bloco em ferro fundido garante durabilidade para aplica\u00e7\u00f5es profissionais e industriais. Escolha a confiabilidade da linha Bravo e ainda conte com...\" \/>\n<meta property=\"og:url\" content=\"https:\/\/casadomarceneiroavare.com.br\/site\/produto\/compressor-schulz-bravo-csl-10br-100-monof\/\" \/>\n<meta property=\"og:site_name\" content=\"Casa do Marceneiro - Home Center\" \/>\n<meta property=\"article:modified_time\" content=\"2019-06-17T17:47:56+00:00\" \/>\n<meta property=\"og:image\" content=\"https:\/\/casadomarceneiroavare.com.br\/site\/wp-content\/uploads\/2019\/04\/Compressor-de-Pistao-Schulz-Bravo-CSL-10-BR-100-300x300.jpg\" \/>\n\t<meta property=\"og:image:width\" content=\"300\" \/>\n\t<meta property=\"og:image:height\" content=\"300\" \/>\n\t<meta property=\"og:image:type\" content=\"image\/jpeg\" \/>\n<meta name=\"twitter:card\" content=\"summary_large_image\" \/>\n<meta name=\"twitter:label1\" content=\"Est. tempo de leitura\" \/>\n\t<meta name=\"twitter:data1\" content=\"1 minuto\" \/>\n<script type=\"application\/ld+json\" class=\"yoast-schema-graph\">{\"@context\":\"https:\/\/schema.org\",\"@graph\":[{\"@type\":\"WebPage\",\"@id\":\"https:\/\/casadomarceneiroavare.com.br\/site\/produto\/compressor-schulz-bravo-csl-10br-100-monof\/\",\"url\":\"https:\/\/casadomarceneiroavare.com.br\/site\/produto\/compressor-schulz-bravo-csl-10br-100-monof\/\",\"name\":\"COMPRESSOR SCHULZ BRAVO CSL 10BR\/100 MONOF - Casa do Marceneiro - Home Center\",\"isPartOf\":{\"@id\":\"https:\/\/casadomarceneiroavare.com.br\/site\/#website\"},\"datePublished\":\"2019-04-08T12:54:05+00:00\",\"dateModified\":\"2019-06-17T17:47:56+00:00\",\"breadcrumb\":{\"@id\":\"https:\/\/casadomarceneiroavare.com.br\/site\/produto\/compressor-schulz-bravo-csl-10br-100-monof\/#breadcrumb\"},\"inLanguage\":\"pt-BR\",\"potentialAction\":[{\"@type\":\"ReadAction\",\"target\":[\"https:\/\/casadomarceneiroavare.com.br\/site\/produto\/compressor-schulz-bravo-csl-10br-100-monof\/\"]}]},{\"@type\":\"BreadcrumbList\",\"@id\":\"https:\/\/casadomarceneiroavare.com.br\/site\/produto\/compressor-schulz-bravo-csl-10br-100-monof\/#breadcrumb\",\"itemListElement\":[{\"@type\":\"ListItem\",\"position\":1,\"name\":\"Home\",\"item\":\"https:\/\/casadomarceneiroavare.com.br\/site\/\"},{\"@type\":\"ListItem\",\"position\":2,\"name\":\"Conhe\u00e7a nossos Produtos\",\"item\":\"https:\/\/casadomarceneiroavare.com.br\/site\/shop\/\"},{\"@type\":\"ListItem\",\"position\":3,\"name\":\"COMPRESSOR SCHULZ BRAVO CSL 10BR\/100 MONOF\"}]},{\"@type\":\"WebSite\",\"@id\":\"https:\/\/casadomarceneiroavare.com.br\/site\/#website\",\"url\":\"https:\/\/casadomarceneiroavare.com.br\/site\/\",\"name\":\"Casa do Marceneiro - Home Center\",\"description\":\"Venha Conhecer o Maior Home Center da Regi\u00e3o, a Loja pra Fam\u00edlia toda\",\"potentialAction\":[{\"@type\":\"SearchAction\",\"target\":{\"@type\":\"EntryPoint\",\"urlTemplate\":\"https:\/\/casadomarceneiroavare.com.br\/site\/?s={search_term_string}\"},\"query-input\":\"required name=search_term_string\"}],\"inLanguage\":\"pt-BR\"}]}<\/script>\n<!-- \/ Yoast SEO plugin. -->","yoast_head_json":{"title":"COMPRESSOR SCHULZ BRAVO CSL 10BR\/100 MONOF - Casa do Marceneiro - Home Center","robots":{"index":"index","follow":"follow","max-snippet":"max-snippet:-1","max-image-preview":"max-image-preview:large","max-video-preview":"max-video-preview:-1"},"canonical":"https:\/\/casadomarceneiroavare.com.br\/site\/produto\/compressor-schulz-bravo-csl-10br-100-monof\/","og_locale":"pt_BR","og_type":"article","og_title":"COMPRESSOR SCHULZ BRAVO CSL 10BR\/100 MONOF - Casa do Marceneiro - Home Center","og_description":"A Linha Bravo \u00e9 sin\u00f4nimo de robustez e tecnologia para voc\u00ea atingir os mais elevados resultados de performance. Sua press\u00e3o de 140 lbf\/pol\u00b2 oferece mais pot\u00eancia para um trabalho t\u00e9cnico e constante . O bloco em ferro fundido garante durabilidade para aplica\u00e7\u00f5es profissionais e industriais. Escolha a confiabilidade da linha Bravo e ainda conte com...","og_url":"https:\/\/casadomarceneiroavare.com.br\/site\/produto\/compressor-schulz-bravo-csl-10br-100-monof\/","og_site_name":"Casa do Marceneiro - Home Center","article_modified_time":"2019-06-17T17:47:56+00:00","og_image":[{"width":300,"height":300,"url":"https:\/\/casadomarceneiroavare.com.br\/site\/wp-content\/uploads\/2019\/04\/Compressor-de-Pistao-Schulz-Bravo-CSL-10-BR-100-300x300.jpg","type":"image\/jpeg"}],"twitter_card":"summary_large_image","twitter_misc":{"Est. tempo de leitura":"1 minuto"},"schema":{"@context":"https:\/\/schema.org","@graph":[{"@type":"WebPage","@id":"https:\/\/casadomarceneiroavare.com.br\/site\/produto\/compressor-schulz-bravo-csl-10br-100-monof\/","url":"https:\/\/casadomarceneiroavare.com.br\/site\/produto\/compressor-schulz-bravo-csl-10br-100-monof\/","name":"COMPRESSOR SCHULZ BRAVO CSL 10BR\/100 MONOF - Casa do Marceneiro - Home Center","isPartOf":{"@id":"https:\/\/casadomarceneiroavare.com.br\/site\/#website"},"datePublished":"2019-04-08T12:54:05+00:00","dateModified":"2019-06-17T17:47:56+00:00","breadcrumb":{"@id":"https:\/\/casadomarceneiroavare.com.br\/site\/produto\/compressor-schulz-bravo-csl-10br-100-monof\/#breadcrumb"},"inLanguage":"pt-BR","potentialAction":[{"@type":"ReadAction","target":["https:\/\/casadomarceneiroavare.com.br\/site\/produto\/compressor-schulz-bravo-csl-10br-100-monof\/"]}]},{"@type":"BreadcrumbList","@id":"https:\/\/casadomarceneiroavare.com.br\/site\/produto\/compressor-schulz-bravo-csl-10br-100-monof\/#breadcrumb","itemListElement":[{"@type":"ListItem","position":1,"name":"Home","item":"https:\/\/casadomarceneiroavare.com.br\/site\/"},{"@type":"ListItem","position":2,"name":"Conhe\u00e7a nossos Produtos","item":"https:\/\/casadomarceneiroavare.com.br\/site\/shop\/"},{"@type":"ListItem","position":3,"name":"COMPRESSOR SCHULZ BRAVO CSL 10BR\/100 MONOF"}]},{"@type":"WebSite","@id":"https:\/\/casadomarceneiroavare.com.br\/site\/#website","url":"https:\/\/casadomarceneiroavare.com.br\/site\/","name":"Casa do Marceneiro - Home Center","description":"Venha Conhecer o Maior Home Center da Regi\u00e3o, a Loja pra Fam\u00edlia toda","potentialAction":[{"@type":"SearchAction","target":{"@type":"EntryPoint","urlTemplate":"https:\/\/casadomarceneiroavare.com.br\/site\/?s={search_term_string}"},"query-input":"required name=search_term_string"}],"inLanguage":"pt-BR"}]}},"_links":{"self":[{"href":"https:\/\/casadomarceneiroavare.com.br\/site\/wp-json\/wp\/v2\/product\/4387"}],"collection":[{"href":"https:\/\/casadomarceneiroavare.com.br\/site\/wp-json\/wp\/v2\/product"}],"about":[{"href":"https:\/\/casadomarceneiroavare.com.br\/site\/wp-json\/wp\/v2\/types\/product"}],"replies":[{"embeddable":true,"href":"https:\/\/casadomarceneiroavare.com.br\/site\/wp-json\/wp\/v2\/comments?post=4387"}],"wp:featuredmedia":[{"embeddable":true,"href":"https:\/\/casadomarceneiroavare.com.br\/site\/wp-json\/wp\/v2\/media\/4388"}],"wp:attachment":[{"href":"https:\/\/casadomarceneiroavare.com.br\/site\/wp-json\/wp\/v2\/media?parent=4387"}],"curies":[{"name":"wp","href":"https:\/\/api.w.org\/{rel}","templated":true}]}}