{"id":4359,"date":"2019-04-02T16:19:23","date_gmt":"2019-04-02T18:19:23","guid":{"rendered":"http:\/\/www.casadomarceneiroavare.com.br\/loja\/?post_type=product&#038;p=4359"},"modified":"2019-06-17T15:56:38","modified_gmt":"2019-06-17T17:56:38","slug":"compressor-schulz-audaz-mcsv20-ap-200l-5cv-monof","status":"publish","type":"product","link":"https:\/\/casadomarceneiroavare.com.br\/site\/produto\/compressor-schulz-audaz-mcsv20-ap-200l-5cv-monof\/","title":{"rendered":"COMPRESSOR SCHULZ AUDAZ MCSV20 AP 200L 5CV MONOF."},"content":{"rendered":"<p>O compressor Audaz MCSV 20\/200 \u00e9 o mais inovador do mercado.<\/p>\n<p>A exclusiva tecnologia IC-TECH\u00ae patenteada permite a conex\u00e3o integrada entre est\u00e1gios de alta efici\u00eancia. Esta tecnologia permite trocas de \u00f3leo lubrificante a cada 300 horas* (o que representa um ganho de 50% na durabilidade do \u00f3leo).<\/p>\n<p>O acoplamento direto reduz a perda de energia e garante mais seguran\u00e7a. De oficinas mec\u00e2nicas \u00e0s pequenas ind\u00fastrias, sua produtividade ser\u00e1 maior, com menor despesa de manuten\u00e7\u00e3o.<\/p>\n<p>Este compressor de 20 pcm (p\u00e9s c\u00fabicos\/min) possui um motor integrado de 5 hp de pot\u00eancia, uma carenagem especialmente projetada para aumentar a efici\u00eancia de refrigera\u00e7\u00e3o do bloco compressor e um visor de n\u00edvel de \u00f3leo que facilita seu monitoramento. O compressor conta ainda com um sistema de acionamento otimizado (dispon\u00edvel apenas na vers\u00e3o com pressostato de partida) que dispensa o uso de chave el\u00e9trica. Escolha Schulz, seja Audaz.<\/p>\n","protected":false},"excerpt":{"rendered":"<p>O compressor Audaz MCSV 20\/200 \u00e9 o mais inovador do mercado. A exclusiva tecnologia IC-TECH\u00ae patenteada permite a conex\u00e3o integrada entre est\u00e1gios de alta efici\u00eancia. Esta tecnologia permite trocas de \u00f3leo lubrificante a cada 300 horas* (o que representa um ganho de 50% na durabilidade do \u00f3leo). O acoplamento direto reduz a perda de energia&#8230;<\/p>\n","protected":false},"featured_media":4360,"comment_status":"open","ping_status":"closed","template":"","meta":{"inline_featured_image":false},"yoast_head":"<!-- This site is optimized with the Yoast SEO plugin v21.7 - https:\/\/yoast.com\/wordpress\/plugins\/seo\/ -->\n<title>COMPRESSOR SCHULZ AUDAZ MCSV20 AP 200L 5CV MONOF. - Casa do Marceneiro - Home Center<\/title>\n<meta name=\"robots\" content=\"index, follow, max-snippet:-1, max-image-preview:large, max-video-preview:-1\" \/>\n<link rel=\"canonical\" href=\"https:\/\/casadomarceneiroavare.com.br\/site\/produto\/compressor-schulz-audaz-mcsv20-ap-200l-5cv-monof\/\" \/>\n<meta property=\"og:locale\" content=\"pt_BR\" \/>\n<meta property=\"og:type\" content=\"article\" \/>\n<meta property=\"og:title\" content=\"COMPRESSOR SCHULZ AUDAZ MCSV20 AP 200L 5CV MONOF. - Casa do Marceneiro - Home Center\" \/>\n<meta property=\"og:description\" content=\"O compressor Audaz MCSV 20\/200 \u00e9 o mais inovador do mercado. A exclusiva tecnologia IC-TECH\u00ae patenteada permite a conex\u00e3o integrada entre est\u00e1gios de alta efici\u00eancia. Esta tecnologia permite trocas de \u00f3leo lubrificante a cada 300 horas* (o que representa um ganho de 50% na durabilidade do \u00f3leo). O acoplamento direto reduz a perda de energia...\" \/>\n<meta property=\"og:url\" content=\"https:\/\/casadomarceneiroavare.com.br\/site\/produto\/compressor-schulz-audaz-mcsv20-ap-200l-5cv-monof\/\" \/>\n<meta property=\"og:site_name\" content=\"Casa do Marceneiro - Home Center\" \/>\n<meta property=\"article:modified_time\" content=\"2019-06-17T17:56:38+00:00\" \/>\n<meta property=\"og:image\" content=\"https:\/\/casadomarceneiroavare.com.br\/site\/wp-content\/uploads\/2019\/04\/Compressor-de-Pistao-Schulz-Audaz-MCSV-20-200-Frontal-2-300x300.jpg\" \/>\n\t<meta property=\"og:image:width\" content=\"300\" \/>\n\t<meta property=\"og:image:height\" content=\"300\" \/>\n\t<meta property=\"og:image:type\" content=\"image\/jpeg\" \/>\n<meta name=\"twitter:card\" content=\"summary_large_image\" \/>\n<meta name=\"twitter:label1\" content=\"Est. tempo de leitura\" \/>\n\t<meta name=\"twitter:data1\" content=\"1 minuto\" \/>\n<script type=\"application\/ld+json\" class=\"yoast-schema-graph\">{\"@context\":\"https:\/\/schema.org\",\"@graph\":[{\"@type\":\"WebPage\",\"@id\":\"https:\/\/casadomarceneiroavare.com.br\/site\/produto\/compressor-schulz-audaz-mcsv20-ap-200l-5cv-monof\/\",\"url\":\"https:\/\/casadomarceneiroavare.com.br\/site\/produto\/compressor-schulz-audaz-mcsv20-ap-200l-5cv-monof\/\",\"name\":\"COMPRESSOR SCHULZ AUDAZ MCSV20 AP 200L 5CV MONOF. - Casa do Marceneiro - Home Center\",\"isPartOf\":{\"@id\":\"https:\/\/casadomarceneiroavare.com.br\/site\/#website\"},\"datePublished\":\"2019-04-02T18:19:23+00:00\",\"dateModified\":\"2019-06-17T17:56:38+00:00\",\"breadcrumb\":{\"@id\":\"https:\/\/casadomarceneiroavare.com.br\/site\/produto\/compressor-schulz-audaz-mcsv20-ap-200l-5cv-monof\/#breadcrumb\"},\"inLanguage\":\"pt-BR\",\"potentialAction\":[{\"@type\":\"ReadAction\",\"target\":[\"https:\/\/casadomarceneiroavare.com.br\/site\/produto\/compressor-schulz-audaz-mcsv20-ap-200l-5cv-monof\/\"]}]},{\"@type\":\"BreadcrumbList\",\"@id\":\"https:\/\/casadomarceneiroavare.com.br\/site\/produto\/compressor-schulz-audaz-mcsv20-ap-200l-5cv-monof\/#breadcrumb\",\"itemListElement\":[{\"@type\":\"ListItem\",\"position\":1,\"name\":\"Home\",\"item\":\"https:\/\/casadomarceneiroavare.com.br\/site\/\"},{\"@type\":\"ListItem\",\"position\":2,\"name\":\"Conhe\u00e7a nossos Produtos\",\"item\":\"https:\/\/casadomarceneiroavare.com.br\/site\/shop\/\"},{\"@type\":\"ListItem\",\"position\":3,\"name\":\"COMPRESSOR SCHULZ AUDAZ MCSV20 AP 200L 5CV MONOF.\"}]},{\"@type\":\"WebSite\",\"@id\":\"https:\/\/casadomarceneiroavare.com.br\/site\/#website\",\"url\":\"https:\/\/casadomarceneiroavare.com.br\/site\/\",\"name\":\"Casa do Marceneiro - Home Center\",\"description\":\"Venha Conhecer o Maior Home Center da Regi\u00e3o, a Loja pra Fam\u00edlia toda\",\"potentialAction\":[{\"@type\":\"SearchAction\",\"target\":{\"@type\":\"EntryPoint\",\"urlTemplate\":\"https:\/\/casadomarceneiroavare.com.br\/site\/?s={search_term_string}\"},\"query-input\":\"required name=search_term_string\"}],\"inLanguage\":\"pt-BR\"}]}<\/script>\n<!-- \/ Yoast SEO plugin. -->","yoast_head_json":{"title":"COMPRESSOR SCHULZ AUDAZ MCSV20 AP 200L 5CV MONOF. - Casa do Marceneiro - Home Center","robots":{"index":"index","follow":"follow","max-snippet":"max-snippet:-1","max-image-preview":"max-image-preview:large","max-video-preview":"max-video-preview:-1"},"canonical":"https:\/\/casadomarceneiroavare.com.br\/site\/produto\/compressor-schulz-audaz-mcsv20-ap-200l-5cv-monof\/","og_locale":"pt_BR","og_type":"article","og_title":"COMPRESSOR SCHULZ AUDAZ MCSV20 AP 200L 5CV MONOF. - Casa do Marceneiro - Home Center","og_description":"O compressor Audaz MCSV 20\/200 \u00e9 o mais inovador do mercado. A exclusiva tecnologia IC-TECH\u00ae patenteada permite a conex\u00e3o integrada entre est\u00e1gios de alta efici\u00eancia. Esta tecnologia permite trocas de \u00f3leo lubrificante a cada 300 horas* (o que representa um ganho de 50% na durabilidade do \u00f3leo). O acoplamento direto reduz a perda de energia...","og_url":"https:\/\/casadomarceneiroavare.com.br\/site\/produto\/compressor-schulz-audaz-mcsv20-ap-200l-5cv-monof\/","og_site_name":"Casa do Marceneiro - Home Center","article_modified_time":"2019-06-17T17:56:38+00:00","og_image":[{"width":300,"height":300,"url":"https:\/\/casadomarceneiroavare.com.br\/site\/wp-content\/uploads\/2019\/04\/Compressor-de-Pistao-Schulz-Audaz-MCSV-20-200-Frontal-2-300x300.jpg","type":"image\/jpeg"}],"twitter_card":"summary_large_image","twitter_misc":{"Est. tempo de leitura":"1 minuto"},"schema":{"@context":"https:\/\/schema.org","@graph":[{"@type":"WebPage","@id":"https:\/\/casadomarceneiroavare.com.br\/site\/produto\/compressor-schulz-audaz-mcsv20-ap-200l-5cv-monof\/","url":"https:\/\/casadomarceneiroavare.com.br\/site\/produto\/compressor-schulz-audaz-mcsv20-ap-200l-5cv-monof\/","name":"COMPRESSOR SCHULZ AUDAZ MCSV20 AP 200L 5CV MONOF. - Casa do Marceneiro - Home Center","isPartOf":{"@id":"https:\/\/casadomarceneiroavare.com.br\/site\/#website"},"datePublished":"2019-04-02T18:19:23+00:00","dateModified":"2019-06-17T17:56:38+00:00","breadcrumb":{"@id":"https:\/\/casadomarceneiroavare.com.br\/site\/produto\/compressor-schulz-audaz-mcsv20-ap-200l-5cv-monof\/#breadcrumb"},"inLanguage":"pt-BR","potentialAction":[{"@type":"ReadAction","target":["https:\/\/casadomarceneiroavare.com.br\/site\/produto\/compressor-schulz-audaz-mcsv20-ap-200l-5cv-monof\/"]}]},{"@type":"BreadcrumbList","@id":"https:\/\/casadomarceneiroavare.com.br\/site\/produto\/compressor-schulz-audaz-mcsv20-ap-200l-5cv-monof\/#breadcrumb","itemListElement":[{"@type":"ListItem","position":1,"name":"Home","item":"https:\/\/casadomarceneiroavare.com.br\/site\/"},{"@type":"ListItem","position":2,"name":"Conhe\u00e7a nossos Produtos","item":"https:\/\/casadomarceneiroavare.com.br\/site\/shop\/"},{"@type":"ListItem","position":3,"name":"COMPRESSOR SCHULZ AUDAZ MCSV20 AP 200L 5CV MONOF."}]},{"@type":"WebSite","@id":"https:\/\/casadomarceneiroavare.com.br\/site\/#website","url":"https:\/\/casadomarceneiroavare.com.br\/site\/","name":"Casa do Marceneiro - Home Center","description":"Venha Conhecer o Maior Home Center da Regi\u00e3o, a Loja pra Fam\u00edlia toda","potentialAction":[{"@type":"SearchAction","target":{"@type":"EntryPoint","urlTemplate":"https:\/\/casadomarceneiroavare.com.br\/site\/?s={search_term_string}"},"query-input":"required name=search_term_string"}],"inLanguage":"pt-BR"}]}},"_links":{"self":[{"href":"https:\/\/casadomarceneiroavare.com.br\/site\/wp-json\/wp\/v2\/product\/4359"}],"collection":[{"href":"https:\/\/casadomarceneiroavare.com.br\/site\/wp-json\/wp\/v2\/product"}],"about":[{"href":"https:\/\/casadomarceneiroavare.com.br\/site\/wp-json\/wp\/v2\/types\/product"}],"replies":[{"embeddable":true,"href":"https:\/\/casadomarceneiroavare.com.br\/site\/wp-json\/wp\/v2\/comments?post=4359"}],"wp:featuredmedia":[{"embeddable":true,"href":"https:\/\/casadomarceneiroavare.com.br\/site\/wp-json\/wp\/v2\/media\/4360"}],"wp:attachment":[{"href":"https:\/\/casadomarceneiroavare.com.br\/site\/wp-json\/wp\/v2\/media?parent=4359"}],"curies":[{"name":"wp","href":"https:\/\/api.w.org\/{rel}","templated":true}]}}