{"id":4281,"date":"2019-03-23T09:32:07","date_gmt":"2019-03-23T11:32:07","guid":{"rendered":"http:\/\/www.casadomarceneiroavare.com.br\/loja\/?post_type=product&#038;p=4281"},"modified":"2023-12-19T09:57:44","modified_gmt":"2023-12-19T12:57:44","slug":"norton-disco-multi-corte-115-mm","status":"publish","type":"product","link":"https:\/\/casadomarceneiroavare.com.br\/site\/produto\/norton-disco-multi-corte-115-mm\/","title":{"rendered":"NORTON DISCO MULTI CORTE 115 MM"},"content":{"rendered":"<p>Tecnologia exclusiva Norton, o disco MULTICORTE atr\u00e1ves de sua<br \/>\nformula\u00e7\u00e3o especial permite o corte de at\u00e9 6 diferentes materiais sem<br \/>\ncontamina\u00e7\u00e3o: a\u00e7o, inox, alum\u00ednio, pvc, pedra e azulejo.<\/p>\n<p>&nbsp;<\/p>\n<table class=\"dados-tecnicos-produto\" cellspacing=\"0\">\n<tbody>\n<tr>\n<td>Especifica\u00e7\u00f5es T\u00e9cnicas:<\/td>\n<td>Dimens\u00f5es:\u00a0115 x 1,0 x 22,33 mm<br \/>\nRota\u00e7\u00e3o m\u00e1xima: 13370 rpm.<\/td>\n<\/tr>\n<\/tbody>\n<\/table>\n<p>&nbsp;<\/p>\n","protected":false},"excerpt":{"rendered":"<p>Tecnologia exclusiva Norton, o disco MULTICORTE atr\u00e1ves de sua formula\u00e7\u00e3o especial permite o corte de at\u00e9 6 diferentes materiais sem contamina\u00e7\u00e3o: a\u00e7o, inox, alum\u00ednio, pvc, pedra e azulejo. &nbsp; Especifica\u00e7\u00f5es T\u00e9cnicas: Dimens\u00f5es:\u00a0115 x 1,0 x 22,33 mm Rota\u00e7\u00e3o m\u00e1xima: 13370 rpm. &nbsp;<\/p>\n","protected":false},"featured_media":4282,"comment_status":"open","ping_status":"closed","template":"","meta":{"inline_featured_image":false},"yoast_head":"<!-- This site is optimized with the Yoast SEO plugin v21.7 - https:\/\/yoast.com\/wordpress\/plugins\/seo\/ -->\n<title>NORTON DISCO MULTI CORTE 115 MM - Casa do Marceneiro - Home Center<\/title>\n<meta name=\"robots\" content=\"index, follow, max-snippet:-1, max-image-preview:large, max-video-preview:-1\" \/>\n<link rel=\"canonical\" href=\"https:\/\/casadomarceneiroavare.com.br\/site\/produto\/norton-disco-multi-corte-115-mm\/\" \/>\n<meta property=\"og:locale\" content=\"pt_BR\" \/>\n<meta property=\"og:type\" content=\"article\" \/>\n<meta property=\"og:title\" content=\"NORTON DISCO MULTI CORTE 115 MM - Casa do Marceneiro - Home Center\" \/>\n<meta property=\"og:description\" content=\"Tecnologia exclusiva Norton, o disco MULTICORTE atr\u00e1ves de sua formula\u00e7\u00e3o especial permite o corte de at\u00e9 6 diferentes materiais sem contamina\u00e7\u00e3o: a\u00e7o, inox, alum\u00ednio, pvc, pedra e azulejo. &nbsp; Especifica\u00e7\u00f5es T\u00e9cnicas: Dimens\u00f5es:\u00a0115 x 1,0 x 22,33 mm Rota\u00e7\u00e3o m\u00e1xima: 13370 rpm. &nbsp;\" \/>\n<meta property=\"og:url\" content=\"https:\/\/casadomarceneiroavare.com.br\/site\/produto\/norton-disco-multi-corte-115-mm\/\" \/>\n<meta property=\"og:site_name\" content=\"Casa do Marceneiro - Home Center\" \/>\n<meta property=\"article:modified_time\" content=\"2023-12-19T12:57:44+00:00\" \/>\n<meta property=\"og:image\" content=\"https:\/\/casadomarceneiroavare.com.br\/site\/wp-content\/uploads\/2019\/03\/disco-multicorte-NORTON-1.jpg\" \/>\n\t<meta property=\"og:image:width\" content=\"1000\" \/>\n\t<meta property=\"og:image:height\" content=\"1000\" \/>\n\t<meta property=\"og:image:type\" content=\"image\/jpeg\" \/>\n<meta name=\"twitter:card\" content=\"summary_large_image\" \/>\n<meta name=\"twitter:label1\" content=\"Est. tempo de leitura\" \/>\n\t<meta name=\"twitter:data1\" content=\"1 minuto\" \/>\n<script type=\"application\/ld+json\" class=\"yoast-schema-graph\">{\"@context\":\"https:\/\/schema.org\",\"@graph\":[{\"@type\":\"WebPage\",\"@id\":\"https:\/\/casadomarceneiroavare.com.br\/site\/produto\/norton-disco-multi-corte-115-mm\/\",\"url\":\"https:\/\/casadomarceneiroavare.com.br\/site\/produto\/norton-disco-multi-corte-115-mm\/\",\"name\":\"NORTON DISCO MULTI CORTE 115 MM - Casa do Marceneiro - Home Center\",\"isPartOf\":{\"@id\":\"https:\/\/casadomarceneiroavare.com.br\/site\/#website\"},\"datePublished\":\"2019-03-23T11:32:07+00:00\",\"dateModified\":\"2023-12-19T12:57:44+00:00\",\"breadcrumb\":{\"@id\":\"https:\/\/casadomarceneiroavare.com.br\/site\/produto\/norton-disco-multi-corte-115-mm\/#breadcrumb\"},\"inLanguage\":\"pt-BR\",\"potentialAction\":[{\"@type\":\"ReadAction\",\"target\":[\"https:\/\/casadomarceneiroavare.com.br\/site\/produto\/norton-disco-multi-corte-115-mm\/\"]}]},{\"@type\":\"BreadcrumbList\",\"@id\":\"https:\/\/casadomarceneiroavare.com.br\/site\/produto\/norton-disco-multi-corte-115-mm\/#breadcrumb\",\"itemListElement\":[{\"@type\":\"ListItem\",\"position\":1,\"name\":\"Home\",\"item\":\"https:\/\/casadomarceneiroavare.com.br\/site\/\"},{\"@type\":\"ListItem\",\"position\":2,\"name\":\"Conhe\u00e7a nossos Produtos\",\"item\":\"https:\/\/casadomarceneiroavare.com.br\/site\/shop\/\"},{\"@type\":\"ListItem\",\"position\":3,\"name\":\"NORTON DISCO MULTI CORTE 115 MM\"}]},{\"@type\":\"WebSite\",\"@id\":\"https:\/\/casadomarceneiroavare.com.br\/site\/#website\",\"url\":\"https:\/\/casadomarceneiroavare.com.br\/site\/\",\"name\":\"Casa do Marceneiro - Home Center\",\"description\":\"Venha Conhecer o Maior Home Center da Regi\u00e3o, a Loja pra Fam\u00edlia toda\",\"potentialAction\":[{\"@type\":\"SearchAction\",\"target\":{\"@type\":\"EntryPoint\",\"urlTemplate\":\"https:\/\/casadomarceneiroavare.com.br\/site\/?s={search_term_string}\"},\"query-input\":\"required name=search_term_string\"}],\"inLanguage\":\"pt-BR\"}]}<\/script>\n<!-- \/ Yoast SEO plugin. -->","yoast_head_json":{"title":"NORTON DISCO MULTI CORTE 115 MM - Casa do Marceneiro - Home Center","robots":{"index":"index","follow":"follow","max-snippet":"max-snippet:-1","max-image-preview":"max-image-preview:large","max-video-preview":"max-video-preview:-1"},"canonical":"https:\/\/casadomarceneiroavare.com.br\/site\/produto\/norton-disco-multi-corte-115-mm\/","og_locale":"pt_BR","og_type":"article","og_title":"NORTON DISCO MULTI CORTE 115 MM - Casa do Marceneiro - Home Center","og_description":"Tecnologia exclusiva Norton, o disco MULTICORTE atr\u00e1ves de sua formula\u00e7\u00e3o especial permite o corte de at\u00e9 6 diferentes materiais sem contamina\u00e7\u00e3o: a\u00e7o, inox, alum\u00ednio, pvc, pedra e azulejo. &nbsp; Especifica\u00e7\u00f5es T\u00e9cnicas: Dimens\u00f5es:\u00a0115 x 1,0 x 22,33 mm Rota\u00e7\u00e3o m\u00e1xima: 13370 rpm. &nbsp;","og_url":"https:\/\/casadomarceneiroavare.com.br\/site\/produto\/norton-disco-multi-corte-115-mm\/","og_site_name":"Casa do Marceneiro - Home Center","article_modified_time":"2023-12-19T12:57:44+00:00","og_image":[{"width":1000,"height":1000,"url":"https:\/\/casadomarceneiroavare.com.br\/site\/wp-content\/uploads\/2019\/03\/disco-multicorte-NORTON-1.jpg","type":"image\/jpeg"}],"twitter_card":"summary_large_image","twitter_misc":{"Est. tempo de leitura":"1 minuto"},"schema":{"@context":"https:\/\/schema.org","@graph":[{"@type":"WebPage","@id":"https:\/\/casadomarceneiroavare.com.br\/site\/produto\/norton-disco-multi-corte-115-mm\/","url":"https:\/\/casadomarceneiroavare.com.br\/site\/produto\/norton-disco-multi-corte-115-mm\/","name":"NORTON DISCO MULTI CORTE 115 MM - Casa do Marceneiro - Home Center","isPartOf":{"@id":"https:\/\/casadomarceneiroavare.com.br\/site\/#website"},"datePublished":"2019-03-23T11:32:07+00:00","dateModified":"2023-12-19T12:57:44+00:00","breadcrumb":{"@id":"https:\/\/casadomarceneiroavare.com.br\/site\/produto\/norton-disco-multi-corte-115-mm\/#breadcrumb"},"inLanguage":"pt-BR","potentialAction":[{"@type":"ReadAction","target":["https:\/\/casadomarceneiroavare.com.br\/site\/produto\/norton-disco-multi-corte-115-mm\/"]}]},{"@type":"BreadcrumbList","@id":"https:\/\/casadomarceneiroavare.com.br\/site\/produto\/norton-disco-multi-corte-115-mm\/#breadcrumb","itemListElement":[{"@type":"ListItem","position":1,"name":"Home","item":"https:\/\/casadomarceneiroavare.com.br\/site\/"},{"@type":"ListItem","position":2,"name":"Conhe\u00e7a nossos Produtos","item":"https:\/\/casadomarceneiroavare.com.br\/site\/shop\/"},{"@type":"ListItem","position":3,"name":"NORTON DISCO MULTI CORTE 115 MM"}]},{"@type":"WebSite","@id":"https:\/\/casadomarceneiroavare.com.br\/site\/#website","url":"https:\/\/casadomarceneiroavare.com.br\/site\/","name":"Casa do Marceneiro - Home Center","description":"Venha Conhecer o Maior Home Center da Regi\u00e3o, a Loja pra Fam\u00edlia toda","potentialAction":[{"@type":"SearchAction","target":{"@type":"EntryPoint","urlTemplate":"https:\/\/casadomarceneiroavare.com.br\/site\/?s={search_term_string}"},"query-input":"required name=search_term_string"}],"inLanguage":"pt-BR"}]}},"_links":{"self":[{"href":"https:\/\/casadomarceneiroavare.com.br\/site\/wp-json\/wp\/v2\/product\/4281"}],"collection":[{"href":"https:\/\/casadomarceneiroavare.com.br\/site\/wp-json\/wp\/v2\/product"}],"about":[{"href":"https:\/\/casadomarceneiroavare.com.br\/site\/wp-json\/wp\/v2\/types\/product"}],"replies":[{"embeddable":true,"href":"https:\/\/casadomarceneiroavare.com.br\/site\/wp-json\/wp\/v2\/comments?post=4281"}],"wp:featuredmedia":[{"embeddable":true,"href":"https:\/\/casadomarceneiroavare.com.br\/site\/wp-json\/wp\/v2\/media\/4282"}],"wp:attachment":[{"href":"https:\/\/casadomarceneiroavare.com.br\/site\/wp-json\/wp\/v2\/media?parent=4281"}],"curies":[{"name":"wp","href":"https:\/\/api.w.org\/{rel}","templated":true}]}}