{"id":4248,"date":"2019-03-19T11:31:31","date_gmt":"2019-03-19T13:31:31","guid":{"rendered":"http:\/\/www.casadomarceneiroavare.com.br\/loja\/?post_type=product&#038;p=4248"},"modified":"2019-06-17T17:10:07","modified_gmt":"2019-06-17T19:10:07","slug":"oleo-lubrificante-schulz-motor-a-gasolina","status":"publish","type":"product","link":"https:\/\/casadomarceneiroavare.com.br\/site\/produto\/oleo-lubrificante-schulz-motor-a-gasolina\/","title":{"rendered":"\u00d3LEO LUBRIFICANTE SCHULZ P\/ COMPRESSORES"},"content":{"rendered":"<p>&#8211; O\u00a0\u00d3leo lubrificante mineral &#8211; MS LUB da Schulz\u00a0\u00e9 indicado para uso em Compressores a Pist\u00e3o.<br \/>\n&#8211; De alta\u00a0qualidade e caracter\u00edsticas que somadas \u00e0 frequ\u00eancia de troca mant\u00e9m o seu compressor em bom estado.<\/p>\n","protected":false},"excerpt":{"rendered":"<p>&#8211; O\u00a0\u00d3leo lubrificante mineral &#8211; MS LUB da Schulz\u00a0\u00e9 indicado para uso em Compressores a Pist\u00e3o. &#8211; De alta\u00a0qualidade e caracter\u00edsticas que somadas \u00e0 frequ\u00eancia de troca mant\u00e9m o seu compressor em bom estado.<\/p>\n","protected":false},"featured_media":4250,"comment_status":"open","ping_status":"closed","template":"","meta":{"inline_featured_image":false},"yoast_head":"<!-- This site is optimized with the Yoast SEO plugin v21.7 - https:\/\/yoast.com\/wordpress\/plugins\/seo\/ -->\n<title>\u00d3LEO LUBRIFICANTE SCHULZ P\/ COMPRESSORES - Casa do Marceneiro - Home Center<\/title>\n<meta name=\"robots\" content=\"index, follow, max-snippet:-1, max-image-preview:large, max-video-preview:-1\" \/>\n<link rel=\"canonical\" href=\"https:\/\/casadomarceneiroavare.com.br\/site\/produto\/oleo-lubrificante-schulz-motor-a-gasolina\/\" \/>\n<meta property=\"og:locale\" content=\"pt_BR\" \/>\n<meta property=\"og:type\" content=\"article\" \/>\n<meta property=\"og:title\" content=\"\u00d3LEO LUBRIFICANTE SCHULZ P\/ COMPRESSORES - Casa do Marceneiro - Home Center\" \/>\n<meta property=\"og:description\" content=\"&#8211; O\u00a0\u00d3leo lubrificante mineral &#8211; MS LUB da Schulz\u00a0\u00e9 indicado para uso em Compressores a Pist\u00e3o. &#8211; De alta\u00a0qualidade e caracter\u00edsticas que somadas \u00e0 frequ\u00eancia de troca mant\u00e9m o seu compressor em bom estado.\" \/>\n<meta property=\"og:url\" content=\"https:\/\/casadomarceneiroavare.com.br\/site\/produto\/oleo-lubrificante-schulz-motor-a-gasolina\/\" \/>\n<meta property=\"og:site_name\" content=\"Casa do Marceneiro - Home Center\" \/>\n<meta property=\"article:modified_time\" content=\"2019-06-17T19:10:07+00:00\" \/>\n<meta property=\"og:image\" content=\"https:\/\/casadomarceneiroavare.com.br\/site\/wp-content\/uploads\/2019\/03\/OLEO-SCHULZ-COMPRESSOR.jpg\" \/>\n\t<meta property=\"og:image:width\" content=\"800\" \/>\n\t<meta property=\"og:image:height\" content=\"800\" \/>\n\t<meta property=\"og:image:type\" content=\"image\/jpeg\" \/>\n<meta name=\"twitter:card\" content=\"summary_large_image\" \/>\n<script type=\"application\/ld+json\" class=\"yoast-schema-graph\">{\"@context\":\"https:\/\/schema.org\",\"@graph\":[{\"@type\":\"WebPage\",\"@id\":\"https:\/\/casadomarceneiroavare.com.br\/site\/produto\/oleo-lubrificante-schulz-motor-a-gasolina\/\",\"url\":\"https:\/\/casadomarceneiroavare.com.br\/site\/produto\/oleo-lubrificante-schulz-motor-a-gasolina\/\",\"name\":\"\u00d3LEO LUBRIFICANTE SCHULZ P\/ COMPRESSORES - Casa do Marceneiro - Home Center\",\"isPartOf\":{\"@id\":\"https:\/\/casadomarceneiroavare.com.br\/site\/#website\"},\"datePublished\":\"2019-03-19T13:31:31+00:00\",\"dateModified\":\"2019-06-17T19:10:07+00:00\",\"breadcrumb\":{\"@id\":\"https:\/\/casadomarceneiroavare.com.br\/site\/produto\/oleo-lubrificante-schulz-motor-a-gasolina\/#breadcrumb\"},\"inLanguage\":\"pt-BR\",\"potentialAction\":[{\"@type\":\"ReadAction\",\"target\":[\"https:\/\/casadomarceneiroavare.com.br\/site\/produto\/oleo-lubrificante-schulz-motor-a-gasolina\/\"]}]},{\"@type\":\"BreadcrumbList\",\"@id\":\"https:\/\/casadomarceneiroavare.com.br\/site\/produto\/oleo-lubrificante-schulz-motor-a-gasolina\/#breadcrumb\",\"itemListElement\":[{\"@type\":\"ListItem\",\"position\":1,\"name\":\"Home\",\"item\":\"https:\/\/casadomarceneiroavare.com.br\/site\/\"},{\"@type\":\"ListItem\",\"position\":2,\"name\":\"Conhe\u00e7a nossos Produtos\",\"item\":\"https:\/\/casadomarceneiroavare.com.br\/site\/shop\/\"},{\"@type\":\"ListItem\",\"position\":3,\"name\":\"\u00d3LEO LUBRIFICANTE SCHULZ P\/ COMPRESSORES\"}]},{\"@type\":\"WebSite\",\"@id\":\"https:\/\/casadomarceneiroavare.com.br\/site\/#website\",\"url\":\"https:\/\/casadomarceneiroavare.com.br\/site\/\",\"name\":\"Casa do Marceneiro - Home Center\",\"description\":\"Venha Conhecer o Maior Home Center da Regi\u00e3o, a Loja pra Fam\u00edlia toda\",\"potentialAction\":[{\"@type\":\"SearchAction\",\"target\":{\"@type\":\"EntryPoint\",\"urlTemplate\":\"https:\/\/casadomarceneiroavare.com.br\/site\/?s={search_term_string}\"},\"query-input\":\"required name=search_term_string\"}],\"inLanguage\":\"pt-BR\"}]}<\/script>\n<!-- \/ Yoast SEO plugin. -->","yoast_head_json":{"title":"\u00d3LEO LUBRIFICANTE SCHULZ P\/ COMPRESSORES - Casa do Marceneiro - Home Center","robots":{"index":"index","follow":"follow","max-snippet":"max-snippet:-1","max-image-preview":"max-image-preview:large","max-video-preview":"max-video-preview:-1"},"canonical":"https:\/\/casadomarceneiroavare.com.br\/site\/produto\/oleo-lubrificante-schulz-motor-a-gasolina\/","og_locale":"pt_BR","og_type":"article","og_title":"\u00d3LEO LUBRIFICANTE SCHULZ P\/ COMPRESSORES - Casa do Marceneiro - Home Center","og_description":"&#8211; O\u00a0\u00d3leo lubrificante mineral &#8211; MS LUB da Schulz\u00a0\u00e9 indicado para uso em Compressores a Pist\u00e3o. &#8211; De alta\u00a0qualidade e caracter\u00edsticas que somadas \u00e0 frequ\u00eancia de troca mant\u00e9m o seu compressor em bom estado.","og_url":"https:\/\/casadomarceneiroavare.com.br\/site\/produto\/oleo-lubrificante-schulz-motor-a-gasolina\/","og_site_name":"Casa do Marceneiro - Home Center","article_modified_time":"2019-06-17T19:10:07+00:00","og_image":[{"width":800,"height":800,"url":"https:\/\/casadomarceneiroavare.com.br\/site\/wp-content\/uploads\/2019\/03\/OLEO-SCHULZ-COMPRESSOR.jpg","type":"image\/jpeg"}],"twitter_card":"summary_large_image","schema":{"@context":"https:\/\/schema.org","@graph":[{"@type":"WebPage","@id":"https:\/\/casadomarceneiroavare.com.br\/site\/produto\/oleo-lubrificante-schulz-motor-a-gasolina\/","url":"https:\/\/casadomarceneiroavare.com.br\/site\/produto\/oleo-lubrificante-schulz-motor-a-gasolina\/","name":"\u00d3LEO LUBRIFICANTE SCHULZ P\/ COMPRESSORES - Casa do Marceneiro - Home Center","isPartOf":{"@id":"https:\/\/casadomarceneiroavare.com.br\/site\/#website"},"datePublished":"2019-03-19T13:31:31+00:00","dateModified":"2019-06-17T19:10:07+00:00","breadcrumb":{"@id":"https:\/\/casadomarceneiroavare.com.br\/site\/produto\/oleo-lubrificante-schulz-motor-a-gasolina\/#breadcrumb"},"inLanguage":"pt-BR","potentialAction":[{"@type":"ReadAction","target":["https:\/\/casadomarceneiroavare.com.br\/site\/produto\/oleo-lubrificante-schulz-motor-a-gasolina\/"]}]},{"@type":"BreadcrumbList","@id":"https:\/\/casadomarceneiroavare.com.br\/site\/produto\/oleo-lubrificante-schulz-motor-a-gasolina\/#breadcrumb","itemListElement":[{"@type":"ListItem","position":1,"name":"Home","item":"https:\/\/casadomarceneiroavare.com.br\/site\/"},{"@type":"ListItem","position":2,"name":"Conhe\u00e7a nossos Produtos","item":"https:\/\/casadomarceneiroavare.com.br\/site\/shop\/"},{"@type":"ListItem","position":3,"name":"\u00d3LEO LUBRIFICANTE SCHULZ P\/ COMPRESSORES"}]},{"@type":"WebSite","@id":"https:\/\/casadomarceneiroavare.com.br\/site\/#website","url":"https:\/\/casadomarceneiroavare.com.br\/site\/","name":"Casa do Marceneiro - Home Center","description":"Venha Conhecer o Maior Home Center da Regi\u00e3o, a Loja pra Fam\u00edlia toda","potentialAction":[{"@type":"SearchAction","target":{"@type":"EntryPoint","urlTemplate":"https:\/\/casadomarceneiroavare.com.br\/site\/?s={search_term_string}"},"query-input":"required name=search_term_string"}],"inLanguage":"pt-BR"}]}},"_links":{"self":[{"href":"https:\/\/casadomarceneiroavare.com.br\/site\/wp-json\/wp\/v2\/product\/4248"}],"collection":[{"href":"https:\/\/casadomarceneiroavare.com.br\/site\/wp-json\/wp\/v2\/product"}],"about":[{"href":"https:\/\/casadomarceneiroavare.com.br\/site\/wp-json\/wp\/v2\/types\/product"}],"replies":[{"embeddable":true,"href":"https:\/\/casadomarceneiroavare.com.br\/site\/wp-json\/wp\/v2\/comments?post=4248"}],"wp:featuredmedia":[{"embeddable":true,"href":"https:\/\/casadomarceneiroavare.com.br\/site\/wp-json\/wp\/v2\/media\/4250"}],"wp:attachment":[{"href":"https:\/\/casadomarceneiroavare.com.br\/site\/wp-json\/wp\/v2\/media?parent=4248"}],"curies":[{"name":"wp","href":"https:\/\/api.w.org\/{rel}","templated":true}]}}