{"id":4201,"date":"2019-03-11T11:39:18","date_gmt":"2019-03-11T13:39:18","guid":{"rendered":"http:\/\/www.casadomarceneiroavare.com.br\/loja\/?post_type=product&#038;p=4201"},"modified":"2019-06-17T18:07:28","modified_gmt":"2019-06-17T20:07:28","slug":"makita-serra-sabre-jr103-dz-12v","status":"publish","type":"product","link":"https:\/\/casadomarceneiroavare.com.br\/site\/produto\/makita-serra-sabre-jr103-dz-12v\/","title":{"rendered":"MAKITA SERRA SABRE JR103 DZ &#8211; 12V"},"content":{"rendered":"<div>CARACTER\u00cdSTICAS :<\/div>\n<div>Projetada com a tecnologia CXT.<br \/>\nCompacta e f\u00e1cil manuseio.<br \/>\nVelocidade vari\u00e1vel.<br \/>\nFreio instant\u00e2neo.<br \/>\nIlumina\u00e7\u00e3o de trabalho<\/div>\n<div><\/div>\n<div class=\"titulos\">ESPECIFICA\u00c7\u00d5ES<\/div>\n<div class=\"textos\">Golpes por minuto: 0 &#8211; 3.300<br \/>\nCapacidades<br \/>\n&#8211; Tubo: 50mm<br \/>\n&#8211; Madeira: 50mm<br \/>\nComprimento do golpe: 13mm<br \/>\nDimens\u00f5es(C x L x A): 376 x 170 x 186mm<br \/>\nPeso: 1.3 kg<br \/>\nBateria: 12V<br \/>\nEmiss\u00e3o de vibra\u00e7\u00f5es: 8 m\/s\u00b2<br \/>\nIncerteza K: 1.5 m\/s\u00b2<\/div>\n<div><\/div>\n<div class=\"titulos\">ITENS QUE ACOMPANHAM<\/div>\n<div class=\"textos\">N\u00e3o acompanham bateria e carregador. Este produto \u00e9 recomendado para quem j\u00e1 possui ferramenta a bateria 12V CXT.<\/div>\n","protected":false},"excerpt":{"rendered":"<p>CARACTER\u00cdSTICAS : Projetada com a tecnologia CXT. Compacta e f\u00e1cil manuseio. Velocidade vari\u00e1vel. Freio instant\u00e2neo. Ilumina\u00e7\u00e3o de trabalho ESPECIFICA\u00c7\u00d5ES Golpes por minuto: 0 &#8211; 3.300 Capacidades &#8211; Tubo: 50mm &#8211; Madeira: 50mm Comprimento do golpe: 13mm Dimens\u00f5es(C x L x A): 376 x 170 x 186mm Peso: 1.3 kg Bateria: 12V Emiss\u00e3o de vibra\u00e7\u00f5es: 8&#8230;<\/p>\n","protected":false},"featured_media":4202,"comment_status":"open","ping_status":"closed","template":"","meta":{"inline_featured_image":false},"yoast_head":"<!-- This site is optimized with the Yoast SEO plugin v21.7 - https:\/\/yoast.com\/wordpress\/plugins\/seo\/ -->\n<title>MAKITA SERRA SABRE JR103 DZ - 12V - Casa do Marceneiro - Home Center<\/title>\n<meta name=\"robots\" content=\"index, follow, max-snippet:-1, max-image-preview:large, max-video-preview:-1\" \/>\n<link rel=\"canonical\" href=\"https:\/\/casadomarceneiroavare.com.br\/site\/produto\/makita-serra-sabre-jr103-dz-12v\/\" \/>\n<meta property=\"og:locale\" content=\"pt_BR\" \/>\n<meta property=\"og:type\" content=\"article\" \/>\n<meta property=\"og:title\" content=\"MAKITA SERRA SABRE JR103 DZ - 12V - Casa do Marceneiro - Home Center\" \/>\n<meta property=\"og:description\" content=\"CARACTER\u00cdSTICAS : Projetada com a tecnologia CXT. Compacta e f\u00e1cil manuseio. Velocidade vari\u00e1vel. Freio instant\u00e2neo. Ilumina\u00e7\u00e3o de trabalho ESPECIFICA\u00c7\u00d5ES Golpes por minuto: 0 &#8211; 3.300 Capacidades &#8211; Tubo: 50mm &#8211; Madeira: 50mm Comprimento do golpe: 13mm Dimens\u00f5es(C x L x A): 376 x 170 x 186mm Peso: 1.3 kg Bateria: 12V Emiss\u00e3o de vibra\u00e7\u00f5es: 8...\" \/>\n<meta property=\"og:url\" content=\"https:\/\/casadomarceneiroavare.com.br\/site\/produto\/makita-serra-sabre-jr103-dz-12v\/\" \/>\n<meta property=\"og:site_name\" content=\"Casa do Marceneiro - Home Center\" \/>\n<meta property=\"article:modified_time\" content=\"2019-06-17T20:07:28+00:00\" \/>\n<meta property=\"og:image\" content=\"https:\/\/casadomarceneiroavare.com.br\/site\/wp-content\/uploads\/2019\/03\/MAKJR103DZ.jpg\" \/>\n\t<meta property=\"og:image:width\" content=\"500\" \/>\n\t<meta property=\"og:image:height\" content=\"500\" \/>\n\t<meta property=\"og:image:type\" content=\"image\/jpeg\" \/>\n<meta name=\"twitter:card\" content=\"summary_large_image\" \/>\n<script type=\"application\/ld+json\" class=\"yoast-schema-graph\">{\"@context\":\"https:\/\/schema.org\",\"@graph\":[{\"@type\":\"WebPage\",\"@id\":\"https:\/\/casadomarceneiroavare.com.br\/site\/produto\/makita-serra-sabre-jr103-dz-12v\/\",\"url\":\"https:\/\/casadomarceneiroavare.com.br\/site\/produto\/makita-serra-sabre-jr103-dz-12v\/\",\"name\":\"MAKITA SERRA SABRE JR103 DZ - 12V - Casa do Marceneiro - Home Center\",\"isPartOf\":{\"@id\":\"https:\/\/casadomarceneiroavare.com.br\/site\/#website\"},\"datePublished\":\"2019-03-11T13:39:18+00:00\",\"dateModified\":\"2019-06-17T20:07:28+00:00\",\"breadcrumb\":{\"@id\":\"https:\/\/casadomarceneiroavare.com.br\/site\/produto\/makita-serra-sabre-jr103-dz-12v\/#breadcrumb\"},\"inLanguage\":\"pt-BR\",\"potentialAction\":[{\"@type\":\"ReadAction\",\"target\":[\"https:\/\/casadomarceneiroavare.com.br\/site\/produto\/makita-serra-sabre-jr103-dz-12v\/\"]}]},{\"@type\":\"BreadcrumbList\",\"@id\":\"https:\/\/casadomarceneiroavare.com.br\/site\/produto\/makita-serra-sabre-jr103-dz-12v\/#breadcrumb\",\"itemListElement\":[{\"@type\":\"ListItem\",\"position\":1,\"name\":\"Home\",\"item\":\"https:\/\/casadomarceneiroavare.com.br\/site\/\"},{\"@type\":\"ListItem\",\"position\":2,\"name\":\"Conhe\u00e7a nossos Produtos\",\"item\":\"https:\/\/casadomarceneiroavare.com.br\/site\/shop\/\"},{\"@type\":\"ListItem\",\"position\":3,\"name\":\"MAKITA SERRA SABRE JR103 DZ &#8211; 12V\"}]},{\"@type\":\"WebSite\",\"@id\":\"https:\/\/casadomarceneiroavare.com.br\/site\/#website\",\"url\":\"https:\/\/casadomarceneiroavare.com.br\/site\/\",\"name\":\"Casa do Marceneiro - Home Center\",\"description\":\"Venha Conhecer o Maior Home Center da Regi\u00e3o, a Loja pra Fam\u00edlia toda\",\"potentialAction\":[{\"@type\":\"SearchAction\",\"target\":{\"@type\":\"EntryPoint\",\"urlTemplate\":\"https:\/\/casadomarceneiroavare.com.br\/site\/?s={search_term_string}\"},\"query-input\":\"required name=search_term_string\"}],\"inLanguage\":\"pt-BR\"}]}<\/script>\n<!-- \/ Yoast SEO plugin. -->","yoast_head_json":{"title":"MAKITA SERRA SABRE JR103 DZ - 12V - Casa do Marceneiro - Home Center","robots":{"index":"index","follow":"follow","max-snippet":"max-snippet:-1","max-image-preview":"max-image-preview:large","max-video-preview":"max-video-preview:-1"},"canonical":"https:\/\/casadomarceneiroavare.com.br\/site\/produto\/makita-serra-sabre-jr103-dz-12v\/","og_locale":"pt_BR","og_type":"article","og_title":"MAKITA SERRA SABRE JR103 DZ - 12V - Casa do Marceneiro - Home Center","og_description":"CARACTER\u00cdSTICAS : Projetada com a tecnologia CXT. Compacta e f\u00e1cil manuseio. Velocidade vari\u00e1vel. Freio instant\u00e2neo. Ilumina\u00e7\u00e3o de trabalho ESPECIFICA\u00c7\u00d5ES Golpes por minuto: 0 &#8211; 3.300 Capacidades &#8211; Tubo: 50mm &#8211; Madeira: 50mm Comprimento do golpe: 13mm Dimens\u00f5es(C x L x A): 376 x 170 x 186mm Peso: 1.3 kg Bateria: 12V Emiss\u00e3o de vibra\u00e7\u00f5es: 8...","og_url":"https:\/\/casadomarceneiroavare.com.br\/site\/produto\/makita-serra-sabre-jr103-dz-12v\/","og_site_name":"Casa do Marceneiro - Home Center","article_modified_time":"2019-06-17T20:07:28+00:00","og_image":[{"width":500,"height":500,"url":"https:\/\/casadomarceneiroavare.com.br\/site\/wp-content\/uploads\/2019\/03\/MAKJR103DZ.jpg","type":"image\/jpeg"}],"twitter_card":"summary_large_image","schema":{"@context":"https:\/\/schema.org","@graph":[{"@type":"WebPage","@id":"https:\/\/casadomarceneiroavare.com.br\/site\/produto\/makita-serra-sabre-jr103-dz-12v\/","url":"https:\/\/casadomarceneiroavare.com.br\/site\/produto\/makita-serra-sabre-jr103-dz-12v\/","name":"MAKITA SERRA SABRE JR103 DZ - 12V - Casa do Marceneiro - Home Center","isPartOf":{"@id":"https:\/\/casadomarceneiroavare.com.br\/site\/#website"},"datePublished":"2019-03-11T13:39:18+00:00","dateModified":"2019-06-17T20:07:28+00:00","breadcrumb":{"@id":"https:\/\/casadomarceneiroavare.com.br\/site\/produto\/makita-serra-sabre-jr103-dz-12v\/#breadcrumb"},"inLanguage":"pt-BR","potentialAction":[{"@type":"ReadAction","target":["https:\/\/casadomarceneiroavare.com.br\/site\/produto\/makita-serra-sabre-jr103-dz-12v\/"]}]},{"@type":"BreadcrumbList","@id":"https:\/\/casadomarceneiroavare.com.br\/site\/produto\/makita-serra-sabre-jr103-dz-12v\/#breadcrumb","itemListElement":[{"@type":"ListItem","position":1,"name":"Home","item":"https:\/\/casadomarceneiroavare.com.br\/site\/"},{"@type":"ListItem","position":2,"name":"Conhe\u00e7a nossos Produtos","item":"https:\/\/casadomarceneiroavare.com.br\/site\/shop\/"},{"@type":"ListItem","position":3,"name":"MAKITA SERRA SABRE JR103 DZ &#8211; 12V"}]},{"@type":"WebSite","@id":"https:\/\/casadomarceneiroavare.com.br\/site\/#website","url":"https:\/\/casadomarceneiroavare.com.br\/site\/","name":"Casa do Marceneiro - Home Center","description":"Venha Conhecer o Maior Home Center da Regi\u00e3o, a Loja pra Fam\u00edlia toda","potentialAction":[{"@type":"SearchAction","target":{"@type":"EntryPoint","urlTemplate":"https:\/\/casadomarceneiroavare.com.br\/site\/?s={search_term_string}"},"query-input":"required name=search_term_string"}],"inLanguage":"pt-BR"}]}},"_links":{"self":[{"href":"https:\/\/casadomarceneiroavare.com.br\/site\/wp-json\/wp\/v2\/product\/4201"}],"collection":[{"href":"https:\/\/casadomarceneiroavare.com.br\/site\/wp-json\/wp\/v2\/product"}],"about":[{"href":"https:\/\/casadomarceneiroavare.com.br\/site\/wp-json\/wp\/v2\/types\/product"}],"replies":[{"embeddable":true,"href":"https:\/\/casadomarceneiroavare.com.br\/site\/wp-json\/wp\/v2\/comments?post=4201"}],"wp:featuredmedia":[{"embeddable":true,"href":"https:\/\/casadomarceneiroavare.com.br\/site\/wp-json\/wp\/v2\/media\/4202"}],"wp:attachment":[{"href":"https:\/\/casadomarceneiroavare.com.br\/site\/wp-json\/wp\/v2\/media?parent=4201"}],"curies":[{"name":"wp","href":"https:\/\/api.w.org\/{rel}","templated":true}]}}