{"id":4182,"date":"2019-03-08T10:21:07","date_gmt":"2019-03-08T12:21:07","guid":{"rendered":"http:\/\/www.casadomarceneiroavare.com.br\/loja\/?post_type=product&#038;p=4182"},"modified":"2019-06-17T18:16:54","modified_gmt":"2019-06-17T20:16:54","slug":"makita-paraf-furad-12v-bivolt-df331-dwye","status":"publish","type":"product","link":"https:\/\/casadomarceneiroavare.com.br\/site\/produto\/makita-paraf-furad-12v-bivolt-df331-dwye\/","title":{"rendered":"MAKITA PARAF\/FURAD 12V BIVOLT DF331 DWYE"},"content":{"rendered":"<div class=\"textos\">Projetada com a tecnologia CXT.<br \/>\n18 n\u00edveis de torque.<br \/>\n2 velocidades mec\u00e2nicas.<br \/>\nIlumina\u00e7\u00e3o de trabalho.<br \/>\nVelocidade vari\u00e1vel.<br \/>\nRota\u00e7\u00e3o revers\u00edvel.<br \/>\nMandril de aperto r\u00e1pido.<\/div>\n<div><\/div>\n<div class=\"titulos\">ESPECIFICA\u00c7\u00d5ES<\/div>\n<div class=\"textos\">Capacidades<br \/>\n&#8211; A\u00e7o: 10mm<br \/>\n&#8211; Madeira: 21mm<br \/>\nRota\u00e7\u00f5es por minuto<br \/>\n&#8211; Alta: 0 &#8211; 1.700<br \/>\n&#8211; Baixa: 0 &#8211; 450<br \/>\nTorque<br \/>\n&#8211; Junta r\u00edgida: 30N.m<br \/>\n&#8211; Junta flex\u00edvel: 14 N.m<br \/>\nDimens\u00f5es (C x L x A): 189 x 66 x 209mm<br \/>\nPeso: 1.1 kg<br \/>\nBateria: 12V<br \/>\nEmiss\u00e3o de vibra\u00e7\u00f5es: 2.5m\/s\u00b2<br \/>\nIncerteza K: 1.5m\/s\u00b2<\/div>\n<div><\/div>\n<div>\n<div class=\"titulos\">ITENS QUE ACOMPANHAM<\/div>\n<div class=\"textos\">2 baterias 12V 1.5 Ah, carregador, bit phillips de ponta dupla e maleta.<\/div>\n<\/div>\n","protected":false},"excerpt":{"rendered":"<p>Projetada com a tecnologia CXT. 18 n\u00edveis de torque. 2 velocidades mec\u00e2nicas. Ilumina\u00e7\u00e3o de trabalho. Velocidade vari\u00e1vel. Rota\u00e7\u00e3o revers\u00edvel. Mandril de aperto r\u00e1pido. ESPECIFICA\u00c7\u00d5ES Capacidades &#8211; A\u00e7o: 10mm &#8211; Madeira: 21mm Rota\u00e7\u00f5es por minuto &#8211; Alta: 0 &#8211; 1.700 &#8211; Baixa: 0 &#8211; 450 Torque &#8211; Junta r\u00edgida: 30N.m &#8211; Junta flex\u00edvel: 14 N.m Dimens\u00f5es&#8230;<\/p>\n","protected":false},"featured_media":4184,"comment_status":"open","ping_status":"closed","template":"","meta":{"inline_featured_image":false},"yoast_head":"<!-- This site is optimized with the Yoast SEO plugin v21.7 - https:\/\/yoast.com\/wordpress\/plugins\/seo\/ -->\n<title>MAKITA PARAF\/FURAD 12V BIVOLT DF331 DWYE - Casa do Marceneiro - Home Center<\/title>\n<meta name=\"robots\" content=\"index, follow, max-snippet:-1, max-image-preview:large, max-video-preview:-1\" \/>\n<link rel=\"canonical\" href=\"https:\/\/casadomarceneiroavare.com.br\/site\/produto\/makita-paraf-furad-12v-bivolt-df331-dwye\/\" \/>\n<meta property=\"og:locale\" content=\"pt_BR\" \/>\n<meta property=\"og:type\" content=\"article\" \/>\n<meta property=\"og:title\" content=\"MAKITA PARAF\/FURAD 12V BIVOLT DF331 DWYE - Casa do Marceneiro - Home Center\" \/>\n<meta property=\"og:description\" content=\"Projetada com a tecnologia CXT. 18 n\u00edveis de torque. 2 velocidades mec\u00e2nicas. Ilumina\u00e7\u00e3o de trabalho. Velocidade vari\u00e1vel. Rota\u00e7\u00e3o revers\u00edvel. Mandril de aperto r\u00e1pido. ESPECIFICA\u00c7\u00d5ES Capacidades &#8211; A\u00e7o: 10mm &#8211; Madeira: 21mm Rota\u00e7\u00f5es por minuto &#8211; Alta: 0 &#8211; 1.700 &#8211; Baixa: 0 &#8211; 450 Torque &#8211; Junta r\u00edgida: 30N.m &#8211; Junta flex\u00edvel: 14 N.m Dimens\u00f5es...\" \/>\n<meta property=\"og:url\" content=\"https:\/\/casadomarceneiroavare.com.br\/site\/produto\/makita-paraf-furad-12v-bivolt-df331-dwye\/\" \/>\n<meta property=\"og:site_name\" content=\"Casa do Marceneiro - Home Center\" \/>\n<meta property=\"article:modified_time\" content=\"2019-06-17T20:16:54+00:00\" \/>\n<meta property=\"og:image\" content=\"https:\/\/casadomarceneiroavare.com.br\/site\/wp-content\/uploads\/2019\/03\/DF331DWYE.jpg\" \/>\n\t<meta property=\"og:image:width\" content=\"700\" \/>\n\t<meta property=\"og:image:height\" content=\"438\" \/>\n\t<meta property=\"og:image:type\" content=\"image\/jpeg\" \/>\n<meta name=\"twitter:card\" content=\"summary_large_image\" \/>\n<meta name=\"twitter:label1\" content=\"Est. tempo de leitura\" \/>\n\t<meta name=\"twitter:data1\" content=\"1 minuto\" \/>\n<script type=\"application\/ld+json\" class=\"yoast-schema-graph\">{\"@context\":\"https:\/\/schema.org\",\"@graph\":[{\"@type\":\"WebPage\",\"@id\":\"https:\/\/casadomarceneiroavare.com.br\/site\/produto\/makita-paraf-furad-12v-bivolt-df331-dwye\/\",\"url\":\"https:\/\/casadomarceneiroavare.com.br\/site\/produto\/makita-paraf-furad-12v-bivolt-df331-dwye\/\",\"name\":\"MAKITA PARAF\/FURAD 12V BIVOLT DF331 DWYE - Casa do Marceneiro - Home Center\",\"isPartOf\":{\"@id\":\"https:\/\/casadomarceneiroavare.com.br\/site\/#website\"},\"datePublished\":\"2019-03-08T12:21:07+00:00\",\"dateModified\":\"2019-06-17T20:16:54+00:00\",\"breadcrumb\":{\"@id\":\"https:\/\/casadomarceneiroavare.com.br\/site\/produto\/makita-paraf-furad-12v-bivolt-df331-dwye\/#breadcrumb\"},\"inLanguage\":\"pt-BR\",\"potentialAction\":[{\"@type\":\"ReadAction\",\"target\":[\"https:\/\/casadomarceneiroavare.com.br\/site\/produto\/makita-paraf-furad-12v-bivolt-df331-dwye\/\"]}]},{\"@type\":\"BreadcrumbList\",\"@id\":\"https:\/\/casadomarceneiroavare.com.br\/site\/produto\/makita-paraf-furad-12v-bivolt-df331-dwye\/#breadcrumb\",\"itemListElement\":[{\"@type\":\"ListItem\",\"position\":1,\"name\":\"Home\",\"item\":\"https:\/\/casadomarceneiroavare.com.br\/site\/\"},{\"@type\":\"ListItem\",\"position\":2,\"name\":\"Conhe\u00e7a nossos Produtos\",\"item\":\"https:\/\/casadomarceneiroavare.com.br\/site\/shop\/\"},{\"@type\":\"ListItem\",\"position\":3,\"name\":\"MAKITA PARAF\/FURAD 12V BIVOLT DF331 DWYE\"}]},{\"@type\":\"WebSite\",\"@id\":\"https:\/\/casadomarceneiroavare.com.br\/site\/#website\",\"url\":\"https:\/\/casadomarceneiroavare.com.br\/site\/\",\"name\":\"Casa do Marceneiro - Home Center\",\"description\":\"Venha Conhecer o Maior Home Center da Regi\u00e3o, a Loja pra Fam\u00edlia toda\",\"potentialAction\":[{\"@type\":\"SearchAction\",\"target\":{\"@type\":\"EntryPoint\",\"urlTemplate\":\"https:\/\/casadomarceneiroavare.com.br\/site\/?s={search_term_string}\"},\"query-input\":\"required name=search_term_string\"}],\"inLanguage\":\"pt-BR\"}]}<\/script>\n<!-- \/ Yoast SEO plugin. -->","yoast_head_json":{"title":"MAKITA PARAF\/FURAD 12V BIVOLT DF331 DWYE - Casa do Marceneiro - Home Center","robots":{"index":"index","follow":"follow","max-snippet":"max-snippet:-1","max-image-preview":"max-image-preview:large","max-video-preview":"max-video-preview:-1"},"canonical":"https:\/\/casadomarceneiroavare.com.br\/site\/produto\/makita-paraf-furad-12v-bivolt-df331-dwye\/","og_locale":"pt_BR","og_type":"article","og_title":"MAKITA PARAF\/FURAD 12V BIVOLT DF331 DWYE - Casa do Marceneiro - Home Center","og_description":"Projetada com a tecnologia CXT. 18 n\u00edveis de torque. 2 velocidades mec\u00e2nicas. Ilumina\u00e7\u00e3o de trabalho. Velocidade vari\u00e1vel. Rota\u00e7\u00e3o revers\u00edvel. Mandril de aperto r\u00e1pido. ESPECIFICA\u00c7\u00d5ES Capacidades &#8211; A\u00e7o: 10mm &#8211; Madeira: 21mm Rota\u00e7\u00f5es por minuto &#8211; Alta: 0 &#8211; 1.700 &#8211; Baixa: 0 &#8211; 450 Torque &#8211; Junta r\u00edgida: 30N.m &#8211; Junta flex\u00edvel: 14 N.m Dimens\u00f5es...","og_url":"https:\/\/casadomarceneiroavare.com.br\/site\/produto\/makita-paraf-furad-12v-bivolt-df331-dwye\/","og_site_name":"Casa do Marceneiro - Home Center","article_modified_time":"2019-06-17T20:16:54+00:00","og_image":[{"width":700,"height":438,"url":"https:\/\/casadomarceneiroavare.com.br\/site\/wp-content\/uploads\/2019\/03\/DF331DWYE.jpg","type":"image\/jpeg"}],"twitter_card":"summary_large_image","twitter_misc":{"Est. tempo de leitura":"1 minuto"},"schema":{"@context":"https:\/\/schema.org","@graph":[{"@type":"WebPage","@id":"https:\/\/casadomarceneiroavare.com.br\/site\/produto\/makita-paraf-furad-12v-bivolt-df331-dwye\/","url":"https:\/\/casadomarceneiroavare.com.br\/site\/produto\/makita-paraf-furad-12v-bivolt-df331-dwye\/","name":"MAKITA PARAF\/FURAD 12V BIVOLT DF331 DWYE - Casa do Marceneiro - Home Center","isPartOf":{"@id":"https:\/\/casadomarceneiroavare.com.br\/site\/#website"},"datePublished":"2019-03-08T12:21:07+00:00","dateModified":"2019-06-17T20:16:54+00:00","breadcrumb":{"@id":"https:\/\/casadomarceneiroavare.com.br\/site\/produto\/makita-paraf-furad-12v-bivolt-df331-dwye\/#breadcrumb"},"inLanguage":"pt-BR","potentialAction":[{"@type":"ReadAction","target":["https:\/\/casadomarceneiroavare.com.br\/site\/produto\/makita-paraf-furad-12v-bivolt-df331-dwye\/"]}]},{"@type":"BreadcrumbList","@id":"https:\/\/casadomarceneiroavare.com.br\/site\/produto\/makita-paraf-furad-12v-bivolt-df331-dwye\/#breadcrumb","itemListElement":[{"@type":"ListItem","position":1,"name":"Home","item":"https:\/\/casadomarceneiroavare.com.br\/site\/"},{"@type":"ListItem","position":2,"name":"Conhe\u00e7a nossos Produtos","item":"https:\/\/casadomarceneiroavare.com.br\/site\/shop\/"},{"@type":"ListItem","position":3,"name":"MAKITA PARAF\/FURAD 12V BIVOLT DF331 DWYE"}]},{"@type":"WebSite","@id":"https:\/\/casadomarceneiroavare.com.br\/site\/#website","url":"https:\/\/casadomarceneiroavare.com.br\/site\/","name":"Casa do Marceneiro - Home Center","description":"Venha Conhecer o Maior Home Center da Regi\u00e3o, a Loja pra Fam\u00edlia toda","potentialAction":[{"@type":"SearchAction","target":{"@type":"EntryPoint","urlTemplate":"https:\/\/casadomarceneiroavare.com.br\/site\/?s={search_term_string}"},"query-input":"required name=search_term_string"}],"inLanguage":"pt-BR"}]}},"_links":{"self":[{"href":"https:\/\/casadomarceneiroavare.com.br\/site\/wp-json\/wp\/v2\/product\/4182"}],"collection":[{"href":"https:\/\/casadomarceneiroavare.com.br\/site\/wp-json\/wp\/v2\/product"}],"about":[{"href":"https:\/\/casadomarceneiroavare.com.br\/site\/wp-json\/wp\/v2\/types\/product"}],"replies":[{"embeddable":true,"href":"https:\/\/casadomarceneiroavare.com.br\/site\/wp-json\/wp\/v2\/comments?post=4182"}],"wp:featuredmedia":[{"embeddable":true,"href":"https:\/\/casadomarceneiroavare.com.br\/site\/wp-json\/wp\/v2\/media\/4184"}],"wp:attachment":[{"href":"https:\/\/casadomarceneiroavare.com.br\/site\/wp-json\/wp\/v2\/media?parent=4182"}],"curies":[{"name":"wp","href":"https:\/\/api.w.org\/{rel}","templated":true}]}}