{"id":4176,"date":"2019-03-08T09:57:39","date_gmt":"2019-03-08T11:57:39","guid":{"rendered":"http:\/\/www.casadomarceneiroavare.com.br\/loja\/?post_type=product&#038;p=4176"},"modified":"2019-06-17T18:30:47","modified_gmt":"2019-06-17T20:30:47","slug":"makita-lixadeira-roto-orbital-dbo-180z","status":"publish","type":"product","link":"https:\/\/casadomarceneiroavare.com.br\/site\/produto\/makita-lixadeira-roto-orbital-dbo-180z\/","title":{"rendered":"MAKITA LIXADEIRA ROTO ORBITAL DBO 180Z"},"content":{"rendered":"<div class=\"titulos\">ESPECIFICA\u00c7\u00d5ES<\/div>\n<div class=\"textos\">Oscila\u00e7\u00f5es por min.: 7.000 &#8211; 11.000<br \/>\nTamanho da lixa : 125 mm<br \/>\nTamanho da Base : 123 mm<br \/>\nDimens\u00f5es : 175 x 123 x 153 mm<br \/>\nPeso : 1,7 kg<br \/>\nBateira : 18V<\/div>\n","protected":false},"excerpt":{"rendered":"<p>ESPECIFICA\u00c7\u00d5ES Oscila\u00e7\u00f5es por min.: 7.000 &#8211; 11.000 Tamanho da lixa : 125 mm Tamanho da Base : 123 mm Dimens\u00f5es : 175 x 123 x 153 mm Peso : 1,7 kg Bateira : 18V<\/p>\n","protected":false},"featured_media":4177,"comment_status":"open","ping_status":"closed","template":"","meta":{"inline_featured_image":false},"yoast_head":"<!-- This site is optimized with the Yoast SEO plugin v21.7 - https:\/\/yoast.com\/wordpress\/plugins\/seo\/ -->\n<title>MAKITA LIXADEIRA ROTO ORBITAL DBO 180Z - Casa do Marceneiro - Home Center<\/title>\n<meta name=\"robots\" content=\"index, follow, max-snippet:-1, max-image-preview:large, max-video-preview:-1\" \/>\n<link rel=\"canonical\" href=\"https:\/\/casadomarceneiroavare.com.br\/site\/produto\/makita-lixadeira-roto-orbital-dbo-180z\/\" \/>\n<meta property=\"og:locale\" content=\"pt_BR\" \/>\n<meta property=\"og:type\" content=\"article\" \/>\n<meta property=\"og:title\" content=\"MAKITA LIXADEIRA ROTO ORBITAL DBO 180Z - Casa do Marceneiro - Home Center\" \/>\n<meta property=\"og:description\" content=\"ESPECIFICA\u00c7\u00d5ES Oscila\u00e7\u00f5es por min.: 7.000 &#8211; 11.000 Tamanho da lixa : 125 mm Tamanho da Base : 123 mm Dimens\u00f5es : 175 x 123 x 153 mm Peso : 1,7 kg Bateira : 18V\" \/>\n<meta property=\"og:url\" content=\"https:\/\/casadomarceneiroavare.com.br\/site\/produto\/makita-lixadeira-roto-orbital-dbo-180z\/\" \/>\n<meta property=\"og:site_name\" content=\"Casa do Marceneiro - Home Center\" \/>\n<meta property=\"article:modified_time\" content=\"2019-06-17T20:30:47+00:00\" \/>\n<meta property=\"og:image\" content=\"https:\/\/casadomarceneiroavare.com.br\/site\/wp-content\/uploads\/2019\/03\/DBO-180Z-LIXADEIRA.jpg\" \/>\n\t<meta property=\"og:image:width\" content=\"700\" \/>\n\t<meta property=\"og:image:height\" content=\"438\" \/>\n\t<meta property=\"og:image:type\" content=\"image\/jpeg\" \/>\n<meta name=\"twitter:card\" content=\"summary_large_image\" \/>\n<script type=\"application\/ld+json\" class=\"yoast-schema-graph\">{\"@context\":\"https:\/\/schema.org\",\"@graph\":[{\"@type\":\"WebPage\",\"@id\":\"https:\/\/casadomarceneiroavare.com.br\/site\/produto\/makita-lixadeira-roto-orbital-dbo-180z\/\",\"url\":\"https:\/\/casadomarceneiroavare.com.br\/site\/produto\/makita-lixadeira-roto-orbital-dbo-180z\/\",\"name\":\"MAKITA LIXADEIRA ROTO ORBITAL DBO 180Z - Casa do Marceneiro - Home Center\",\"isPartOf\":{\"@id\":\"https:\/\/casadomarceneiroavare.com.br\/site\/#website\"},\"datePublished\":\"2019-03-08T11:57:39+00:00\",\"dateModified\":\"2019-06-17T20:30:47+00:00\",\"breadcrumb\":{\"@id\":\"https:\/\/casadomarceneiroavare.com.br\/site\/produto\/makita-lixadeira-roto-orbital-dbo-180z\/#breadcrumb\"},\"inLanguage\":\"pt-BR\",\"potentialAction\":[{\"@type\":\"ReadAction\",\"target\":[\"https:\/\/casadomarceneiroavare.com.br\/site\/produto\/makita-lixadeira-roto-orbital-dbo-180z\/\"]}]},{\"@type\":\"BreadcrumbList\",\"@id\":\"https:\/\/casadomarceneiroavare.com.br\/site\/produto\/makita-lixadeira-roto-orbital-dbo-180z\/#breadcrumb\",\"itemListElement\":[{\"@type\":\"ListItem\",\"position\":1,\"name\":\"Home\",\"item\":\"https:\/\/casadomarceneiroavare.com.br\/site\/\"},{\"@type\":\"ListItem\",\"position\":2,\"name\":\"Conhe\u00e7a nossos Produtos\",\"item\":\"https:\/\/casadomarceneiroavare.com.br\/site\/shop\/\"},{\"@type\":\"ListItem\",\"position\":3,\"name\":\"MAKITA LIXADEIRA ROTO ORBITAL DBO 180Z\"}]},{\"@type\":\"WebSite\",\"@id\":\"https:\/\/casadomarceneiroavare.com.br\/site\/#website\",\"url\":\"https:\/\/casadomarceneiroavare.com.br\/site\/\",\"name\":\"Casa do Marceneiro - Home Center\",\"description\":\"Venha Conhecer o Maior Home Center da Regi\u00e3o, a Loja pra Fam\u00edlia toda\",\"potentialAction\":[{\"@type\":\"SearchAction\",\"target\":{\"@type\":\"EntryPoint\",\"urlTemplate\":\"https:\/\/casadomarceneiroavare.com.br\/site\/?s={search_term_string}\"},\"query-input\":\"required name=search_term_string\"}],\"inLanguage\":\"pt-BR\"}]}<\/script>\n<!-- \/ Yoast SEO plugin. -->","yoast_head_json":{"title":"MAKITA LIXADEIRA ROTO ORBITAL DBO 180Z - Casa do Marceneiro - Home Center","robots":{"index":"index","follow":"follow","max-snippet":"max-snippet:-1","max-image-preview":"max-image-preview:large","max-video-preview":"max-video-preview:-1"},"canonical":"https:\/\/casadomarceneiroavare.com.br\/site\/produto\/makita-lixadeira-roto-orbital-dbo-180z\/","og_locale":"pt_BR","og_type":"article","og_title":"MAKITA LIXADEIRA ROTO ORBITAL DBO 180Z - Casa do Marceneiro - Home Center","og_description":"ESPECIFICA\u00c7\u00d5ES Oscila\u00e7\u00f5es por min.: 7.000 &#8211; 11.000 Tamanho da lixa : 125 mm Tamanho da Base : 123 mm Dimens\u00f5es : 175 x 123 x 153 mm Peso : 1,7 kg Bateira : 18V","og_url":"https:\/\/casadomarceneiroavare.com.br\/site\/produto\/makita-lixadeira-roto-orbital-dbo-180z\/","og_site_name":"Casa do Marceneiro - Home Center","article_modified_time":"2019-06-17T20:30:47+00:00","og_image":[{"width":700,"height":438,"url":"https:\/\/casadomarceneiroavare.com.br\/site\/wp-content\/uploads\/2019\/03\/DBO-180Z-LIXADEIRA.jpg","type":"image\/jpeg"}],"twitter_card":"summary_large_image","schema":{"@context":"https:\/\/schema.org","@graph":[{"@type":"WebPage","@id":"https:\/\/casadomarceneiroavare.com.br\/site\/produto\/makita-lixadeira-roto-orbital-dbo-180z\/","url":"https:\/\/casadomarceneiroavare.com.br\/site\/produto\/makita-lixadeira-roto-orbital-dbo-180z\/","name":"MAKITA LIXADEIRA ROTO ORBITAL DBO 180Z - Casa do Marceneiro - Home Center","isPartOf":{"@id":"https:\/\/casadomarceneiroavare.com.br\/site\/#website"},"datePublished":"2019-03-08T11:57:39+00:00","dateModified":"2019-06-17T20:30:47+00:00","breadcrumb":{"@id":"https:\/\/casadomarceneiroavare.com.br\/site\/produto\/makita-lixadeira-roto-orbital-dbo-180z\/#breadcrumb"},"inLanguage":"pt-BR","potentialAction":[{"@type":"ReadAction","target":["https:\/\/casadomarceneiroavare.com.br\/site\/produto\/makita-lixadeira-roto-orbital-dbo-180z\/"]}]},{"@type":"BreadcrumbList","@id":"https:\/\/casadomarceneiroavare.com.br\/site\/produto\/makita-lixadeira-roto-orbital-dbo-180z\/#breadcrumb","itemListElement":[{"@type":"ListItem","position":1,"name":"Home","item":"https:\/\/casadomarceneiroavare.com.br\/site\/"},{"@type":"ListItem","position":2,"name":"Conhe\u00e7a nossos Produtos","item":"https:\/\/casadomarceneiroavare.com.br\/site\/shop\/"},{"@type":"ListItem","position":3,"name":"MAKITA LIXADEIRA ROTO ORBITAL DBO 180Z"}]},{"@type":"WebSite","@id":"https:\/\/casadomarceneiroavare.com.br\/site\/#website","url":"https:\/\/casadomarceneiroavare.com.br\/site\/","name":"Casa do Marceneiro - Home Center","description":"Venha Conhecer o Maior Home Center da Regi\u00e3o, a Loja pra Fam\u00edlia toda","potentialAction":[{"@type":"SearchAction","target":{"@type":"EntryPoint","urlTemplate":"https:\/\/casadomarceneiroavare.com.br\/site\/?s={search_term_string}"},"query-input":"required name=search_term_string"}],"inLanguage":"pt-BR"}]}},"_links":{"self":[{"href":"https:\/\/casadomarceneiroavare.com.br\/site\/wp-json\/wp\/v2\/product\/4176"}],"collection":[{"href":"https:\/\/casadomarceneiroavare.com.br\/site\/wp-json\/wp\/v2\/product"}],"about":[{"href":"https:\/\/casadomarceneiroavare.com.br\/site\/wp-json\/wp\/v2\/types\/product"}],"replies":[{"embeddable":true,"href":"https:\/\/casadomarceneiroavare.com.br\/site\/wp-json\/wp\/v2\/comments?post=4176"}],"wp:featuredmedia":[{"embeddable":true,"href":"https:\/\/casadomarceneiroavare.com.br\/site\/wp-json\/wp\/v2\/media\/4177"}],"wp:attachment":[{"href":"https:\/\/casadomarceneiroavare.com.br\/site\/wp-json\/wp\/v2\/media?parent=4176"}],"curies":[{"name":"wp","href":"https:\/\/api.w.org\/{rel}","templated":true}]}}