{"id":4166,"date":"2019-03-07T10:29:50","date_gmt":"2019-03-07T12:29:50","guid":{"rendered":"http:\/\/www.casadomarceneiroavare.com.br\/loja\/?post_type=product&#038;p=4166"},"modified":"2019-06-17T18:40:24","modified_gmt":"2019-06-17T20:40:24","slug":"aspirador-de-po-makita-cl106fdzw-12v","status":"publish","type":"product","link":"https:\/\/casadomarceneiroavare.com.br\/site\/produto\/aspirador-de-po-makita-cl106fdzw-12v\/","title":{"rendered":"ASPIRADOR DE P\u00d3 MAKITA CL106FDZW 12V"},"content":{"rendered":"<div><\/div>\n<div><\/div>\n<div><\/div>\n<div class=\"titulos\">ESPECIFICA\u00c7\u00d5ES<\/div>\n<div class=\"textos\">Capacidade: 600ml<br \/>\nVolume de ar: 1.3m\u00b3\/min<br \/>\nPress\u00e3o de ar: 2.6Kpa (240mm H.O)<br \/>\nDimens\u00f5es(C x L x A): 999 x 100 x 150mm<br \/>\nPeso: 0.9 kg<br \/>\nBateria: 12V<\/div>\n<div><\/div>\n<div class=\"titulos\">ITENS QUE ACOMPANHAM<\/div>\n<div class=\"textos\">N\u00e3o acompanham bateria e carregador, este produto \u00e9 recomendado para quem j\u00e1 possui ferramenta a bateria 12V CXT<\/div>\n","protected":false},"excerpt":{"rendered":"<p>ESPECIFICA\u00c7\u00d5ES Capacidade: 600ml Volume de ar: 1.3m\u00b3\/min Press\u00e3o de ar: 2.6Kpa (240mm H.O) Dimens\u00f5es(C x L x A): 999 x 100 x 150mm Peso: 0.9 kg Bateria: 12V ITENS QUE ACOMPANHAM N\u00e3o acompanham bateria e carregador, este produto \u00e9 recomendado para quem j\u00e1 possui ferramenta a bateria 12V CXT<\/p>\n","protected":false},"featured_media":4167,"comment_status":"open","ping_status":"closed","template":"","meta":{"inline_featured_image":false},"yoast_head":"<!-- This site is optimized with the Yoast SEO plugin v21.7 - https:\/\/yoast.com\/wordpress\/plugins\/seo\/ -->\n<title>ASPIRADOR DE P\u00d3 MAKITA CL106FDZW 12V - Casa do Marceneiro - Home Center<\/title>\n<meta name=\"robots\" content=\"index, follow, max-snippet:-1, max-image-preview:large, max-video-preview:-1\" \/>\n<link rel=\"canonical\" href=\"https:\/\/casadomarceneiroavare.com.br\/site\/produto\/aspirador-de-po-makita-cl106fdzw-12v\/\" \/>\n<meta property=\"og:locale\" content=\"pt_BR\" \/>\n<meta property=\"og:type\" content=\"article\" \/>\n<meta property=\"og:title\" content=\"ASPIRADOR DE P\u00d3 MAKITA CL106FDZW 12V - Casa do Marceneiro - Home Center\" \/>\n<meta property=\"og:description\" content=\"ESPECIFICA\u00c7\u00d5ES Capacidade: 600ml Volume de ar: 1.3m\u00b3\/min Press\u00e3o de ar: 2.6Kpa (240mm H.O) Dimens\u00f5es(C x L x A): 999 x 100 x 150mm Peso: 0.9 kg Bateria: 12V ITENS QUE ACOMPANHAM N\u00e3o acompanham bateria e carregador, este produto \u00e9 recomendado para quem j\u00e1 possui ferramenta a bateria 12V CXT\" \/>\n<meta property=\"og:url\" content=\"https:\/\/casadomarceneiroavare.com.br\/site\/produto\/aspirador-de-po-makita-cl106fdzw-12v\/\" \/>\n<meta property=\"og:site_name\" content=\"Casa do Marceneiro - Home Center\" \/>\n<meta property=\"article:modified_time\" content=\"2019-06-17T20:40:24+00:00\" \/>\n<meta property=\"og:image\" content=\"https:\/\/casadomarceneiroavare.com.br\/site\/wp-content\/uploads\/2019\/03\/CL106FDZW.jpg\" \/>\n\t<meta property=\"og:image:width\" content=\"700\" \/>\n\t<meta property=\"og:image:height\" content=\"438\" \/>\n\t<meta property=\"og:image:type\" content=\"image\/jpeg\" \/>\n<meta name=\"twitter:card\" content=\"summary_large_image\" \/>\n<script type=\"application\/ld+json\" class=\"yoast-schema-graph\">{\"@context\":\"https:\/\/schema.org\",\"@graph\":[{\"@type\":\"WebPage\",\"@id\":\"https:\/\/casadomarceneiroavare.com.br\/site\/produto\/aspirador-de-po-makita-cl106fdzw-12v\/\",\"url\":\"https:\/\/casadomarceneiroavare.com.br\/site\/produto\/aspirador-de-po-makita-cl106fdzw-12v\/\",\"name\":\"ASPIRADOR DE P\u00d3 MAKITA CL106FDZW 12V - Casa do Marceneiro - Home Center\",\"isPartOf\":{\"@id\":\"https:\/\/casadomarceneiroavare.com.br\/site\/#website\"},\"datePublished\":\"2019-03-07T12:29:50+00:00\",\"dateModified\":\"2019-06-17T20:40:24+00:00\",\"breadcrumb\":{\"@id\":\"https:\/\/casadomarceneiroavare.com.br\/site\/produto\/aspirador-de-po-makita-cl106fdzw-12v\/#breadcrumb\"},\"inLanguage\":\"pt-BR\",\"potentialAction\":[{\"@type\":\"ReadAction\",\"target\":[\"https:\/\/casadomarceneiroavare.com.br\/site\/produto\/aspirador-de-po-makita-cl106fdzw-12v\/\"]}]},{\"@type\":\"BreadcrumbList\",\"@id\":\"https:\/\/casadomarceneiroavare.com.br\/site\/produto\/aspirador-de-po-makita-cl106fdzw-12v\/#breadcrumb\",\"itemListElement\":[{\"@type\":\"ListItem\",\"position\":1,\"name\":\"Home\",\"item\":\"https:\/\/casadomarceneiroavare.com.br\/site\/\"},{\"@type\":\"ListItem\",\"position\":2,\"name\":\"Conhe\u00e7a nossos Produtos\",\"item\":\"https:\/\/casadomarceneiroavare.com.br\/site\/shop\/\"},{\"@type\":\"ListItem\",\"position\":3,\"name\":\"ASPIRADOR DE P\u00d3 MAKITA CL106FDZW 12V\"}]},{\"@type\":\"WebSite\",\"@id\":\"https:\/\/casadomarceneiroavare.com.br\/site\/#website\",\"url\":\"https:\/\/casadomarceneiroavare.com.br\/site\/\",\"name\":\"Casa do Marceneiro - Home Center\",\"description\":\"Venha Conhecer o Maior Home Center da Regi\u00e3o, a Loja pra Fam\u00edlia toda\",\"potentialAction\":[{\"@type\":\"SearchAction\",\"target\":{\"@type\":\"EntryPoint\",\"urlTemplate\":\"https:\/\/casadomarceneiroavare.com.br\/site\/?s={search_term_string}\"},\"query-input\":\"required name=search_term_string\"}],\"inLanguage\":\"pt-BR\"}]}<\/script>\n<!-- \/ Yoast SEO plugin. -->","yoast_head_json":{"title":"ASPIRADOR DE P\u00d3 MAKITA CL106FDZW 12V - Casa do Marceneiro - Home Center","robots":{"index":"index","follow":"follow","max-snippet":"max-snippet:-1","max-image-preview":"max-image-preview:large","max-video-preview":"max-video-preview:-1"},"canonical":"https:\/\/casadomarceneiroavare.com.br\/site\/produto\/aspirador-de-po-makita-cl106fdzw-12v\/","og_locale":"pt_BR","og_type":"article","og_title":"ASPIRADOR DE P\u00d3 MAKITA CL106FDZW 12V - Casa do Marceneiro - Home Center","og_description":"ESPECIFICA\u00c7\u00d5ES Capacidade: 600ml Volume de ar: 1.3m\u00b3\/min Press\u00e3o de ar: 2.6Kpa (240mm H.O) Dimens\u00f5es(C x L x A): 999 x 100 x 150mm Peso: 0.9 kg Bateria: 12V ITENS QUE ACOMPANHAM N\u00e3o acompanham bateria e carregador, este produto \u00e9 recomendado para quem j\u00e1 possui ferramenta a bateria 12V CXT","og_url":"https:\/\/casadomarceneiroavare.com.br\/site\/produto\/aspirador-de-po-makita-cl106fdzw-12v\/","og_site_name":"Casa do Marceneiro - Home Center","article_modified_time":"2019-06-17T20:40:24+00:00","og_image":[{"width":700,"height":438,"url":"https:\/\/casadomarceneiroavare.com.br\/site\/wp-content\/uploads\/2019\/03\/CL106FDZW.jpg","type":"image\/jpeg"}],"twitter_card":"summary_large_image","schema":{"@context":"https:\/\/schema.org","@graph":[{"@type":"WebPage","@id":"https:\/\/casadomarceneiroavare.com.br\/site\/produto\/aspirador-de-po-makita-cl106fdzw-12v\/","url":"https:\/\/casadomarceneiroavare.com.br\/site\/produto\/aspirador-de-po-makita-cl106fdzw-12v\/","name":"ASPIRADOR DE P\u00d3 MAKITA CL106FDZW 12V - Casa do Marceneiro - Home Center","isPartOf":{"@id":"https:\/\/casadomarceneiroavare.com.br\/site\/#website"},"datePublished":"2019-03-07T12:29:50+00:00","dateModified":"2019-06-17T20:40:24+00:00","breadcrumb":{"@id":"https:\/\/casadomarceneiroavare.com.br\/site\/produto\/aspirador-de-po-makita-cl106fdzw-12v\/#breadcrumb"},"inLanguage":"pt-BR","potentialAction":[{"@type":"ReadAction","target":["https:\/\/casadomarceneiroavare.com.br\/site\/produto\/aspirador-de-po-makita-cl106fdzw-12v\/"]}]},{"@type":"BreadcrumbList","@id":"https:\/\/casadomarceneiroavare.com.br\/site\/produto\/aspirador-de-po-makita-cl106fdzw-12v\/#breadcrumb","itemListElement":[{"@type":"ListItem","position":1,"name":"Home","item":"https:\/\/casadomarceneiroavare.com.br\/site\/"},{"@type":"ListItem","position":2,"name":"Conhe\u00e7a nossos Produtos","item":"https:\/\/casadomarceneiroavare.com.br\/site\/shop\/"},{"@type":"ListItem","position":3,"name":"ASPIRADOR DE P\u00d3 MAKITA CL106FDZW 12V"}]},{"@type":"WebSite","@id":"https:\/\/casadomarceneiroavare.com.br\/site\/#website","url":"https:\/\/casadomarceneiroavare.com.br\/site\/","name":"Casa do Marceneiro - Home Center","description":"Venha Conhecer o Maior Home Center da Regi\u00e3o, a Loja pra Fam\u00edlia toda","potentialAction":[{"@type":"SearchAction","target":{"@type":"EntryPoint","urlTemplate":"https:\/\/casadomarceneiroavare.com.br\/site\/?s={search_term_string}"},"query-input":"required name=search_term_string"}],"inLanguage":"pt-BR"}]}},"_links":{"self":[{"href":"https:\/\/casadomarceneiroavare.com.br\/site\/wp-json\/wp\/v2\/product\/4166"}],"collection":[{"href":"https:\/\/casadomarceneiroavare.com.br\/site\/wp-json\/wp\/v2\/product"}],"about":[{"href":"https:\/\/casadomarceneiroavare.com.br\/site\/wp-json\/wp\/v2\/types\/product"}],"replies":[{"embeddable":true,"href":"https:\/\/casadomarceneiroavare.com.br\/site\/wp-json\/wp\/v2\/comments?post=4166"}],"wp:featuredmedia":[{"embeddable":true,"href":"https:\/\/casadomarceneiroavare.com.br\/site\/wp-json\/wp\/v2\/media\/4167"}],"wp:attachment":[{"href":"https:\/\/casadomarceneiroavare.com.br\/site\/wp-json\/wp\/v2\/media?parent=4166"}],"curies":[{"name":"wp","href":"https:\/\/api.w.org\/{rel}","templated":true}]}}