{"id":4153,"date":"2019-03-04T15:48:12","date_gmt":"2019-03-04T17:48:12","guid":{"rendered":"http:\/\/www.casadomarceneiroavare.com.br\/loja\/?post_type=product&#038;p=4153"},"modified":"2019-07-11T18:26:04","modified_gmt":"2019-07-11T20:26:04","slug":"hafele-rodizio-silicone-transp-50-mm-c-freio","status":"publish","type":"product","link":"https:\/\/casadomarceneiroavare.com.br\/site\/produto\/hafele-rodizio-silicone-transp-50-mm-c-freio\/","title":{"rendered":"RODIZIO SILICONE FGV-TN"},"content":{"rendered":"<div><strong>Descri\u00e7\u00e3o:\u00a0<\/strong>Rod\u00edzio de gel para m\u00f3veis Planejados .<\/div>\n<div><strong>Material:\u00a0<\/strong>Poliuretano e a\u00e7o<\/div>\n<div><strong>Cor:<\/strong>\u00a0Incolor<\/div>\n<div><strong>Acabamento:\u00a0<\/strong>Cromado, op\u00e7\u00e3o com freio e sem freio<\/div>\n<div><strong>Di\u00e2metro:<\/strong>\u00a035 \/ 50 \/ 75 \/ 100 mm<\/div>\n<div><strong>Fixa\u00e7\u00e3o:\u00a0<\/strong>Base com 4 parafusos<\/div>\n","protected":false},"excerpt":{"rendered":"<p>Descri\u00e7\u00e3o:\u00a0Rod\u00edzio de gel para m\u00f3veis Planejados . Material:\u00a0Poliuretano e a\u00e7o Cor:\u00a0Incolor Acabamento:\u00a0Cromado, op\u00e7\u00e3o com freio e sem freio Di\u00e2metro:\u00a035 \/ 50 \/ 75 \/ 100 mm Fixa\u00e7\u00e3o:\u00a0Base com 4 parafusos<\/p>\n","protected":false},"featured_media":4661,"comment_status":"open","ping_status":"closed","template":"","meta":{"inline_featured_image":false},"yoast_head":"<!-- This site is optimized with the Yoast SEO plugin v21.7 - https:\/\/yoast.com\/wordpress\/plugins\/seo\/ -->\n<title>RODIZIO SILICONE FGV-TN - Casa do Marceneiro - Home Center<\/title>\n<meta name=\"robots\" content=\"index, follow, max-snippet:-1, max-image-preview:large, max-video-preview:-1\" \/>\n<link rel=\"canonical\" href=\"https:\/\/casadomarceneiroavare.com.br\/site\/produto\/hafele-rodizio-silicone-transp-50-mm-c-freio\/\" \/>\n<meta property=\"og:locale\" content=\"pt_BR\" \/>\n<meta property=\"og:type\" content=\"article\" \/>\n<meta property=\"og:title\" content=\"RODIZIO SILICONE FGV-TN - Casa do Marceneiro - Home Center\" \/>\n<meta property=\"og:description\" content=\"Descri\u00e7\u00e3o:\u00a0Rod\u00edzio de gel para m\u00f3veis Planejados . Material:\u00a0Poliuretano e a\u00e7o Cor:\u00a0Incolor Acabamento:\u00a0Cromado, op\u00e7\u00e3o com freio e sem freio Di\u00e2metro:\u00a035 \/ 50 \/ 75 \/ 100 mm Fixa\u00e7\u00e3o:\u00a0Base com 4 parafusos\" \/>\n<meta property=\"og:url\" content=\"https:\/\/casadomarceneiroavare.com.br\/site\/produto\/hafele-rodizio-silicone-transp-50-mm-c-freio\/\" \/>\n<meta property=\"og:site_name\" content=\"Casa do Marceneiro - Home Center\" \/>\n<meta property=\"article:modified_time\" content=\"2019-07-11T20:26:04+00:00\" \/>\n<meta property=\"og:image\" content=\"https:\/\/casadomarceneiroavare.com.br\/site\/wp-content\/uploads\/2019\/03\/RODIZIO-SILICONE-TN.jpg\" \/>\n\t<meta property=\"og:image:width\" content=\"537\" \/>\n\t<meta property=\"og:image:height\" content=\"537\" \/>\n\t<meta property=\"og:image:type\" content=\"image\/jpeg\" \/>\n<meta name=\"twitter:card\" content=\"summary_large_image\" \/>\n<script type=\"application\/ld+json\" class=\"yoast-schema-graph\">{\"@context\":\"https:\/\/schema.org\",\"@graph\":[{\"@type\":\"WebPage\",\"@id\":\"https:\/\/casadomarceneiroavare.com.br\/site\/produto\/hafele-rodizio-silicone-transp-50-mm-c-freio\/\",\"url\":\"https:\/\/casadomarceneiroavare.com.br\/site\/produto\/hafele-rodizio-silicone-transp-50-mm-c-freio\/\",\"name\":\"RODIZIO SILICONE FGV-TN - Casa do Marceneiro - Home Center\",\"isPartOf\":{\"@id\":\"https:\/\/casadomarceneiroavare.com.br\/site\/#website\"},\"datePublished\":\"2019-03-04T17:48:12+00:00\",\"dateModified\":\"2019-07-11T20:26:04+00:00\",\"breadcrumb\":{\"@id\":\"https:\/\/casadomarceneiroavare.com.br\/site\/produto\/hafele-rodizio-silicone-transp-50-mm-c-freio\/#breadcrumb\"},\"inLanguage\":\"pt-BR\",\"potentialAction\":[{\"@type\":\"ReadAction\",\"target\":[\"https:\/\/casadomarceneiroavare.com.br\/site\/produto\/hafele-rodizio-silicone-transp-50-mm-c-freio\/\"]}]},{\"@type\":\"BreadcrumbList\",\"@id\":\"https:\/\/casadomarceneiroavare.com.br\/site\/produto\/hafele-rodizio-silicone-transp-50-mm-c-freio\/#breadcrumb\",\"itemListElement\":[{\"@type\":\"ListItem\",\"position\":1,\"name\":\"Home\",\"item\":\"https:\/\/casadomarceneiroavare.com.br\/site\/\"},{\"@type\":\"ListItem\",\"position\":2,\"name\":\"Conhe\u00e7a nossos Produtos\",\"item\":\"https:\/\/casadomarceneiroavare.com.br\/site\/shop\/\"},{\"@type\":\"ListItem\",\"position\":3,\"name\":\"RODIZIO SILICONE FGV-TN\"}]},{\"@type\":\"WebSite\",\"@id\":\"https:\/\/casadomarceneiroavare.com.br\/site\/#website\",\"url\":\"https:\/\/casadomarceneiroavare.com.br\/site\/\",\"name\":\"Casa do Marceneiro - Home Center\",\"description\":\"Venha Conhecer o Maior Home Center da Regi\u00e3o, a Loja pra Fam\u00edlia toda\",\"potentialAction\":[{\"@type\":\"SearchAction\",\"target\":{\"@type\":\"EntryPoint\",\"urlTemplate\":\"https:\/\/casadomarceneiroavare.com.br\/site\/?s={search_term_string}\"},\"query-input\":\"required name=search_term_string\"}],\"inLanguage\":\"pt-BR\"}]}<\/script>\n<!-- \/ Yoast SEO plugin. -->","yoast_head_json":{"title":"RODIZIO SILICONE FGV-TN - Casa do Marceneiro - Home Center","robots":{"index":"index","follow":"follow","max-snippet":"max-snippet:-1","max-image-preview":"max-image-preview:large","max-video-preview":"max-video-preview:-1"},"canonical":"https:\/\/casadomarceneiroavare.com.br\/site\/produto\/hafele-rodizio-silicone-transp-50-mm-c-freio\/","og_locale":"pt_BR","og_type":"article","og_title":"RODIZIO SILICONE FGV-TN - Casa do Marceneiro - Home Center","og_description":"Descri\u00e7\u00e3o:\u00a0Rod\u00edzio de gel para m\u00f3veis Planejados . Material:\u00a0Poliuretano e a\u00e7o Cor:\u00a0Incolor Acabamento:\u00a0Cromado, op\u00e7\u00e3o com freio e sem freio Di\u00e2metro:\u00a035 \/ 50 \/ 75 \/ 100 mm Fixa\u00e7\u00e3o:\u00a0Base com 4 parafusos","og_url":"https:\/\/casadomarceneiroavare.com.br\/site\/produto\/hafele-rodizio-silicone-transp-50-mm-c-freio\/","og_site_name":"Casa do Marceneiro - Home Center","article_modified_time":"2019-07-11T20:26:04+00:00","og_image":[{"width":537,"height":537,"url":"https:\/\/casadomarceneiroavare.com.br\/site\/wp-content\/uploads\/2019\/03\/RODIZIO-SILICONE-TN.jpg","type":"image\/jpeg"}],"twitter_card":"summary_large_image","schema":{"@context":"https:\/\/schema.org","@graph":[{"@type":"WebPage","@id":"https:\/\/casadomarceneiroavare.com.br\/site\/produto\/hafele-rodizio-silicone-transp-50-mm-c-freio\/","url":"https:\/\/casadomarceneiroavare.com.br\/site\/produto\/hafele-rodizio-silicone-transp-50-mm-c-freio\/","name":"RODIZIO SILICONE FGV-TN - Casa do Marceneiro - Home Center","isPartOf":{"@id":"https:\/\/casadomarceneiroavare.com.br\/site\/#website"},"datePublished":"2019-03-04T17:48:12+00:00","dateModified":"2019-07-11T20:26:04+00:00","breadcrumb":{"@id":"https:\/\/casadomarceneiroavare.com.br\/site\/produto\/hafele-rodizio-silicone-transp-50-mm-c-freio\/#breadcrumb"},"inLanguage":"pt-BR","potentialAction":[{"@type":"ReadAction","target":["https:\/\/casadomarceneiroavare.com.br\/site\/produto\/hafele-rodizio-silicone-transp-50-mm-c-freio\/"]}]},{"@type":"BreadcrumbList","@id":"https:\/\/casadomarceneiroavare.com.br\/site\/produto\/hafele-rodizio-silicone-transp-50-mm-c-freio\/#breadcrumb","itemListElement":[{"@type":"ListItem","position":1,"name":"Home","item":"https:\/\/casadomarceneiroavare.com.br\/site\/"},{"@type":"ListItem","position":2,"name":"Conhe\u00e7a nossos Produtos","item":"https:\/\/casadomarceneiroavare.com.br\/site\/shop\/"},{"@type":"ListItem","position":3,"name":"RODIZIO SILICONE FGV-TN"}]},{"@type":"WebSite","@id":"https:\/\/casadomarceneiroavare.com.br\/site\/#website","url":"https:\/\/casadomarceneiroavare.com.br\/site\/","name":"Casa do Marceneiro - Home Center","description":"Venha Conhecer o Maior Home Center da Regi\u00e3o, a Loja pra Fam\u00edlia toda","potentialAction":[{"@type":"SearchAction","target":{"@type":"EntryPoint","urlTemplate":"https:\/\/casadomarceneiroavare.com.br\/site\/?s={search_term_string}"},"query-input":"required name=search_term_string"}],"inLanguage":"pt-BR"}]}},"_links":{"self":[{"href":"https:\/\/casadomarceneiroavare.com.br\/site\/wp-json\/wp\/v2\/product\/4153"}],"collection":[{"href":"https:\/\/casadomarceneiroavare.com.br\/site\/wp-json\/wp\/v2\/product"}],"about":[{"href":"https:\/\/casadomarceneiroavare.com.br\/site\/wp-json\/wp\/v2\/types\/product"}],"replies":[{"embeddable":true,"href":"https:\/\/casadomarceneiroavare.com.br\/site\/wp-json\/wp\/v2\/comments?post=4153"}],"wp:featuredmedia":[{"embeddable":true,"href":"https:\/\/casadomarceneiroavare.com.br\/site\/wp-json\/wp\/v2\/media\/4661"}],"wp:attachment":[{"href":"https:\/\/casadomarceneiroavare.com.br\/site\/wp-json\/wp\/v2\/media?parent=4153"}],"curies":[{"name":"wp","href":"https:\/\/api.w.org\/{rel}","templated":true}]}}